{"id":735,"date":"2016-09-22T19:03:02","date_gmt":"2016-09-22T17:03:02","guid":{"rendered":"http:\/\/osfm-sport.splet.arnes.si\/?page_id=735"},"modified":"2025-09-23T12:30:58","modified_gmt":"2025-09-23T10:30:58","slug":"solsko-prvenstvo-v-krosu","status":"publish","type":"page","link":"https:\/\/sport.fmalgaja.si\/?page_id=735","title":{"rendered":"\u0160olsko prvenstvo v krosu"},"content":{"rendered":"<p><span style=\"color: #ff6600\">2025\/2026<\/span>: <a href=\"https:\/\/sport.fmalgaja.si\/files\/2025\/09\/1-BILTEN-rezultati-solsko-prv-KROS-25-26.pdf\">1-BILTEN-rezultati-solsko-prv-KROS-25-26<\/a><\/p>\n<p><span style=\"color: #ff0000\">2024\/2025<\/span>; <a href=\"https:\/\/sport.fmalgaja.si\/files\/2025\/05\/4-5-M-startna-rezultati.xlsx\">4-5-M-\u0161tartna-rezultati<\/a> <a href=\"https:\/\/sport.fmalgaja.si\/files\/2025\/05\/4-5-Z-startna-rezultati.xlsx\">4-5-\u017d-\u0161tartna-rezultati<\/a> <a href=\"https:\/\/sport.fmalgaja.si\/files\/2025\/05\/6-7-Moski-startna-rezultai.xlsx\">6-7-Mo\u0161ki-\u0161tartna-rezultai<\/a> <a href=\"https:\/\/sport.fmalgaja.si\/files\/2025\/05\/6-7-Z-startna-rezultai.xlsx\">6-7-\u017d-\u0161tartna-rezultai<\/a> <a href=\"https:\/\/sport.fmalgaja.si\/files\/2025\/05\/8-9-M-startna-rezultai.xlsx\">8-9-M-\u0161tartna-rezultai<\/a> <a href=\"https:\/\/sport.fmalgaja.si\/files\/2025\/05\/8-9-Z-startna-rezultai.xlsx\">8-9-\u017d-\u0161tartna-rezultai<\/a><\/p>\n<p><span style=\"color: #ff0000\">2023\/2024<\/span>; <a href=\"https:\/\/sport.fmalgaja.si\/files\/2025\/05\/8-9-Z-startna-rezultati.xlsx\">8-9-Z-startna-rezultati<\/a> <a href=\"https:\/\/sport.fmalgaja.si\/files\/2025\/05\/8-9-M-startna-rezultati.xlsx\">8-9-M-\u0161tartna-rezultati<\/a> <a href=\"https:\/\/sport.fmalgaja.si\/files\/2025\/05\/6-7-Z-startna-rezultati.xlsx\">6-7-\u017d-\u0161tartna-rezultati<\/a> <a href=\"https:\/\/sport.fmalgaja.si\/files\/2025\/05\/6-7-M-startna-rezultati.xlsx\">6-7-M-\u0161tartna-rezultati<\/a> <a href=\"https:\/\/sport.fmalgaja.si\/files\/2025\/05\/4-5-Z-startna-rezultati-1.xlsx\">4-5-\u017d-\u0161tartna-rezultati<\/a> <a href=\"https:\/\/sport.fmalgaja.si\/files\/2025\/05\/4-5-M-startna-rezultati-1.xlsx\">4-5-M-\u0161tartna-rezultati<\/a><\/p>\n<p><span style=\"color: #ff0000\">2022\/2023<\/span>; Ni bilo izvedeno zaradi gradnje v \u0161portnem parku<\/p>\n<p><span style=\"color: #ff0000\">2021\/2022<\/span>; Ni bilo izvedeno zaradi epidemije<\/p>\n<p><span style=\"color: #ff0000\">2020\/2021<\/span>; Ni bilo izvedeno zaradi epidemije<\/p>\n<p><span style=\"color: #ff0000\">2019\/2020; <\/span>\u0160entjur, 16. 9. 2019 &#8211; REZULTATI<\/p>\n<p><a href=\"http:\/\/osfm-sport.splet.arnes.si\/files\/2016\/09\/4M-rez.pdf\">4M-rez<\/a><br \/>\n<a href=\"http:\/\/osfm-sport.splet.arnes.si\/files\/2016\/09\/4\u017d-rez.pdf\">4\u017d-rez<\/a><br \/>\n<a href=\"http:\/\/osfm-sport.splet.arnes.si\/files\/2016\/09\/5\u017d-rez.pdf\">5\u017d-rez<\/a><br \/>\n<a href=\"http:\/\/osfm-sport.splet.arnes.si\/files\/2016\/09\/5M-rez.pdf\">5M-rez<br \/>\n<\/a><a href=\"http:\/\/osfm-sport.splet.arnes.si\/files\/2016\/09\/6M-rez.pdf\">6M-rez<br \/>\n<\/a><a href=\"http:\/\/osfm-sport.splet.arnes.si\/files\/2016\/09\/6\u017d-rez.pdf\">6\u017d-rez<br \/>\n<\/a><a href=\"http:\/\/osfm-sport.splet.arnes.si\/files\/2016\/09\/7\u017d-rez.pdf\">7\u017d-rez<br \/>\n<\/a><a href=\"http:\/\/osfm-sport.splet.arnes.si\/files\/2016\/09\/7M-rez.pdf\">7M-rez<br \/>\n<\/a><a href=\"http:\/\/osfm-sport.splet.arnes.si\/files\/2016\/09\/8\u017d-rez.pdf\">8\u017d-rez<br \/>\n<\/a><a href=\"http:\/\/osfm-sport.splet.arnes.si\/files\/2016\/09\/8M-rez.pdf\">8M-rez<br \/>\n<\/a><a href=\"http:\/\/osfm-sport.splet.arnes.si\/files\/2016\/09\/9\u017d-rez.pdf\">9\u017d-rez<br \/>\n<\/a><a href=\"http:\/\/osfm-sport.splet.arnes.si\/files\/2016\/09\/9M-rez.pdf\">9M-rez<\/a><\/p>\n<p>&nbsp;<\/p>\n<p>&nbsp;<\/p>\n<p><span style=\"color: #ff0000\">2018\/2019; <\/span>\u0160entjur, 22. 9. 2018 &#8211; REZULTATI<\/p>\n<p><a href=\"http:\/\/osfm-sport.splet.arnes.si\/files\/2016\/09\/rezultati-4-9-raz-solsko-kros-18-19.pdf\">rezultati-4-9-raz-solsko-kros-18-19<\/a><\/p>\n<p>&nbsp;<\/p>\n<p><span style=\"color: #ff0000\">2017\/2018; <\/span>\u0160entjur, 28. 9. 2017 &#8211; REZULTATI<\/p>\n<p><a href=\"http:\/\/osfm-sport.splet.arnes.si\/files\/2016\/09\/4M-kros-solsko-17-18.pdf\">4M-kros-solsko-17-18<\/a><br \/>\n<a href=\"http:\/\/osfm-sport.splet.arnes.si\/files\/2016\/09\/4Z-kros-solsko-17-18.pdf\">4Z-kros-solsko-17-18<\/a><br \/>\n<a href=\"http:\/\/osfm-sport.splet.arnes.si\/files\/2016\/09\/5M-kros-solsko-17-18.pdf\">5M-kros-solsko-17-18<\/a><br \/>\n<a href=\"http:\/\/osfm-sport.splet.arnes.si\/files\/2016\/09\/5Z-kros-solsko-17-18.pdf\">5Z-kros-solsko-17-18<\/a><br \/>\n<a href=\"http:\/\/osfm-sport.splet.arnes.si\/files\/2016\/09\/6M-kros-solsko-17-18.pdf\">6M-kros-solsko-17-18<\/a><br \/>\n<a href=\"http:\/\/osfm-sport.splet.arnes.si\/files\/2016\/09\/6Z-kros-solsko-17-18.pdf\">6Z-kros-solsko-17-18<\/a><br \/>\n<a href=\"http:\/\/osfm-sport.splet.arnes.si\/files\/2016\/09\/7M-kros-solsko-17-18.pdf\">7M-kros-solsko-17-18<\/a><br \/>\n<a href=\"http:\/\/osfm-sport.splet.arnes.si\/files\/2016\/09\/7Z-kros-solsko-17-18.pdf\">7Z-kros-solsko-17-18<\/a><br \/>\n<a href=\"http:\/\/osfm-sport.splet.arnes.si\/files\/2016\/09\/8M-kros-solsko-17-18.pdf\">8M-kros-solsko-17-18<\/a><br \/>\n<a href=\"http:\/\/osfm-sport.splet.arnes.si\/files\/2016\/09\/8Z-kros-solsko-17-18.pdf\">8Z-kros-solsko-17-18<\/a><br \/>\n<a href=\"http:\/\/osfm-sport.splet.arnes.si\/files\/2016\/09\/9M-kros-solsko-17-18.pdf\">9M-kros-solsko-17-18<\/a><br \/>\n<a href=\"http:\/\/osfm-sport.splet.arnes.si\/files\/2016\/09\/9Z-kros-solsko-17-18.pdf\">9Z-kros-solsko-17-18<\/a><\/p>\nngg_shortcode_0_placeholder\n<p><span style=\"color: #ff0000\">2016\/2017;<\/span> &nbsp;\u0160entjur, 22. 9. 2016 &#8211; Na prvi jesenski dan smo izvedli tradicionalni \u0161olski praznik teka v naravi. Od 4. do 9. razreda so se de\u010dki in deklice pomerile v krosu na 1000m, najbolj\u0161i posamezniki so prejeli zaslu\u017eene diplome, medtem ko se&nbsp;je prvih pet v vsaki kategoriji uvrstilo v \u0161olsko reprezentanco, ki b o nastopilo na ob\u010dinskem prvenstvu v krosu.<\/p>\n<p>Letos so razredi prvi\u010d tekmovali tudi v ekipni konkurenci, lepo in ne preve\u010d vro\u010de vreme pa je \u0161e dodatno obogatilo lep teka\u0161ki dan.<\/p>\n<p><a href=\"http:\/\/osfm-sport.splet.arnes.si\/files\/2016\/09\/4-M-rezultati-posamezno.pdf\">4-M-rezultati-posamezno<\/a><br \/>\n<a href=\"http:\/\/osfm-sport.splet.arnes.si\/files\/2016\/09\/4-\u017d-rezultati-posamezno.pdf\">4-\u017d-rezultati-posamezno<\/a><br \/>\n<a href=\"http:\/\/osfm-sport.splet.arnes.si\/files\/2016\/09\/5-M-rezultati-posamezno.pdf\">5-M-rezultati-posamezno<\/a><br \/>\n<a href=\"http:\/\/osfm-sport.splet.arnes.si\/files\/2016\/09\/5-\u017d-rezultati-posamezno.pdf\">5-\u017d-rezultati-posamezno<\/a><br \/>\n<a href=\"http:\/\/osfm-sport.splet.arnes.si\/files\/2016\/09\/6-M-rezultati-posamezno.pdf\">6-M-rezultati-posamezno<\/a><br \/>\n<a href=\"http:\/\/osfm-sport.splet.arnes.si\/files\/2016\/09\/6-\u017d-rezultati-posamezno.pdf\">6-\u017d-rezultati-posamezno<\/a><br \/>\n<a href=\"http:\/\/osfm-sport.splet.arnes.si\/files\/2016\/09\/7-M-rezultati-posamezno.pdf\">7-M-rezultati-posamezno<\/a><br \/>\n<a href=\"http:\/\/osfm-sport.splet.arnes.si\/files\/2016\/09\/7-\u017d-rezultati-posamezno.pdf\">7-\u017d-rezultati-posamezno<\/a><br \/>\n<a href=\"http:\/\/osfm-sport.splet.arnes.si\/files\/2016\/09\/8-M-rezultati-posamezno.pdf\">8-M-rezultati-posamezno<\/a><br \/>\n<a href=\"http:\/\/osfm-sport.splet.arnes.si\/files\/2016\/09\/8-\u017d-rezultati-posamezno.pdf\">8-\u017d-rezultati-posamezno<\/a><br \/>\n<a href=\"http:\/\/osfm-sport.splet.arnes.si\/files\/2016\/09\/9-M-rezultati-posamezno.pdf\">9-M-rezultati-posamezno<\/a><br \/>\n<a href=\"http:\/\/osfm-sport.splet.arnes.si\/files\/2016\/09\/9-\u017d-rezultati-posamezno.pdf\">9-\u017d-rezultati-posamezno<\/a><br \/>\n<a href=\"http:\/\/osfm-sport.splet.arnes.si\/files\/2016\/09\/EKIPNO.pdf\">EKIPNO<\/a><\/p>\nngg_shortcode_1_placeholder\n<p>&nbsp;<\/p>\n<p>&nbsp;<\/p>\n<p>&nbsp;<\/p>\n","protected":false},"excerpt":{"rendered":"<p>2025\/2026: 1-BILTEN-rezultati-solsko-prv-KROS-25-26 2024\/2025; 4-5-M-\u0161tartna-rezultati 4-5-\u017d-\u0161tartna-rezultati 6-7-Mo\u0161ki-\u0161tartna-rezultai 6-7-\u017d-\u0161tartna-rezultai 8-9-M-\u0161tartna-rezultai 8-9-\u017d-\u0161tartna-rezultai 2023\/2024; 8-9-Z-startna-rezultati 8-9-M-\u0161tartna-rezultati 6-7-\u017d-\u0161tartna-rezultati 6-7-M-\u0161tartna-rezultati 4-5-\u017d-\u0161tartna-rezultati 4-5-M-\u0161tartna-rezultati 2022\/2023; Ni bilo izvedeno zaradi gradnje v \u0161portnem parku 2021\/2022; Ni bilo izvedeno zaradi epidemije 2020\/2021; Ni bilo izvedeno zaradi epidemije 2019\/2020; \u0160entjur, 16. 9. 2019 &#8211; REZULTATI 4M-rez 4\u017d-rez 5\u017d-rez 5M-rez 6M-rez 6\u017d-rez 7\u017d-rez 7M-rez 8\u017d-rez 8M-rez 9\u017d-rez [&hellip;]<\/p>\n","protected":false},"author":5967,"featured_media":0,"parent":0,"menu_order":0,"comment_status":"closed","ping_status":"closed","template":"","meta":{"_et_pb_use_builder":"","_et_pb_old_content":"","_et_gb_content_width":"","ngg_post_thumbnail":0,"footnotes":""},"class_list":["post-735","page","type-page","status-publish","hentry"],"publishpress_future_action":{"enabled":false,"date":"2026-05-24 01:02:35","action":"change-status","newStatus":"draft","terms":[],"taxonomy":"","extraData":[]},"publishpress_future_workflow_manual_trigger":{"enabledWorkflows":[]},"_links":{"self":[{"href":"https:\/\/sport.fmalgaja.si\/index.php?rest_route=\/wp\/v2\/pages\/735","targetHints":{"allow":["GET"]}}],"collection":[{"href":"https:\/\/sport.fmalgaja.si\/index.php?rest_route=\/wp\/v2\/pages"}],"about":[{"href":"https:\/\/sport.fmalgaja.si\/index.php?rest_route=\/wp\/v2\/types\/page"}],"author":[{"embeddable":true,"href":"https:\/\/sport.fmalgaja.si\/index.php?rest_route=\/wp\/v2\/users\/5967"}],"replies":[{"embeddable":true,"href":"https:\/\/sport.fmalgaja.si\/index.php?rest_route=%2Fwp%2Fv2%2Fcomments&post=735"}],"version-history":[{"count":15,"href":"https:\/\/sport.fmalgaja.si\/index.php?rest_route=\/wp\/v2\/pages\/735\/revisions"}],"predecessor-version":[{"id":738,"href":"https:\/\/sport.fmalgaja.si\/index.php?rest_route=\/wp\/v2\/pages\/735\/revisions\/738"}],"wp:attachment":[{"href":"https:\/\/sport.fmalgaja.si\/index.php?rest_route=%2Fwp%2Fv2%2Fmedia&parent=735"}],"curies":[{"name":"wp","href":"https:\/\/api.w.org\/{rel}","templated":true}]}}