{"id":717,"date":"2016-09-03T21:14:39","date_gmt":"2016-09-03T19:14:39","guid":{"rendered":"http:\/\/osfm-sport.splet.arnes.si\/?page_id=717"},"modified":"2017-08-28T16:42:29","modified_gmt":"2017-08-28T14:42:29","slug":"uspehi-sol-leto-2016-2017","status":"publish","type":"page","link":"https:\/\/sport.fmalgaja.si\/?page_id=717","title":{"rendered":"Uspehi \u0161ol. leto 2016 &#8211; 2017"},"content":{"rendered":"<p><span style=\"color: #0000ff;text-decoration: underline\">Dr\u017eavno prvenstvo v PLESU &#8211; \u0160olski plesni festival &#8211;\u00a0Polhov Gradec, 1. 6. 2017<br \/>\n<\/span><\/p>\n<ul>\n<li>3. mesto:\n<ul>\n<li>Maja Kova\u010di\u0107, deklice solo plesi\u00a0posamezno<\/li>\n<\/ul>\n<\/li>\n<li>5. mesto:\n<ul>\n<li>\u00a0O\u0160 FM \u0160entjur EKIPNO\u00a0(Kova\u010di\u0107 Maja, Artnak Ne\u017ea, Tarasova Aleksandra, Margu\u010d Ma\u0161a, Rossi Taja, Palir Mavri\u010d Sara)<\/li>\n<\/ul>\n<\/li>\n<\/ul>\n<p>&nbsp;<\/p>\n<p><strong><span style=\"color: #0000ff;text-decoration: underline\">Finale dr\u017eavnega prvenstva v atletiki za Veliki (VAP) in Mali (MAP) atletski pikla &#8211; \u017dalec, 7. 6. 2017\u00a0<\/span><\/strong><\/p>\n<ul>\n<li>16. mesto:\n<ul>\n<li>Pavli\u010d Jan &#8211; 600m MAP<\/li>\n<\/ul>\n<\/li>\n<\/ul>\n<p>&nbsp;<\/p>\n<p><span style=\"color: #0000ff;text-decoration: underline\">Ob\u010dinsko prvenstvo v ATLETSKEM TROBOJU za 5. razred in mlaj\u0161e &#8211; \u0160entjur, 1. 6. 2017<br \/>\n<\/span><\/p>\n<ul>\n<li>1. mesto:\n<ul>\n<li>Trebovc Sara, deklice posamezno<\/li>\n<li>Dobovi\u0161ek Nej, de\u010dki posamezno<\/li>\n<li>O\u0160 FM \u0160entjur 1 de\u010dki (Stra\u0161ek Tim, Cmok Jakob, Pav\u010dnik \u017dan, Margu\u010d Tai), EKIPNO de\u010dki<\/li>\n<\/ul>\n<\/li>\n<li>2. mesto:\n<ul>\n<li>O\u0160 FM \u0160entjur 1 deklice (Trebovc Sara, Verdenik Teja, Petrovi\u010d Ines, Trobec Tinkara),\u00a0 EKIPNO deklice<\/li>\n<li>O\u0160 FM \u0160entjur 2 de\u010dki (Dobovi\u0161ek Nej, Senger Maj, Kumer Gal, Artnak Martin), EKIPNO de\u010dki<\/li>\n<\/ul>\n<\/li>\n<li>3. mesto:\n<ul>\n<li>Stra\u0161ek Tim, de\u010dki posamezno<\/li>\n<li>O\u0160 FM \u0160entjur 2 deklice (Seli\u010d Anja, Spolenak Tja\u0161a, Ogrizek Ana, Ferle\u017e \u017diva),\u00a0 EKIPNO deklice<\/li>\n<\/ul>\n<\/li>\n<\/ul>\n<p>&nbsp;<\/p>\n<p><span style=\"color: #0000ff;text-decoration: underline\">Ob\u010dinsko prvenstvo v\u00a0odbojki na MIVKI de\u010dki &#8211; Hru\u0161evec, 29. 5. 2017<br \/>\n<\/span><\/p>\n<ul>\n<li>3. mesto:\n<ul>\n<li>Vehovar David, Leban Ambro\u017e, Veber Tim, Naprudnik Miha<\/li>\n<\/ul>\n<\/li>\n<\/ul>\n<p><a href=\"http:\/\/osfm-sport.splet.arnes.si\/files\/2016\/09\/20170529_153339.jpg\"><img loading=\"lazy\" decoding=\"async\" class=\"aligncenter size-medium wp-image-1095\" src=\"http:\/\/osfm-sport.splet.arnes.si\/files\/2016\/09\/20170529_153339-300x225.jpg\" alt=\"\" width=\"300\" height=\"225\" srcset=\"https:\/\/sport.fmalgaja.si\/files\/2016\/09\/20170529_153339-300x225.jpg 300w, https:\/\/sport.fmalgaja.si\/files\/2016\/09\/20170529_153339-768x576.jpg 768w, https:\/\/sport.fmalgaja.si\/files\/2016\/09\/20170529_153339-1024x768.jpg 1024w, https:\/\/sport.fmalgaja.si\/files\/2016\/09\/20170529_153339-510x382.jpg 510w, https:\/\/sport.fmalgaja.si\/files\/2016\/09\/20170529_153339-1080x810.jpg 1080w\" sizes=\"(max-width: 300px) 100vw, 300px\" \/><\/a><\/p>\n<p>&nbsp;<\/p>\n<p><strong>Finale podro\u010dnega prvenstva v atletiki za Veliki (VAP) in mali (MAP) atletski pokal &#8211; Celje, 23. 5. 2017<\/strong><\/p>\n<ul>\n<li>3. mesto:\n<ul>\n<li>Pavli\u010d Bla\u017e &#8211; 300m VAP<\/li>\n<li>Pavli\u010d Jan &#8211; 600m MAP<\/li>\n<li>O\u0160 Franja Malgaja \u0160entjur de\u010dki 4x100m &#8211; Vodu\u0161ek Karlo, Trobec Matic, Oset Nejc, Pavli\u010d Bla\u017e<\/li>\n<\/ul>\n<\/li>\n<li>4. mesto:\n<ul>\n<li>Vodu\u0161ek Karlo &#8211; daljina VAP<\/li>\n<\/ul>\n<\/li>\n<li>5. mesto:\n<ul>\n<li>Ip\u0161ek \u0160pela &#8211; 60m MAP<\/li>\n<\/ul>\n<\/li>\n<li>6. mesto:\n<ul>\n<li>Artnak Ne\u017ea &#8211; 1000m VAP<\/li>\n<\/ul>\n<\/li>\n<\/ul>\n<p>&nbsp;<\/p>\n<p><strong><u>Ob\u010dinsko prvenstvo v ATLETIKI za MALI in VELIKI ATLETSKI POKAL &#8211; \u0160entjur, 5. 5. 2017<\/u><\/strong><u><\/u><\/p>\n<p>&nbsp;<\/p>\n<ul>\n<li>1. mesto:\n<ul>\n<li>Stra\u0161ek Katja &#8211; 60m VAP<\/li>\n<li>O\u0160 Franja Malgaja 1; 4 x 100m &#8211; Stra\u0161ek Katja, Rossi Taja, Mavrin Eva, Ip\u0161ek \u0160pela &#8211; VAP \u017d<\/li>\n<li>Pavli\u010d Bla\u017e &#8211; 300m VAP<\/li>\n<li>Vodu\u0161ek Karlo &#8211; daljina VAP<\/li>\n<li>O\u0160 Franja Malgaja 1; 4 x 100m &#8211; Vodu\u0161ek Karlo, Trobec Matic, Oset Nejc, Pavli\u010d Bla\u017e &#8211; VAP M<\/li>\n<li>Ip\u0161ek \u0160pela &#8211; 60m MAP<\/li>\n<li>Rov\u0161nik Tja\u0161a &#8211; 600m MAP<\/li>\n<li>Artnak Martin &#8211; 300m MAP<\/li>\n<li>Pavli\u010d Jan &#8211; 600m MAP<\/li>\n<li>Pajk Ga\u0161per &#8211; vortex MAP<\/li>\n<\/ul>\n<\/li>\n<li>2. mesto:\n<ul>\n<li>Artnak Ne\u017ea &#8211; 1000m VAP<\/li>\n<li>Mavrin Maja &#8211; vortex VAP<\/li>\n<li>Planin\u0161ek Karmen &#8211; krogla VAP<\/li>\n<li>Naprudnik Miha &#8211; vi\u0161ina VAP<\/li>\n<li>O\u0160 Franja Malgaja 2; 4 x 100m &#8211; Cerjak \u0160alamon Timotej, Hiti Alja\u017e, Ozebek Nejc, &#8211; VAP M<\/li>\n<li>Turn\u0161ek Gaja &#8211; 300m MAP<\/li>\n<li>Trebovc Sara &#8211; vortex MAP<\/li>\n<li>\u0160aki\u0107 Antonio &#8211; 300m MAP<\/li>\n<li>Hli\u0161 \u017dan &#8211; vi\u0161ina MAP<\/li>\n<\/ul>\n<\/li>\n<li>3. mesto\n<ul>\n<li>Godler Sara &#8211; 1000m VAP<\/li>\n<li>Pavleti\u0107 Pia &#8211; vortex VAP<\/li>\n<li>Rude\u017e Nejc &#8211; vi\u0161ina VAP<\/li>\n<li>Kov\u010de Ema &#8211; vi\u0161ina MAP<\/li>\n<li>Kosi Valentin &#8211; 300m MAP<\/li>\n<li>Cmok Jakob &#8211; 600m MAP<\/li>\n<\/ul>\n<\/li>\n<\/ul>\n<p>&nbsp;<\/p>\n<p><u><span style=\"margin: 0px;color: blue;font-family: 'Open Sans';font-size: 10.5pt\">Ob\u010dinsko prvenstvo v\u00a0malem nogometu ml. de\u010dki &#8211; Planina, 24. 4. 2017<\/span><\/u><\/p>\n<p>\u00b7<span style=\"font: 7pt 'Times New Roman';margin: 0px\">\u00a0\u00a0 <\/span><span style=\"margin: 0px;color: #666666;font-family: 'Open Sans';font-size: 10.5pt\">3 mesto:<\/span><\/p>\n<p><span style=\"margin: 0px;color: #666666;font-family: 'Open Sans';font-size: 10.5pt\">Ga\u0161per Pajk, Enej Bender, Alex Gajani\u0107, Alja\u017e Mo\u010dnik, An\u017ee Vodeb, Jakob \u010colovi\u0107, Aleksander Ko\u017eelj<\/span><\/p>\n<p>&nbsp;<\/p>\n<p><span style=\"text-decoration: underline;color: #0000ff\">Dr\u017eavno prvenstvo v krosu &#8211; Maribor, 20. 4. 2017<\/span><\/p>\n<ul>\n<li>13. mesto: Tilen Mulej (6. raz)<\/li>\n<li>16. mesto: Andra\u017e Voga (6. raz)<\/li>\n<li>19. mesto: Ne\u017ea Artnak (8. raz)<\/li>\n<li>3. mesto: Nej Dobovi\u0161ek (3. razred promocijski tek)<\/li>\n<li>3. mesto: Martin Artnak (4. razred promocijski tek)<\/li>\n<li>9. mesto: Ana Ogrizek (4. razred promocijski tek)<\/li>\n<li>18. mesto: ekipno 6. razred (Kos Ula 76., \u017derjav Tara 127, Mulej Tilen 13., Voga Andra\u017e 16.)<\/li>\n<li>19. mesto vseekipno O\u0160 Franja Malgaja \u0160entjur<\/li>\n<\/ul>\n<p>&nbsp;<\/p>\n<p><span style=\"color: #0000ff;text-decoration: underline\">Ob\u010dinsko prvenstvo v krosu (spomladansko) &#8211; Gorica pri Slivnici, 10. 4. 2017<\/span><\/p>\n<ul>\n<li>1. mesto:\n<ul>\n<li>EKIPNO DEKLICE<\/li>\n<li>EKIPNO DE\u010cKI<\/li>\n<li>Martin Artnak, 5. raz<\/li>\n<li>Andra\u017e Voga, 6. raz<\/li>\n<li>Jan Pavli\u010d, 7. raz<\/li>\n<li>Bla\u017e Pavli\u010d 9. raz<\/li>\n<\/ul>\n<\/li>\n<li>2. mesto:\n<ul>\n<li>Jakob Cmok, 5. raz<\/li>\n<li>Ana Ogrizek, 5. raz<\/li>\n<li>Antonio \u0160aki\u0107. 6. raz<\/li>\n<li>Ula Kos, 6. raz<\/li>\n<li>\u0160pela Ip\u0161ek, 7. raz<\/li>\n<li>Aleksander Ko\u017eelj, 7.raz<\/li>\n<li>Ne\u017ea Artnak 8. raz<\/li>\n<li>Karlo Vodu\u0161ek 9. raz<\/li>\n<\/ul>\n<\/li>\n<li>3. mesto\n<ul>\n<li>\u017diva Ferle\u017e, 5. raz<\/li>\n<li>Tara \u017derjav, 6. raz<\/li>\n<li>Tja\u0161a Rov\u0161nik, 7. raz<\/li>\n<li>Domen Tisel, 8. raz<\/li>\n<li>Jan Rude\u017e, 9. raz&#8230;skupaj kar 17 medalj\u00a0\u00a0\u00a0\u00a0\u00a0\u00a0\u00a0 NA\u0160I &#8220;MEDALJA\u0160I&#8221;<br \/>\n<a href=\"http:\/\/osfm-sport.splet.arnes.si\/files\/2016\/09\/DSC_6899.jpg\"><img loading=\"lazy\" decoding=\"async\" class=\"aligncenter size-medium wp-image-1003\" src=\"http:\/\/osfm-sport.splet.arnes.si\/files\/2016\/09\/DSC_6899-300x200.jpg\" alt=\"\" width=\"300\" height=\"200\" srcset=\"https:\/\/sport.fmalgaja.si\/files\/2016\/09\/DSC_6899-300x200.jpg 300w, https:\/\/sport.fmalgaja.si\/files\/2016\/09\/DSC_6899-768x512.jpg 768w, https:\/\/sport.fmalgaja.si\/files\/2016\/09\/DSC_6899-1024x683.jpg 1024w, https:\/\/sport.fmalgaja.si\/files\/2016\/09\/DSC_6899-1080x721.jpg 1080w\" sizes=\"(max-width: 300px) 100vw, 300px\" \/><\/a><br \/>\nK ekipnemu uspehu in zmagi tako med deklicami kot med de\u010dki so prispevali tudi ostali tekmovalci z \u0161tevilnimi visokimi uvrstitvami.<\/li>\n<\/ul>\n<\/li>\n<\/ul>\n<p><a href=\"http:\/\/osfm-sport.splet.arnes.si\/files\/2016\/09\/DSC_6916.jpg\"><img loading=\"lazy\" decoding=\"async\" class=\"aligncenter size-medium wp-image-1005\" src=\"http:\/\/osfm-sport.splet.arnes.si\/files\/2016\/09\/DSC_6916-300x200.jpg\" alt=\"\" width=\"300\" height=\"200\" srcset=\"https:\/\/sport.fmalgaja.si\/files\/2016\/09\/DSC_6916-300x200.jpg 300w, https:\/\/sport.fmalgaja.si\/files\/2016\/09\/DSC_6916-768x512.jpg 768w, https:\/\/sport.fmalgaja.si\/files\/2016\/09\/DSC_6916-1024x683.jpg 1024w, https:\/\/sport.fmalgaja.si\/files\/2016\/09\/DSC_6916-1080x721.jpg 1080w\" sizes=\"(max-width: 300px) 100vw, 300px\" \/><\/a><\/p>\n<p>Ve\u010d slik najdete &#8220;<a href=\"http:\/\/osfm-sport.splet.arnes.si\/?p=1009\">tukaj<\/a>&#8220;.<\/p>\n<p>&nbsp;<\/p>\n<p><span style=\"color: #0000ff;text-decoration: underline\">Ob\u010dinsko prvenstvo v\u00a0odbojki ml. de\u010dki &#8211; Ponikva, 28. 3. 2017<\/span><\/p>\n<ul>\n<li>2. mesto:\n<ul>\n<li>Ga\u0161per Pajk, Jan Pavli\u010d, Enej Bender, Kevin Sever, Alex Gajani\u0107, Alja\u017e Mo\u010dnik, Miha Jazbin\u0161ek, An\u017ee Vodeb<\/li>\n<\/ul>\n<\/li>\n<\/ul>\n<p>&nbsp;<\/p>\n<p><span style=\"color: #0000ff;text-decoration: underline\">1\/4 Dr\u017eavno prvenstvo v ko\u0161arki\u00a0ml. de\u010dki &#8211; \u0160entjur, 22. 3. 2017<\/span><\/p>\n<ul>\n<li>3. mesto:\n<ul>\n<li>Nejc Naprudnik, Ga\u0161per Pajk, Tilen Mulej, Antonio \u0160aki\u0107, Gregor Gazvoda, Rok Kunsti\u010d, Jan Pavli\u010d, \u017dan Hli\u0161, Alja\u017e Mo\u010dnik, \u017diga \u010cmer \u00a0Stra\u0161ek ,\u00a0 Ja\u0161a Vre\u010dko, Luka Rezar<\/li>\n<li>do tega tekmovanja se je ekipa uvr\u0161\u010dala skozi naslednje kroge tekmovanj:\n<ul>\n<li>ob\u010dinsko prvenstvo<\/li>\n<li>kvalifikacije za podro\u010dno prvenstvo<\/li>\n<li>PF podro\u010dno prvenstvo<\/li>\n<li>F podro\u010dno prvenstvo<\/li>\n<\/ul>\n<\/li>\n<\/ul>\n<\/li>\n<\/ul>\n<p>&nbsp;<\/p>\n<p><span style=\"color: #0000ff;text-decoration: underline\">Ob\u010dinsko prvenstvo v\u00a0rokometu ml. de\u010dki &#8211; Ponikva, 9. 3. 2017<\/span><\/p>\n<ul>\n<li>2. mesto:\n<ul>\n<li>Ga\u0161per Pajk, Antonio \u0160aki\u0107, Jan Pavli\u010d, \u017dan Hli\u0161, Aleksander Ko\u017eelj, Enej Bender, Kevin Sever, Alex Gajani\u0107<\/li>\n<\/ul>\n<\/li>\n<\/ul>\n<p>&nbsp;<\/p>\n<p><span style=\"color: #0000ff;text-decoration: underline\">Ob\u010dinsko prvenstvo v\u00a0ko\u0161arki ml. de\u010dki &#8211; Planina, 9. 2. 2017<\/span><\/p>\n<ul>\n<li>1. mesto:\n<ul>\n<li>Nejc Naprudnik, Ga\u0161per Pajk, Tilen Mulej, Antonio \u0160aki\u0107, Gregor Gazvoda, Rok Kunsti\u010d, Jan Pavli\u010d, \u017dan Hli\u0161, Alja\u017e Mo\u010dnik, \u017diga \u010cmer \u00a0Stra\u0161ek ,\u00a0 Ja\u0161a Vre\u010dko, Luka Rezar<\/li>\n<\/ul>\n<\/li>\n<\/ul>\n<p><a href=\"http:\/\/osfm-sport.splet.arnes.si\/files\/2016\/09\/20170209_164258.jpg\"><img loading=\"lazy\" decoding=\"async\" class=\"aligncenter size-medium wp-image-868\" src=\"http:\/\/osfm-sport.splet.arnes.si\/files\/2016\/09\/20170209_164258-300x180.jpg\" alt=\"20170209_164258\" width=\"300\" height=\"180\" srcset=\"https:\/\/sport.fmalgaja.si\/files\/2016\/09\/20170209_164258-300x180.jpg 300w, https:\/\/sport.fmalgaja.si\/files\/2016\/09\/20170209_164258-1024x614.jpg 1024w, https:\/\/sport.fmalgaja.si\/files\/2016\/09\/20170209_164258-1080x648.jpg 1080w\" sizes=\"(max-width: 300px) 100vw, 300px\" \/><\/a><\/p>\n<p>&nbsp;<\/p>\n<p><span style=\"color: #0000ff;text-decoration: underline\">Ob\u010dinsko prvenstvo v\u00a0rokometu st. de\u010dki &#8211; Planina, 10. 11. 2016<\/span><\/p>\n<ul>\n<li>2. mesto:\n<ul>\n<li>Alja\u017e Hiti, Gal Ozebek, \u017dan Hli\u0161, Nejc Rude\u017e, Nejc Oset, Karlo Vodu\u0161ek, Rok Brilej, Matic Trobec, David Vehovar, Oscar Kova\u010di\u010d<\/li>\n<\/ul>\n<\/li>\n<\/ul>\n<p>&nbsp;<\/p>\n<p><span style=\"color: #0000ff;text-decoration: underline\">Dr\u017eavno prvenstvo v\u00a0cestnem teku (Ljubljanski maraton) &#8211; Ljubljana, 29. 10. 2016<\/span><\/p>\n<ul>\n<li>12. mesto Ne\u017ea Artnak 8. raz deklice (2km)<\/li>\n<\/ul>\n<p>&nbsp;<\/p>\n<p><span style=\"color: #0000ff;text-decoration: underline\">Ob\u010dinsko prvenstvo v ko\u0161arki st. de\u010dki &#8211; Hru\u0161evec, 26. 10. 2016<\/span><\/p>\n<ul>\n<li>2. mesto:\n<ul>\n<li>Naprudnik Miha, Oset Nejc, Zgonc Lan, Naprudnik Nejc, Rude\u017e Nejc, Leljak Nik, Vodu\u0161ek Karlo, Ferle\u017e Miha, Trunkl O\u017ebej, Leban Ambro\u017e,\u00a0Jezov\u0161ek \u017dak<\/li>\n<\/ul>\n<\/li>\n<\/ul>\n<p>&nbsp;<\/p>\n<p><span style=\"color: #0000ff;text-decoration: underline\">Ob\u010dinsko prvenstvo v krosu (jesensko) &#8211; Gorica pri Slivnici, 26. 9. 2016<\/span><\/p>\n<ul>\n<li>1. mesto:\n<ul>\n<li>\u017diva Ferle\u017e, 5. raz<\/li>\n<li>Jakob Cmok, 5. raz<\/li>\n<li>Martin Artnak, 5. raz<\/li>\n<li>Andra\u017e Voga, 6. raz<\/li>\n<li>Tajda Zalokar, 7. raz<\/li>\n<\/ul>\n<\/li>\n<li>2. mesto:\n<ul>\n<li>Ana Ogrizek, 5. raz<\/li>\n<li>Tilen Mulej, 6. raz<\/li>\n<li>Tja\u0161a Rov\u0161nik, 7. raz<\/li>\n<li>Jan Pavli\u010d, 7. raz<\/li>\n<li>Ne\u017ea Artnak 8. raz<\/li>\n<li>Bla\u017e Pavli\u010d 9. raz<\/li>\n<\/ul>\n<\/li>\n<li>3. mesto\n<ul>\n<li>Domen Tisel, 8. raz<\/li>\n<li>Lana Kolar, 9. raz<\/li>\n<\/ul>\n<\/li>\n<\/ul>\n","protected":false},"excerpt":{"rendered":"<p>Dr\u017eavno prvenstvo v PLESU &#8211; \u0160olski plesni festival &#8211;\u00a0Polhov Gradec, 1. 6. 2017 3. mesto: Maja Kova\u010di\u0107, deklice solo plesi\u00a0posamezno 5. mesto: \u00a0O\u0160 FM \u0160entjur EKIPNO\u00a0(Kova\u010di\u0107 Maja, Artnak Ne\u017ea, Tarasova Aleksandra, Margu\u010d Ma\u0161a, Rossi Taja, Palir Mavri\u010d Sara) &nbsp; Finale dr\u017eavnega prvenstva v atletiki za Veliki (VAP) in Mali (MAP) atletski pikla &#8211; \u017dalec, 7. [&hellip;]<\/p>\n","protected":false},"author":5967,"featured_media":0,"parent":0,"menu_order":0,"comment_status":"closed","ping_status":"closed","template":"","meta":{"_et_pb_use_builder":"","_et_pb_old_content":"","_et_gb_content_width":"","ngg_post_thumbnail":0,"footnotes":"","_expiration-date-status":"","_expiration-date":0,"_expiration-date-type":"","_expiration-date-categories":[],"_expiration-date-options":[]},"class_list":["post-717","page","type-page","status-publish","hentry"],"_links":{"self":[{"href":"https:\/\/sport.fmalgaja.si\/index.php?rest_route=\/wp\/v2\/pages\/717","targetHints":{"allow":["GET"]}}],"collection":[{"href":"https:\/\/sport.fmalgaja.si\/index.php?rest_route=\/wp\/v2\/pages"}],"about":[{"href":"https:\/\/sport.fmalgaja.si\/index.php?rest_route=\/wp\/v2\/types\/page"}],"author":[{"embeddable":true,"href":"https:\/\/sport.fmalgaja.si\/index.php?rest_route=\/wp\/v2\/users\/5967"}],"replies":[{"embeddable":true,"href":"https:\/\/sport.fmalgaja.si\/index.php?rest_route=%2Fwp%2Fv2%2Fcomments&post=717"}],"version-history":[{"count":26,"href":"https:\/\/sport.fmalgaja.si\/index.php?rest_route=\/wp\/v2\/pages\/717\/revisions"}],"predecessor-version":[{"id":763,"href":"https:\/\/sport.fmalgaja.si\/index.php?rest_route=\/wp\/v2\/pages\/717\/revisions\/763"}],"wp:attachment":[{"href":"https:\/\/sport.fmalgaja.si\/index.php?rest_route=%2Fwp%2Fv2%2Fmedia&parent=717"}],"curies":[{"name":"wp","href":"https:\/\/api.w.org\/{rel}","templated":true}]}}