{"id":701,"date":"2016-06-22T10:27:40","date_gmt":"2016-06-22T08:27:40","guid":{"rendered":"http:\/\/osfm-sport.splet.arnes.si\/?page_id=701"},"modified":"2023-06-10T13:51:03","modified_gmt":"2023-06-10T11:51:03","slug":"sportniki-sole","status":"publish","type":"page","link":"https:\/\/sport.fmalgaja.si\/?page_id=701","title":{"rendered":"\u0160PORTNIKI \u0160OLE"},"content":{"rendered":"<ul>\n<li><strong><span style=\"color: #0000ff\">2022\/2023<\/span><\/strong><\/li>\n<\/ul>\n<ul>\n<li><strong><span style=\"color: #ff0000\">VAL FILEJ &#8211; atletika&nbsp;<br \/>\n<\/span><\/strong><a href=\"https:\/\/sport.fmalgaja.si\/files\/2023\/06\/2-original-obrazlozitev-val-1.pdf\">obrazlo\u017eitev<\/a><\/li>\n<\/ul>\n<ul>\n<li><strong><span style=\"color: #0000ff\">2021\/2022<\/span><\/strong><br \/>\n<strong><span style=\"color: #ff0000\">MARTIN ARTNAK &#8211; atletika<br \/>\n<\/span><\/strong><strong><span style=\"color: #ff0000\">JAN LUJANAC &#8211; smu\u010danje<br \/>\n<\/span><\/strong><span style=\"color: #ff0000\"><span style=\"color: #3366ff\"><a href=\"https:\/\/sport.fmalgaja.si\/files\/2022\/06\/2-original-obrazlozitev-Jan-Martin-objava.pdf\">obrazlo\u017eitev<\/a><\/span><\/span><\/li>\n<\/ul>\n<ul>\n<li><span style=\"color: #3366ff\"><strong>2020\/2021<\/strong><\/span><br \/>\nZaradi epidemije ni bilo \u0160\u0160T, posledi\u010dno \u0161portnik \u0161ole ni bil razgla\u0161en<\/li>\n<li>2019\/2020<br \/>\n<strong><span style=\"color: #ff0000\">EKIPA st. de\u010dki &#8211; ko\u0161arka<\/span><\/strong><\/li>\n<li><strong><span style=\"color: #0000ff\">2018\/2019<\/span><\/strong><br \/>\n<strong><span style=\"color: #ff0000\">LAN MASTNAK&nbsp;&#8211; \u0161portno plezanje<\/span><\/strong><\/li>\n<li><strong><span style=\"color: #0000ff\">2017\/2018<\/span><\/strong><br \/>\n<strong><span style=\"color: #ff0000\">NE\u017dA ARTNAK &#8211; atletika<\/span><\/strong><\/li>\n<li><strong><span style=\"color: #0000ff\">2016\/2017<\/span><\/strong><br \/>\n<strong><span style=\"color: #ff0000\">MAJA KOVA\u010cI\u0106 &#8211; ples<\/span><\/strong><\/li>\n<li><strong><span style=\"color: #0000ff\">2015\/2016<\/span><br \/>\n<span style=\"color: #ff0000\">NIK GOLEJ &#8211; \u0161portno plezanje<\/span>, <\/strong><a href=\"http:\/\/osfm-sport.splet.arnes.si\/files\/2016\/06\/obrazlo\u017eitev-Nik-Golej-original.pdf\">obrazlo\u017eitev <\/a><\/li>\n<\/ul>\n","protected":false},"excerpt":{"rendered":"<p>2022\/2023 VAL FILEJ &#8211; atletika&nbsp; obrazlo\u017eitev 2021\/2022 MARTIN ARTNAK &#8211; atletika JAN LUJANAC &#8211; smu\u010danje obrazlo\u017eitev 2020\/2021 Zaradi epidemije ni bilo \u0160\u0160T, posledi\u010dno \u0161portnik \u0161ole ni bil razgla\u0161en 2019\/2020 EKIPA st. de\u010dki &#8211; ko\u0161arka 2018\/2019 LAN MASTNAK&nbsp;&#8211; \u0161portno plezanje 2017\/2018 NE\u017dA ARTNAK &#8211; atletika 2016\/2017 MAJA KOVA\u010cI\u0106 &#8211; ples 2015\/2016 NIK GOLEJ &#8211; \u0161portno plezanje, [&hellip;]<\/p>\n","protected":false},"author":5967,"featured_media":0,"parent":0,"menu_order":0,"comment_status":"closed","ping_status":"closed","template":"","meta":{"_et_pb_use_builder":"","_et_pb_old_content":"","_et_gb_content_width":"","ngg_post_thumbnail":0,"footnotes":"","_expiration-date-status":"","_expiration-date":0,"_expiration-date-type":"","_expiration-date-categories":[],"_expiration-date-options":[]},"class_list":["post-701","page","type-page","status-publish","hentry"],"_links":{"self":[{"href":"https:\/\/sport.fmalgaja.si\/index.php?rest_route=\/wp\/v2\/pages\/701","targetHints":{"allow":["GET"]}}],"collection":[{"href":"https:\/\/sport.fmalgaja.si\/index.php?rest_route=\/wp\/v2\/pages"}],"about":[{"href":"https:\/\/sport.fmalgaja.si\/index.php?rest_route=\/wp\/v2\/types\/page"}],"author":[{"embeddable":true,"href":"https:\/\/sport.fmalgaja.si\/index.php?rest_route=\/wp\/v2\/users\/5967"}],"replies":[{"embeddable":true,"href":"https:\/\/sport.fmalgaja.si\/index.php?rest_route=%2Fwp%2Fv2%2Fcomments&post=701"}],"version-history":[{"count":10,"href":"https:\/\/sport.fmalgaja.si\/index.php?rest_route=\/wp\/v2\/pages\/701\/revisions"}],"predecessor-version":[{"id":4136,"href":"https:\/\/sport.fmalgaja.si\/index.php?rest_route=\/wp\/v2\/pages\/701\/revisions\/4136"}],"wp:attachment":[{"href":"https:\/\/sport.fmalgaja.si\/index.php?rest_route=%2Fwp%2Fv2%2Fmedia&parent=701"}],"curies":[{"name":"wp","href":"https:\/\/api.w.org\/{rel}","templated":true}]}}