{"id":7,"date":"2015-08-31T09:04:10","date_gmt":"2015-08-31T07:04:10","guid":{"rendered":"http:\/\/osfm-sport.splet.arnes.si\/?page_id=7"},"modified":"2015-10-30T17:47:39","modified_gmt":"2015-10-30T16:47:39","slug":"uspehi","status":"publish","type":"page","link":"https:\/\/sport.fmalgaja.si\/?page_id=7","title":{"rendered":"Uspehi"},"content":{"rendered":"<p>Tukaj lahko spremljate uspehe na\u0161ih \u0161portnikov na \u0161olskih \u0161portnih tekmovanjih, zabele\u017eili smo uvrstitve:<\/p>\n<ul>\n<li>ob\u010dinska \u0161olska prvenstva: do 3. mesta<\/li>\n<li>podro\u010dna \u0161olska prvenstva: do 6. mesta<\/li>\n<li>dr\u017eavna \u0161olska prvenstva: do 20. mesta<\/li>\n<\/ul>\n","protected":false},"excerpt":{"rendered":"<p>Tukaj lahko spremljate uspehe na\u0161ih \u0161portnikov na \u0161olskih \u0161portnih tekmovanjih, zabele\u017eili smo uvrstitve: ob\u010dinska \u0161olska prvenstva: do 3. mesta podro\u010dna \u0161olska prvenstva: do 6. mesta dr\u017eavna \u0161olska prvenstva: do 20. mesta<\/p>\n","protected":false},"author":4407,"featured_media":0,"parent":0,"menu_order":3,"comment_status":"closed","ping_status":"closed","template":"","meta":{"_et_pb_use_builder":"","_et_pb_old_content":"","_et_gb_content_width":"","ngg_post_thumbnail":0,"footnotes":"","_expiration-date-status":"","_expiration-date":0,"_expiration-date-type":"","_expiration-date-categories":[],"_expiration-date-options":[]},"class_list":["post-7","page","type-page","status-publish","hentry"],"_links":{"self":[{"href":"https:\/\/sport.fmalgaja.si\/index.php?rest_route=\/wp\/v2\/pages\/7","targetHints":{"allow":["GET"]}}],"collection":[{"href":"https:\/\/sport.fmalgaja.si\/index.php?rest_route=\/wp\/v2\/pages"}],"about":[{"href":"https:\/\/sport.fmalgaja.si\/index.php?rest_route=\/wp\/v2\/types\/page"}],"author":[{"embeddable":true,"href":"https:\/\/sport.fmalgaja.si\/index.php?rest_route=\/wp\/v2\/users\/4407"}],"replies":[{"embeddable":true,"href":"https:\/\/sport.fmalgaja.si\/index.php?rest_route=%2Fwp%2Fv2%2Fcomments&post=7"}],"version-history":[{"count":5,"href":"https:\/\/sport.fmalgaja.si\/index.php?rest_route=\/wp\/v2\/pages\/7\/revisions"}],"predecessor-version":[{"id":461,"href":"https:\/\/sport.fmalgaja.si\/index.php?rest_route=\/wp\/v2\/pages\/7\/revisions\/461"}],"wp:attachment":[{"href":"https:\/\/sport.fmalgaja.si\/index.php?rest_route=%2Fwp%2Fv2%2Fmedia&parent=7"}],"curies":[{"name":"wp","href":"https:\/\/api.w.org\/{rel}","templated":true}]}}