{"id":6021,"date":"2025-08-25T08:58:27","date_gmt":"2025-08-25T06:58:27","guid":{"rendered":"https:\/\/osfm-sport.splet.arnes.si\/?page_id=6021"},"modified":"2026-01-31T15:27:22","modified_gmt":"2026-01-31T14:27:22","slug":"zimska-sola-v-naravi-2025-2026","status":"publish","type":"page","link":"https:\/\/sport.fmalgaja.si\/?page_id=6021","title":{"rendered":"Zimska \u0161ola v naravi 2025 &#8211; 2026"},"content":{"rendered":"<h1><span style=\"color: #0000ff\"><strong>Z I M S K A&nbsp; \u0160 O L A&nbsp; V&nbsp;&nbsp; N A R A V I<\/strong><\/span><\/h1>\n<p><span style=\"color: #0000ff\"><strong>RIBNICA NA POHORJU,<br \/>\n<\/strong><\/span><span style=\"color: #0000ff\"><strong>Ponedeljek, 26. januar 2026 \u2013 petek, 30. januar 2026.<\/strong><\/span><\/p>\n<p>V leto\u0161njo Zimsko \u0161olo v naravi \u2013 tokrat 27. po vrsti je to \u0161olsko leto 2025\/2026 od\u0161lo 56 sedmo\u0161olk in sedmo\u0161olcev. Spremlja jih 8 spremljevalcev\u2026\u0161tirje u\u010ditelji smu\u010danja, trije u\u010ditelji v vlogi razrednika in od tega eden tudi kot vodja. Smu\u010darska \u0161ola D\u017eana pa nam bo vsak dan pomagala \u0161e z enim dodatnim &nbsp;u\u010diteljem smu\u010danja.<\/p>\n<p>Skozi posamezne dneve bi naj posku\u0161ali v kratkih povzetkih ter kak\u0161no sliko \u010de nam bo povezava s svetovnim spletom to omogo\u010dala, predstavljati \u017eivljenje in delo otrok in u\u010diteljev. Gradivo je namenjeno predvsem star\u0161em in tistim, ki jih zanima tukaj\u0161nje dogajanje ali pa nas samo pogre\u0161ate v \u0161oli, slu\u017ebi in tudi doma.<\/p>\n<p>Smu\u010darski pozdrav,<\/p>\n<p><strong>V. Artnak, vodja Z\u0160N<\/strong><\/p>\n<p>&nbsp;<\/p>\n<p><span style=\"color: #0000ff\"><strong>5. DAN &#8211; petek, 30. januar 2026<\/strong><\/span><\/p>\n<ul>\n<li>Vodeno prosto smu\u010danje.<\/li>\n<li>Pospravljanje, pakiranje in odhod domov, na poti obisk McDonald&#8217;s-a.<\/li>\n<\/ul>\n<p>&nbsp;<\/p>\n<p><span style=\"color: #0000ff\"><strong>4. DAN &#8211; \u010detrtek, 29. februar 2026<\/strong><\/span><\/p>\n<ul>\n<li><strong>&nbsp;<\/strong>\u0160ola smu\u010danja po vadbenih skupinah.<\/li>\n<li>Tekmovanje v VELESLALOMU.<\/li>\n<li>Disco ve\u010der.<\/li>\n<\/ul>\n<p><a href=\"https:\/\/sport.fmalgaja.si\/files\/2026\/01\/REZULTATI-tekmovanje-v-veleslalomu.pdf\">REZULTATI-tekmovanje v veleslalomu<\/a><\/p>\n<p><span style=\"color: #ff0000\"><strong>Jutri (petek) pridemo domov kot smo napovedali <\/strong><strong>med 16.00 in 16.30 uro na izhodi\u0161\u010dno mesto (glavna Avtobusna postaja v \u0160entjurju &#8211; nasproti centra Seli\u010d).&nbsp;&nbsp; V primeru morebitne zamude (zastojev na cesti) bomo novo okvirno uro posku\u0161ali objaviti sproti na na\u0161i spletni strani.&nbsp; <\/strong><\/span><\/p>\nngg_shortcode_0_placeholder\n<p>&nbsp;<\/p>\n<p><span style=\"color: #0000ff\"><strong>3. DAN &#8211; sreda, 28. januar 2026<\/strong><\/span><\/p>\n<ul>\n<li>\u0160ola smu\u010danja.<\/li>\n<li>NARAVASLOVNI DAN; GOZD POZIMI.<\/li>\n<li>Ve\u010der dru\u017eabnih iger.<\/li>\n<\/ul>\nngg_shortcode_1_placeholder\n<p><span style=\"color: #0000ff\"><strong>2. DAN &#8211; torek, 27. januar 2026<\/strong><\/span><\/p>\n<ul>\n<li>Dopoldanska \u0161ola smu\u010danja po vadbenih skupinah glede na predznanje (odmor s \u010dajem).<\/li>\n<li>Popoldanska \u0161ola smu\u010danja.<\/li>\n<li>Predavanje policista o varnosti na smu\u010di\u0161\u010du.<\/li>\n<li>No\u010dna smuka.<\/li>\n<\/ul>\nngg_shortcode_2_placeholder\n<p>&nbsp;<\/p>\n<ol>\n<li><span style=\"color: #0000ff\"><strong>DAN &#8211; ponedeljek, 26. januar 2026<\/strong><\/span><\/li>\n<\/ol>\n<ul>\n<li>Odhod iz \u0160entjurja, vo\u017enja na relaciji \u0160entjur \u2013 Maribor &nbsp;\u2013 Ribnica na Pohorju.<\/li>\n<li>Nastanitev, ogled okolice, kosilo.<\/li>\n<li>Razdelitev smu\u010darske opreme.<\/li>\n<li>Preverjanje znanja smu\u010danja, igre na snegu.<\/li>\n<li>No\u010dni pohod.<\/li>\n<li>Razporeditev v vadbene skupine, predstavitev u\u010diteljev smu\u010danja.<\/li>\n<\/ul>\n<p><a href=\"https:\/\/sport.fmalgaja.si\/files\/2026\/01\/dnevni-razpored-1.pdf\">DNEVNI RAZPORED<\/a><\/p>\nngg_shortcode_3_placeholder\n","protected":false},"excerpt":{"rendered":"<p>Z I M S K A&nbsp; \u0160 O L A&nbsp; V&nbsp;&nbsp; N A R A V I RIBNICA NA POHORJU, Ponedeljek, 26. januar 2026 \u2013 petek, 30. januar 2026. V leto\u0161njo Zimsko \u0161olo v naravi \u2013 tokrat 27. po vrsti je to \u0161olsko leto 2025\/2026 od\u0161lo 56 sedmo\u0161olk in sedmo\u0161olcev. Spremlja jih 8 spremljevalcev\u2026\u0161tirje u\u010ditelji [&hellip;]<\/p>\n","protected":false},"author":5967,"featured_media":0,"parent":0,"menu_order":0,"comment_status":"closed","ping_status":"closed","template":"","meta":{"_et_pb_use_builder":"","_et_pb_old_content":"","_et_gb_content_width":"","ngg_post_thumbnail":0,"footnotes":"","_expiration-date-status":"","_expiration-date":0,"_expiration-date-type":"","_expiration-date-categories":[],"_expiration-date-options":[]},"class_list":["post-6021","page","type-page","status-publish","hentry"],"_links":{"self":[{"href":"https:\/\/sport.fmalgaja.si\/index.php?rest_route=\/wp\/v2\/pages\/6021","targetHints":{"allow":["GET"]}}],"collection":[{"href":"https:\/\/sport.fmalgaja.si\/index.php?rest_route=\/wp\/v2\/pages"}],"about":[{"href":"https:\/\/sport.fmalgaja.si\/index.php?rest_route=\/wp\/v2\/types\/page"}],"author":[{"embeddable":true,"href":"https:\/\/sport.fmalgaja.si\/index.php?rest_route=\/wp\/v2\/users\/5967"}],"replies":[{"embeddable":true,"href":"https:\/\/sport.fmalgaja.si\/index.php?rest_route=%2Fwp%2Fv2%2Fcomments&post=6021"}],"version-history":[{"count":13,"href":"https:\/\/sport.fmalgaja.si\/index.php?rest_route=\/wp\/v2\/pages\/6021\/revisions"}],"predecessor-version":[{"id":6362,"href":"https:\/\/sport.fmalgaja.si\/index.php?rest_route=\/wp\/v2\/pages\/6021\/revisions\/6362"}],"wp:attachment":[{"href":"https:\/\/sport.fmalgaja.si\/index.php?rest_route=%2Fwp%2Fv2%2Fmedia&parent=6021"}],"curies":[{"name":"wp","href":"https:\/\/api.w.org\/{rel}","templated":true}]}}