{"id":6018,"date":"2025-08-25T08:56:18","date_gmt":"2025-08-25T06:56:18","guid":{"rendered":"https:\/\/osfm-sport.splet.arnes.si\/?page_id=6018"},"modified":"2026-02-14T16:28:19","modified_gmt":"2026-02-14T15:28:19","slug":"uspehi-sol-leto-2025-2026","status":"publish","type":"page","link":"https:\/\/sport.fmalgaja.si\/?page_id=6018","title":{"rendered":"Uspehi \u0161ol. leto 2025- 2026"},"content":{"rendered":"<p><span style=\"color: #0000ff\"><strong>\u0160olsko DVORANSKO DR\u017dAVNO TEKMOVANJE&nbsp; v lokostrelstvu \u2013 \u0160en\u010dur, 7. 2. 2026<\/strong><\/span><\/p>\n<ul>\n<li>5. mesto (ukrivljeni lok 5. &#8211; 9. razred) &#8211; <span data-sheets-formula-bar-text-style=\"font-size:13px;color:#000000;font-weight:normal;text-decoration:none;font-family:'Arial';font-style:normal;text-decoration-skip-ink:none;\">Berden Aleks<\/span><\/li>\n<\/ul>\n<p>&nbsp;<\/p>\n<p><span style=\"color: #0000ff\"><strong>\u0160olsko DVORANSKO REGIJSKO TEKMOVANJE &#8211; VZHOD v lokostrelstvu \u2013 Muta, 31. 1. 2026<\/strong><\/span><\/p>\n<ul>\n<li>2. mesto (ukrivljeni lok 5. &#8211; 9. razred) &#8211; <span data-sheets-formula-bar-text-style=\"font-size:13px;color:#000000;font-weight:normal;text-decoration:none;font-family:'Arial';font-style:normal;text-decoration-skip-ink:none;\">Berden Aleks<\/span><\/li>\n<\/ul>\n<p>&nbsp;<\/p>\n<p><span style=\"color: #0000ff\"><strong>Medob\u010dinsko prvenstvo v odbojki za starej\u0161e deklice \u2013 Ponikva, 2. 12. 2024<\/strong><\/span><\/p>\n<ul>\n<li>1. mesto &#8211; <span data-sheets-formula-bar-text-style=\"font-size:13px;color:#000000;font-weight:normal;text-decoration:none;font-family:'Arial';font-style:normal;text-decoration-skip-ink:none;\">igrale so: Pajk \u017dana, Tina Vrabl, Berglez Ema, \u0110oki\u010d Kaja, Filej Zala, Lukanc Manca, Gaj\u0161ek Tinkara.<\/span><\/li>\n<\/ul>\n<p>&nbsp;<\/p>\n<p><span style=\"color: #0000ff\"><strong>Dr\u017eavno prvenstvo v cestnem teku (Ljubljanski maraton) \u2013 Ljubljana, 18. 10. 2025<\/strong><\/span><\/p>\n<ul>\n<li>3. mesto:\n<ul>\n<li>Tinkara Gaj\u0161ek 8. raz 1500m<\/li>\n<\/ul>\n<\/li>\n<li>14. mesto\n<ul>\n<li>Vid Kukovi\u010d 7. raz 1500m<\/li>\n<\/ul>\n<\/li>\n<\/ul>\n<p>&nbsp;<\/p>\n<p><span style=\"color: #0000ff\"><strong>Medob\u010dinsko prvenstvo v krosu (jesensko) \u2013 \u0160entjur, 1. 10. 2025<\/strong><\/span><\/p>\n<ul>\n<li>1. mesto:\n<ul>\n<li>VSEEKIPNO deklice, de\u010dki 5. do 9. raz,<\/li>\n<li>Mesi\u010dek Gal, 5. raz<\/li>\n<li>Novak Zainab, 5. raz<\/li>\n<li>Kukovi\u010d Vid, 7. raz<\/li>\n<li>Jakopi\u010d \u017dolgar Zarja, 7. raz<\/li>\n<li>Kr\u010d Maj, 8. raz<\/li>\n<li>Gaj\u0161ek Tinkara, 8. raz<\/li>\n<li>Jazbec Manca, 9. raz<\/li>\n<\/ul>\n<\/li>\n<\/ul>\n<ul>\n<li>2. mesto:\n<ul>\n<li>Mansutti Leon, 5. raz<\/li>\n<li>Antoli\u010d Zala, 5. raz<\/li>\n<li>Plavsteiner Benjamin, 7. raz<\/li>\n<li>Rezec Seni\u010dar Kaja, 7. raz<\/li>\n<li>Obreza Marisa, 8. raz<\/li>\n<li>Mezgec Urban, 9. raz<\/li>\n<li>Ogradi Iva, 9. raz<\/li>\n<\/ul>\n<\/li>\n<\/ul>\n<ul>\n<li>3. mesto:\n<ul>\n<li>Jeni\u010d Svit, 5. raz<\/li>\n<li>Ratajc \u017diga, 6. raz<\/li>\n<li>Kukovi\u010d Zala, 6. raz<\/li>\n<li>Omerovi\u0107 Anes, 8. raz<\/li>\n<li>Bor\u0161i\u010d Ota, 8. raz<\/li>\n<\/ul>\n<\/li>\n<\/ul>\n<p>&nbsp;<\/p>\n<p>&nbsp;<\/p>\n","protected":false},"excerpt":{"rendered":"<p>\u0160olsko DVORANSKO DR\u017dAVNO TEKMOVANJE&nbsp; v lokostrelstvu \u2013 \u0160en\u010dur, 7. 2. 2026 5. mesto (ukrivljeni lok 5. &#8211; 9. razred) &#8211; Berden Aleks &nbsp; \u0160olsko DVORANSKO REGIJSKO TEKMOVANJE &#8211; VZHOD v lokostrelstvu \u2013 Muta, 31. 1. 2026 2. mesto (ukrivljeni lok 5. &#8211; 9. razred) &#8211; Berden Aleks &nbsp; Medob\u010dinsko prvenstvo v odbojki za starej\u0161e deklice [&hellip;]<\/p>\n","protected":false},"author":5967,"featured_media":0,"parent":0,"menu_order":0,"comment_status":"closed","ping_status":"closed","template":"","meta":{"_et_pb_use_builder":"","_et_pb_old_content":"","_et_gb_content_width":"","ngg_post_thumbnail":0,"footnotes":"","_expiration-date-status":"","_expiration-date":0,"_expiration-date-type":"","_expiration-date-categories":[],"_expiration-date-options":[]},"class_list":["post-6018","page","type-page","status-publish","hentry"],"_links":{"self":[{"href":"https:\/\/sport.fmalgaja.si\/index.php?rest_route=\/wp\/v2\/pages\/6018","targetHints":{"allow":["GET"]}}],"collection":[{"href":"https:\/\/sport.fmalgaja.si\/index.php?rest_route=\/wp\/v2\/pages"}],"about":[{"href":"https:\/\/sport.fmalgaja.si\/index.php?rest_route=\/wp\/v2\/types\/page"}],"author":[{"embeddable":true,"href":"https:\/\/sport.fmalgaja.si\/index.php?rest_route=\/wp\/v2\/users\/5967"}],"replies":[{"embeddable":true,"href":"https:\/\/sport.fmalgaja.si\/index.php?rest_route=%2Fwp%2Fv2%2Fcomments&post=6018"}],"version-history":[{"count":8,"href":"https:\/\/sport.fmalgaja.si\/index.php?rest_route=\/wp\/v2\/pages\/6018\/revisions"}],"predecessor-version":[{"id":6411,"href":"https:\/\/sport.fmalgaja.si\/index.php?rest_route=\/wp\/v2\/pages\/6018\/revisions\/6411"}],"wp:attachment":[{"href":"https:\/\/sport.fmalgaja.si\/index.php?rest_route=%2Fwp%2Fv2%2Fmedia&parent=6018"}],"curies":[{"name":"wp","href":"https:\/\/api.w.org\/{rel}","templated":true}]}}