{"id":5182,"date":"2024-08-28T15:38:09","date_gmt":"2024-08-28T13:38:09","guid":{"rendered":"https:\/\/osfm-sport.splet.arnes.si\/?page_id=5182"},"modified":"2025-06-20T00:13:06","modified_gmt":"2025-06-19T22:13:06","slug":"poletna-sola-v-naravi-2024-2025","status":"publish","type":"page","link":"https:\/\/sport.fmalgaja.si\/?page_id=5182","title":{"rendered":"Poletna \u0161ola v naravi 2024 \u2013 2025"},"content":{"rendered":"<h3><span style=\"color: #0000ff\"><strong>POLETNA \u0160OLA V NARAVI (P\u0160N) \u2013 5. razred<\/strong><\/span><\/h3>\n<p>Debeli rti\u010d, 16. junij do 20. junij 2025<\/p>\n<p>Za\u010deli smo z redno Poletno \u0161olo v naravi za na\u0161e peto\u0161olce. Za to leto je bila predvsem organizacija termina in lokacije kar razgibana zaradi kar nekaj okoli\u0161\u010din na katere nismo imeli vpliva. Izteklo se je dobro, kot smo se tako kot minula leta tudi dobro pripravili in verjamemo v kvalitetno izvedbo.<br \/>\n\u010ce nam bo dano bomo predvsem star\u0161em objavljali slike in kaj iz vsebine, da ne boste preve\u010d pogre\u0161ali svojih otrok. Najve\u010dji morski pozdrav vsem, ki nas pogre\u0161ate!<\/p>\n<p>NEKAJ PODATKOV:<\/p>\n<ul>\n<li>sodelujejo otroci\n<ul>\n<li>O\u0160 Franja Malgaja \u0160entjur (5.a &#8211; 27, 5.b \u2013 28),<\/li>\n<li>PO\u0160 Blagovna (5.c \u2013 18),<\/li>\n<\/ul>\n<\/li>\n<li>spremljevalci:\n<ul>\n<li>razredniki (3),<\/li>\n<li>biologinja,<\/li>\n<li>plavalni u\u010ditelji (8),<\/li>\n<li>vodja,<\/li>\n<\/ul>\n<\/li>\n<\/ul>\n<ul>\n<li>bivamo v mladinskem domu RAKOVICA.<\/li>\n<\/ul>\n<ul>\n<li style=\"list-style-type: none\">&nbsp;<\/li>\n<\/ul>\n<p>V. Artnak, vodja P\u0160N<\/p>\n<p>&nbsp;<\/p>\n<p><strong>POLETNA \u0160OLA V NARAVI 5. razred \u2013 \u010cETRTEK, 19. 6. 2025 (4. dan)<\/strong><\/p>\n<ul>\n<li>plavalno opismenjevanje in preverjanje znanja plavanja,<\/li>\n<li>spoznavanja morskega in obmorskega sveta z biologinjo,<\/li>\n<li>\u0161olsko-prosto\u010dasne aktivnosti, likovno-tehni\u010dna delavnica, izposoja knjig, lokostrelstvo,<\/li>\n<li>izbor miss in mistra simpati\u010dnosti Debelega rti\u010da,<\/li>\n<li>vreme son\u010dno, (TZ)temperatura zraka: 31\u00b0, (TM) temperatura morja: 21\u00b0,<\/li>\n<li><span style=\"color: #ff0000\"><strong>\u2026\u0161e obvestilo o PRIHODU: jutri (petek, 20. junij 2025) se vra\u010damo ob napovedanem \u010dasu (\u010de le ne bo nepredvidenih zastojev na cesti), to je od 16. do 16.30 na mesto odhoda. Star\u0161i bodite pravo\u010dasni. \u010ce nam uspe objaviti, morebitna odstopanja spremljajte na na\u0161i spletni strani:<\/strong><\/span> <a href=\"http:\/\/www.fmalgaja.si\/\">http:\/\/www.fmalgaja.si\/<\/a><\/li>\n<\/ul>\n<p><a href=\"https:\/\/sport.fmalgaja.si\/files\/2025\/06\/MERILA-preverjanje-znanja-plavanja-objava-2025.pdf\">MERILA-preverjanje-znanja-plavanja<\/a><\/p>\n<p><a href=\"https:\/\/sport.fmalgaja.si\/files\/2025\/06\/VTISI-otrok.pdf\">VTIS-udele\u017eenke<\/a><\/p>\n<p>ngg_shortcode_0_placeholder<strong>POLETNA \u0160OLA V NARAVI 5. razred \u2013 SREDA, 18. 6. 2025 (3. dan)<\/strong><\/p>\n<ul>\n<li>jutranje aktivno prebujanje,<\/li>\n<li>plavalno opismenjevanje,<\/li>\n<li>spoznavanja morskega in obmorskega sveta z biologinjo,<\/li>\n<li>\u0161olsko-prosto\u010dasne aktivnosti, likovno-tehni\u010dna delavnica, izposoja knjig, dru\u017eabne igre, lokostrelstvo,<\/li>\n<li>\u0160PORTNI DAN; igre z \u017eogo,<\/li>\n<li>veliko po\u0161te od doma\u2026<u>bravo<\/u> star\u0161i in ostali,<\/li>\n<li>vreme son\u010dno, (TZ) temperatura zraka: 38\u00b0, (TM) temperatura morja: 20\u00b0,<\/li>\n<li>praznovanje (pogostitev rojstnega dne.<\/li>\n<\/ul>\nngg_shortcode_1_placeholder\n<p>&nbsp;<\/p>\n<p><strong>POLETNA \u0160OLA V NARAVI 5. razred &#8211; TOREK, 17. 6. 2025 (2. dan)<\/strong><\/p>\n<ul>\n<li>Jutranje aktivno prebujanje,<\/li>\n<li>plavalno opismenjevanje,<\/li>\n<li>spoznavanja morskega in obmorskega sveta z biologinjo,<\/li>\n<li>izlet z ladjico v Koper v dveh skupinah,<\/li>\n<li>\u0161olsko-prosto\u010dasne aktivnosti, likovno-tehni\u010dna delavnica, izposoja knjig, dru\u017eabne igre,<\/li>\n<li>\u0160ALJIVE IGRE,<\/li>\n<li>prva po\u0161ta od doma,<\/li>\n<li>vreme son\u010dno, (TZ) temperatura zraka: 28\u00b0, (TM) temperatura morja: 21-22\u00b0,<\/li>\n<\/ul>\nngg_shortcode_2_placeholder\n<p>&nbsp;<\/p>\n<p><strong>POLETNA \u0160OLA V NARAVI 5. razred, PONEDELJEK, 16. junij 2025 (1. dan)<\/strong><\/p>\n<ul>\n<li>Odhod iz \u0160entjurja, vmesni po\u010ditek in malica na Lomu,<\/li>\n<li>prihod (objava na radiu Celje in \u0160tajerski val), nastanitev,<\/li>\n<li>NARAVOSLOVNI DAN: <strong>Rastlinstvo in \u017eivalstvo v obmorskem svetu, <\/strong><\/li>\n<li>seznanitev z okolico, razporeditev po plavalnih skupinah,<\/li>\n<li>spoznavanje kopali\u0161\u010da, osnove u\u010denja plavanja, dru\u017eabne igre,<\/li>\n<li>ve\u010derne aktivnosti (\u00bbspoznajmo se\u00ab),<\/li>\n<li>vreme son\u010dno, (TZ)temperatura zraka: 32\u00b0, (TM) temperatura morja: 26\u00b0<\/li>\n<\/ul>\n<p>&nbsp;<\/p>\n<p><a href=\"https:\/\/sport.fmalgaja.si\/files\/2025\/06\/dnevni-urnik-objava.pdf\">DNEVNI URNIK<\/a><\/p>\n<p>&nbsp;<\/p>\nngg_shortcode_3_placeholder\n","protected":false},"excerpt":{"rendered":"<p>POLETNA \u0160OLA V NARAVI (P\u0160N) \u2013 5. razred Debeli rti\u010d, 16. junij do 20. junij 2025 Za\u010deli smo z redno Poletno \u0161olo v naravi za na\u0161e peto\u0161olce. Za to leto je bila predvsem organizacija termina in lokacije kar razgibana zaradi kar nekaj okoli\u0161\u010din na katere nismo imeli vpliva. Izteklo se je dobro, kot smo se [&hellip;]<\/p>\n","protected":false},"author":5967,"featured_media":0,"parent":0,"menu_order":0,"comment_status":"closed","ping_status":"closed","template":"","meta":{"_et_pb_use_builder":"","_et_pb_old_content":"","_et_gb_content_width":"","ngg_post_thumbnail":0,"footnotes":"","_expiration-date-status":"","_expiration-date":0,"_expiration-date-type":"","_expiration-date-categories":[],"_expiration-date-options":[]},"class_list":["post-5182","page","type-page","status-publish","hentry"],"_links":{"self":[{"href":"https:\/\/sport.fmalgaja.si\/index.php?rest_route=\/wp\/v2\/pages\/5182","targetHints":{"allow":["GET"]}}],"collection":[{"href":"https:\/\/sport.fmalgaja.si\/index.php?rest_route=\/wp\/v2\/pages"}],"about":[{"href":"https:\/\/sport.fmalgaja.si\/index.php?rest_route=\/wp\/v2\/types\/page"}],"author":[{"embeddable":true,"href":"https:\/\/sport.fmalgaja.si\/index.php?rest_route=\/wp\/v2\/users\/5967"}],"replies":[{"embeddable":true,"href":"https:\/\/sport.fmalgaja.si\/index.php?rest_route=%2Fwp%2Fv2%2Fcomments&post=5182"}],"version-history":[{"count":13,"href":"https:\/\/sport.fmalgaja.si\/index.php?rest_route=\/wp\/v2\/pages\/5182\/revisions"}],"predecessor-version":[{"id":5997,"href":"https:\/\/sport.fmalgaja.si\/index.php?rest_route=\/wp\/v2\/pages\/5182\/revisions\/5997"}],"wp:attachment":[{"href":"https:\/\/sport.fmalgaja.si\/index.php?rest_route=%2Fwp%2Fv2%2Fmedia&parent=5182"}],"curies":[{"name":"wp","href":"https:\/\/api.w.org\/{rel}","templated":true}]}}