{"id":5180,"date":"2024-08-28T15:37:40","date_gmt":"2024-08-28T13:37:40","guid":{"rendered":"https:\/\/osfm-sport.splet.arnes.si\/?page_id=5180"},"modified":"2025-01-30T23:13:52","modified_gmt":"2025-01-30T22:13:52","slug":"zimska-sola-v-naravi-2024-2025","status":"publish","type":"page","link":"https:\/\/sport.fmalgaja.si\/?page_id=5180","title":{"rendered":"Zimska \u0161ola v naravi 2024 \u2013 2025"},"content":{"rendered":"<h1><strong><span style=\"color: #0000ff\">Z I M S K A&nbsp; \u0160 O L A&nbsp; V&nbsp;&nbsp; N A R A V I<\/span><\/strong><\/h1>\n<h6><strong><span style=\"color: #0000ff\">RIBNICA NA POHORJU,<br \/>\n<\/span><\/strong><strong><span style=\"color: #0000ff\">p<\/span><\/strong><strong><span style=\"color: #0000ff\">onedeljek, 27. februar 2025 \u2013 petek, 31. januar 2025.<\/span><\/strong><\/h6>\n<h5>V leto\u0161njo Zimsko \u0161olo v naravi \u2013 tokrat 26. po vrsti je to \u0161olsko leto 2025\/2025 od\u0161lo 56 sedmo\u0161olk in sedmo\u0161olcev. Spremlja jih 8 spremljevalcev\u2026\u0161tirje u\u010ditelji smu\u010danja ter trije u\u010ditelji v vlogi razrednika od tega eden tudi kot vodja ter \u0161e ena spremljevalka. Smu\u010darska \u0161ola D\u017eana iz Ribnice nam bo vsak dan pomagala \u0161e z dvema dodatnima u\u010diteljema smu\u010danja.<\/h5>\n<h5>Skozi posamezne dneve bi naj posku\u0161ali v kratkih povzetkih ter predvsem v sliki \u010de nam bo povezava s svetovnim spletom to omogo\u010dala, predstavljati \u017eivljenje in delo otrok in u\u010diteljev. Gradivo je namenjeno predvsem star\u0161em in tistim, ki jih zanima tukaj\u0161nje dogajanje ali pa nas samo pogre\u0161ate v \u0161oli, slu\u017ebi in tudi doma.<\/h5>\n<p>Smu\u010darski pozdrav!<\/p>\n<p><strong>V. Artnak, vodja Z\u0160N<\/strong><\/p>\n<p>NA SNEGU &#8220;<a href=\"https:\/\/video.arnes.si\/watch\/ytdsv42y5kqz\">v \u017eivo<\/a>&#8221;<\/p>\n<p><strong>4. DAN &#8211; \u010detrtek, 30. februar 2025<\/strong><strong>&nbsp;<\/strong><\/p>\n<ul>\n<li>\u0160ola smu\u010danja po vadbenih skupinah.<\/li>\n<li>Obisk ravnatelja in sladka pozornost.<\/li>\n<li>Disco ve\u010der.<\/li>\n<\/ul>\n<p><span style=\"color: #ff0000\"><strong>Jutri (petek) pridemo domov kot smo napovedali <\/strong><strong>med 16.00 in 16.30 uro na izhodi\u0161\u010dno mesto (glavna Avtobusna postaja v \u0160entjurju &#8211; nasproti centra Seli\u010d).&nbsp;&nbsp;&nbsp;&nbsp; <\/strong><\/span><\/p>\nngg_shortcode_0_placeholder\n<p>&nbsp;<\/p>\n<p><strong>3. DAN &#8211; sreda, 29. januar 2025<\/strong><\/p>\n<ul>\n<li>\u0160ola smu\u010danja.<\/li>\n<li>No\u010dna smuka.<\/li>\n<\/ul>\n<p>ngg_shortcode_1_placeholder<strong>2. DAN &#8211; torek, 28. januar 2025<\/strong><\/p>\n<ul>\n<li>Dopoldanska \u0161ola smu\u010danja po vadbenih skupinah glede na predznanje (odmor s \u010dajem).<\/li>\n<li>NARAVOSLOVNI DAN: gozd pozimi.<\/li>\n<li>Dru\u017eabne igre, ples<\/li>\n<\/ul>\nngg_shortcode_2_placeholder\n<ol>\n<li><strong>DAN &#8211; ponedeljek, 27. januar 2025<\/strong><\/li>\n<\/ol>\n<ul>\n<li>Odhod iz \u0160entjurja, vo\u017enja na relaciji \u0160entjur \u2013 Maribor &nbsp;\u2013 Ribnica na Pohorju.<\/li>\n<li>Nastanitev, ogled okolice, kosilo.<\/li>\n<li>Razdelitev smu\u010darske opreme.<\/li>\n<li>Preverjanje znanja smu\u010danja, igre na snegu.<\/li>\n<li>Predavanje policista o varnosti na smu\u010di\u0161\u010du.<\/li>\n<li>No\u010dni pohod.<\/li>\n<li>Ve\u010der dru\u017eabnih iger.<\/li>\n<li>Razporeditev v vadbene skupine, predstavitev u\u010diteljev smu\u010danja.<\/li>\n<\/ul>\nngg_shortcode_3_placeholder\n<p>&nbsp;<\/p>\n<p>&nbsp;<\/p>\n<p>&nbsp;<\/p>\n<p>&nbsp;<\/p>\n<p>&nbsp;<\/p>\n","protected":false},"excerpt":{"rendered":"<p>Z I M S K A&nbsp; \u0160 O L A&nbsp; V&nbsp;&nbsp; N A R A V I RIBNICA NA POHORJU, ponedeljek, 27. februar 2025 \u2013 petek, 31. januar 2025. V leto\u0161njo Zimsko \u0161olo v naravi \u2013 tokrat 26. po vrsti je to \u0161olsko leto 2025\/2025 od\u0161lo 56 sedmo\u0161olk in sedmo\u0161olcev. Spremlja jih 8 spremljevalcev\u2026\u0161tirje u\u010ditelji [&hellip;]<\/p>\n","protected":false},"author":5967,"featured_media":0,"parent":0,"menu_order":0,"comment_status":"closed","ping_status":"closed","template":"","meta":{"_et_pb_use_builder":"","_et_pb_old_content":"","_et_gb_content_width":"","ngg_post_thumbnail":0,"footnotes":"","_expiration-date-status":"","_expiration-date":0,"_expiration-date-type":"","_expiration-date-categories":[],"_expiration-date-options":[]},"class_list":["post-5180","page","type-page","status-publish","hentry"],"_links":{"self":[{"href":"https:\/\/sport.fmalgaja.si\/index.php?rest_route=\/wp\/v2\/pages\/5180","targetHints":{"allow":["GET"]}}],"collection":[{"href":"https:\/\/sport.fmalgaja.si\/index.php?rest_route=\/wp\/v2\/pages"}],"about":[{"href":"https:\/\/sport.fmalgaja.si\/index.php?rest_route=\/wp\/v2\/types\/page"}],"author":[{"embeddable":true,"href":"https:\/\/sport.fmalgaja.si\/index.php?rest_route=\/wp\/v2\/users\/5967"}],"replies":[{"embeddable":true,"href":"https:\/\/sport.fmalgaja.si\/index.php?rest_route=%2Fwp%2Fv2%2Fcomments&post=5180"}],"version-history":[{"count":11,"href":"https:\/\/sport.fmalgaja.si\/index.php?rest_route=\/wp\/v2\/pages\/5180\/revisions"}],"predecessor-version":[{"id":5554,"href":"https:\/\/sport.fmalgaja.si\/index.php?rest_route=\/wp\/v2\/pages\/5180\/revisions\/5554"}],"wp:attachment":[{"href":"https:\/\/sport.fmalgaja.si\/index.php?rest_route=%2Fwp%2Fv2%2Fmedia&parent=5180"}],"curies":[{"name":"wp","href":"https:\/\/api.w.org\/{rel}","templated":true}]}}