{"id":4253,"date":"2023-07-03T11:01:24","date_gmt":"2023-07-03T09:01:24","guid":{"rendered":"https:\/\/osfm-sport.splet.arnes.si\/?page_id=4253"},"modified":"2024-06-20T23:20:18","modified_gmt":"2024-06-20T21:20:18","slug":"poletna-sola-v-naravi-2023-2024","status":"publish","type":"page","link":"https:\/\/sport.fmalgaja.si\/?page_id=4253","title":{"rendered":"Poletna \u0161ola v naravi 2023 &#8211; 2024"},"content":{"rendered":"<p>POLETNA \u0160OLA V NARAVI (P\u0160N) \u2013 5. razred<\/p>\n<p>Debeli rti\u010d, 17. junij 2024 &#8211; Za\u010deli smo z redno Poletno \u0161olo v naravi za na\u0161e peto\u0161olce. \u010ce nam bo dano bomo predvsem star\u0161em objavljali slike in kaj iz vsebine, da ne boste preve\u010d pogre\u0161ali svojih otrok. Najve\u010dji morski pozdrav vsem, ki nas pogre\u0161ate!<\/p>\n<p>NEKAJ PODATKOV:<\/p>\n<ul>\n<li>sodelujejo otroci\n<ul>\n<li>O\u0160 Franja Malgaja \u0160entjur (5.a &#8211; 25, 5.b \u2013 24),<\/li>\n<li>PO\u0160 Blagovna (5.c \u2013 11),<\/li>\n<\/ul>\n<\/li>\n<li>spremljevalci:\n<ul>\n<li>razredniki (3),<\/li>\n<li>biologinja,<\/li>\n<li>plavalni u\u010ditelji (6),<\/li>\n<li>vodja,<\/li>\n<\/ul>\n<\/li>\n<\/ul>\n<ul>\n<li>bivamo v mladinskem domu MARTIN\u010cEK.<\/li>\n<\/ul>\n<p>Artnak, vodja P\u0160N<\/p>\n<p><a href=\"https:\/\/sport.fmalgaja.si\/files\/2024\/06\/objava-dnevni-urnik.pdf\">DNEVNI URNIK<\/a><\/p>\n<p><strong>POLETNA \u0160OLA V NARAVI 5. razred \u2013 \u010cETRTEK, 20. 6. 2024 (4. dan)<\/strong><\/p>\n<ul>\n<li>plavalno opismenjevanje in preverjanje znanja plavanja,<\/li>\n<li>spoznavanja morskega in obmorskega sveta z biologinjo,<\/li>\n<li>\u0161olsko-prosto\u010dasne aktivnosti, likovno-tehni\u010dna delavnica, izposoja knjig, lokostrelstvo, ogled nogometne tekme SLO : SRB,<\/li>\n<li>izbor miss in mistra simpati\u010dnosti Debelega rti\u010da,<\/li>\n<li>obiskal nas je ravnatelj in razveselil s sladoledom,<\/li>\n<li>vreme delno son\u010dno, (TZ)temperatura zraka: 28\u00b0, (TM) temperatura morja: 25\u00b0,<\/li>\n<li><span style=\"color: #ff0000\"><strong>\u2026\u0161e obvestilo o PRIHODU: jutri (petek, 21. junij 2024) se vra\u010damo ob napovedanem \u010dasu (\u010de le ne bo nepredvidenih zastojev na cesti), to je od 16. do 16.30 na mesto odhoda. Star\u0161i bodite pravo\u010dasni. \u010ce nam uspe objaviti, morebitna odstopanja spremljajte na na\u0161i spletni strani:<\/strong><\/span> <a href=\"http:\/\/www.fmalgaja.si\/\">http:\/\/www.fmalgaja.si\/<\/a><\/li>\n<\/ul>\nngg_shortcode_0_placeholder\n<p><strong>POLETNA \u0160OLA V NARAVI 5. razred \u2013 SREDA, 19. 6. 2024 (3. dan)<\/strong><\/p>\n<ul>\n<li>plavalno opismenjevanje,<\/li>\n<li>spoznavanja morskega in obmorskega sveta z biologinjo,<\/li>\n<li>\u0161olsko-prosto\u010dasne aktivnosti, likovno-tehni\u010dna delavnica, izposoja knjig, dru\u017eabne igre,<\/li>\n<li>pohod med vinogradi, ples.<\/li>\n<li>vreme son\u010dno, (TZ)temperatura zraka: 32\u00b0, (TM) temperatura morja: 25\u00b0.<\/li>\n<\/ul>\nngg_shortcode_1_placeholder\n<p>&nbsp;<\/p>\n<p><strong>POLETNA \u0160OLA V NARAVI 5. razred &#8211; TOREK, 18. 6. 2024 (2. dan)<\/strong><\/p>\n<ul>\n<li>plavalno opismenjevanje,<\/li>\n<li>spoznavanja morskega in obmorskega sveta z biologinjo,<\/li>\n<li>izlet z ladjico v Piran v dveh skupinah,<\/li>\n<li>prva po\u0161ta od doma,<\/li>\n<li>\u0160PORTNI DAN; igre z \u017eogo,<\/li>\n<li>praznovanje rojstnega dne,<\/li>\n<li>vreme son\u010dno, (TZ) temperatura zraka: 30\u00b0, (TM) temperatura morja: 25\u00b0,<\/li>\n<li>\u2026pa kdor \u0161e ne ve\u2026odbojkarji SLO gredo na OI v Pariz.<\/li>\n<\/ul>\nngg_shortcode_2_placeholder\n<p>&nbsp;<\/p>\n<p><strong>POLETNA \u0160OLA V NARAVI 5. razred, PONEDELJEK, 17. junij 2024 (1. dan)<\/strong><\/p>\n<ul>\n<li>Odhod iz \u0160entjurja, vmesni po\u010ditek in malica na Lomu,<\/li>\n<li>prihod (objava na radiu Celje in \u0160tajerski val), nastanitev,<\/li>\n<li>NARAVOSLOVNI DAN: <strong>Rastlinstvo in \u017eivalstvo v obmorskem svetu, <\/strong><\/li>\n<li>seznanitev z okolico, razporeditev po plavalnih skupinah,<\/li>\n<li>spoznavanje kopali\u0161\u010da, osnove u\u010denja plavanja, dru\u017eabne igre,<\/li>\n<li>ve\u010derne aktivnosti (\u00bbspoznajmo se\u00ab),<\/li>\n<li>vreme son\u010dno, (TZ)temperatura zraka: 28\u00b0, (TM) temperatura morja: 24,5\u00b0<\/li>\n<\/ul>\nngg_shortcode_3_placeholder\n","protected":false},"excerpt":{"rendered":"<p>POLETNA \u0160OLA V NARAVI (P\u0160N) \u2013 5. razred Debeli rti\u010d, 17. junij 2024 &#8211; Za\u010deli smo z redno Poletno \u0161olo v naravi za na\u0161e peto\u0161olce. \u010ce nam bo dano bomo predvsem star\u0161em objavljali slike in kaj iz vsebine, da ne boste preve\u010d pogre\u0161ali svojih otrok. Najve\u010dji morski pozdrav vsem, ki nas pogre\u0161ate! NEKAJ PODATKOV: sodelujejo [&hellip;]<\/p>\n","protected":false},"author":5967,"featured_media":0,"parent":0,"menu_order":0,"comment_status":"closed","ping_status":"closed","template":"","meta":{"_et_pb_use_builder":"","_et_pb_old_content":"","_et_gb_content_width":"","ngg_post_thumbnail":0,"footnotes":"","_expiration-date-status":"","_expiration-date":0,"_expiration-date-type":"","_expiration-date-categories":[],"_expiration-date-options":[]},"class_list":["post-4253","page","type-page","status-publish","hentry"],"_links":{"self":[{"href":"https:\/\/sport.fmalgaja.si\/index.php?rest_route=\/wp\/v2\/pages\/4253","targetHints":{"allow":["GET"]}}],"collection":[{"href":"https:\/\/sport.fmalgaja.si\/index.php?rest_route=\/wp\/v2\/pages"}],"about":[{"href":"https:\/\/sport.fmalgaja.si\/index.php?rest_route=\/wp\/v2\/types\/page"}],"author":[{"embeddable":true,"href":"https:\/\/sport.fmalgaja.si\/index.php?rest_route=\/wp\/v2\/users\/5967"}],"replies":[{"embeddable":true,"href":"https:\/\/sport.fmalgaja.si\/index.php?rest_route=%2Fwp%2Fv2%2Fcomments&post=4253"}],"version-history":[{"count":11,"href":"https:\/\/sport.fmalgaja.si\/index.php?rest_route=\/wp\/v2\/pages\/4253\/revisions"}],"predecessor-version":[{"id":5162,"href":"https:\/\/sport.fmalgaja.si\/index.php?rest_route=\/wp\/v2\/pages\/4253\/revisions\/5162"}],"wp:attachment":[{"href":"https:\/\/sport.fmalgaja.si\/index.php?rest_route=%2Fwp%2Fv2%2Fmedia&parent=4253"}],"curies":[{"name":"wp","href":"https:\/\/api.w.org\/{rel}","templated":true}]}}