{"id":4248,"date":"2023-07-03T10:59:31","date_gmt":"2023-07-03T08:59:31","guid":{"rendered":"https:\/\/osfm-sport.splet.arnes.si\/?page_id=4248"},"modified":"2024-02-04T09:37:48","modified_gmt":"2024-02-04T08:37:48","slug":"zimska-sola-v-naravi-2023-2024","status":"publish","type":"page","link":"https:\/\/sport.fmalgaja.si\/?page_id=4248","title":{"rendered":"Zimska \u0161ola v naravi 2023 &#8211; 2024"},"content":{"rendered":"<p>Ribnica na Pohorju, 29. 1 do 2. 2. 2024<\/p>\n<h3><strong>Z I M S K A&nbsp; \u0160 O L A&nbsp; V&nbsp;&nbsp; N A R A V I<\/strong><\/h3>\n<p>V leto\u0161njo Zimsko \u0161olo v naravi \u2013 tokrat 25. po vrsti je to \u0161olsko leto 2023\/2024 od\u0161lo 52 sedmo\u0161olcev. Spremlja jih 6 spremljevalcev\u2026\u0161tirje u\u010ditelji smu\u010danja ter trije u\u010ditelji v vlogi razrednika od tega eden tudi kot vodja. Smu\u010darska \u0161ola D\u017eana iz Ribnice nam bo vsak dan pomagala \u0161e z dvema dodatnima u\u010diteljema smu\u010danja.<\/p>\n<p>Skozi posamezne dneve bi naj posku\u0161ali v kratkih povzetkih ter predvsem v sliki \u010de nam bo povezava s svetovnim spletom to omogo\u010dala, predstavljati \u017eivljenje in delo otrok in u\u010diteljev. Gradivo je namenjeno predvsem star\u0161em in tistim, ki jih zanima tukaj\u0161nje dogajanje ali pa nas samo pogre\u0161ate v \u0161oli, slu\u017ebi in tudi doma.<\/p>\n<p>Smu\u010darski pozdrav,<\/p>\n<p><strong>V. Artnak, vodja Z\u0160N<\/strong><\/p>\n<p>&nbsp;<\/p>\n<p><strong>4. DAN &#8211; \u010detrtek, 1. februar 2024<\/strong><\/p>\n<ul>\n<li><strong>&nbsp;<\/strong>\u0160ola smu\u010danja po vadbenih skupinah.<\/li>\n<li>Tekmovanje v smu\u010danju.<\/li>\n<li>Disco ve\u010der.<\/li>\n<\/ul>\n<p><span style=\"color: #ff0000\"><strong>Jutri (petek) pridemo domov kot smo napovedali <\/strong><\/span><strong><span style=\"color: #ff0000\">med 16.00 in 16.30 uro na izhodi\u0161\u010dno mesto (glavna Avtobusna postaja v \u0160entjurju &#8211; nasproti centra Seli\u010d).&nbsp;&nbsp;<\/span>&nbsp;&nbsp; <\/strong><\/p>\n<p>ngg_shortcode_0_placeholder<a href=\"https:\/\/sport.fmalgaja.si\/files\/2024\/01\/TEKMOVANJE-rezultati.pdf\">TEKMOVANJE-rezultati<\/a><\/p>\n<p>&nbsp;<\/p>\n<p><strong>3. DAN &#8211; sreda, 31. januar 2024<\/strong><\/p>\n<ul>\n<li>\u0160ola smu\u010danja.<\/li>\n<li>NARAVASLOVNI DAN; GOZD POZIMI.<\/li>\n<li>No\u010dna smuka.<\/li>\n<li>\u2026pozornost za rojstni dan.<\/li>\n<\/ul>\n<p>\u0160olska ekipa robotike je s pomo\u010djo aplikacije Geocaching pe\u0161 iskala zaklad, ki je del dr\u017eavnega tekmovanja. Zaklad je bil skrit ob Sgermovi smreki (oddaljeni okoli 4,5km od Ribnice), ki s svojimi 62m velja za najvi\u0161je avtohtono drevo v Sloveniji in srednji Evropi.<\/p>\nngg_shortcode_1_placeholder\n<p><strong>2. DAN &#8211; torek, 30. januar 2024<\/strong><\/p>\n<ul>\n<li>Dopoldanska in popoldanska \u0161ola smu\u010danja po vadbenih skupinah glede na predznanje (dopoldan odmor s \u010dajem).<\/li>\n<li>Predavanje policista o varnosti na smu\u010di\u0161\u010du.<\/li>\n<\/ul>\nngg_shortcode_2_placeholder\n<ol>\n<li><strong>DAN &#8211; ponedeljek, 29. januar 2024<\/strong><\/li>\n<\/ol>\n<ul>\n<li>Odhod iz \u0160entjurja, vo\u017enja na relaciji \u0160entjur \u2013 Maribor &nbsp;\u2013 Ribnica na Pohorju.<\/li>\n<li>Nastanitev, ogled okolice, kosilo.<\/li>\n<li>Preverjanje znanja smu\u010danja, igre na snegu.<\/li>\n<li>No\u010dni pohod.<\/li>\n<li>Ve\u010der dru\u017eabnih iger.<\/li>\n<li>Razporeditev v vadbene skupine, predstavitev u\u010diteljev smu\u010danja.<\/li>\n<\/ul>\n<p>ngg_shortcode_3_placeholder<a href=\"https:\/\/sport.fmalgaja.si\/files\/2024\/01\/dnevni-razpored.pdf\">DNEVNI RAZPORED<\/a><\/p>\n","protected":false},"excerpt":{"rendered":"<p>Ribnica na Pohorju, 29. 1 do 2. 2. 2024 Z I M S K A&nbsp; \u0160 O L A&nbsp; V&nbsp;&nbsp; N A R A V I V leto\u0161njo Zimsko \u0161olo v naravi \u2013 tokrat 25. po vrsti je to \u0161olsko leto 2023\/2024 od\u0161lo 52 sedmo\u0161olcev. Spremlja jih 6 spremljevalcev\u2026\u0161tirje u\u010ditelji smu\u010danja ter trije u\u010ditelji v [&hellip;]<\/p>\n","protected":false},"author":5967,"featured_media":0,"parent":0,"menu_order":0,"comment_status":"closed","ping_status":"closed","template":"","meta":{"_et_pb_use_builder":"","_et_pb_old_content":"","_et_gb_content_width":"","ngg_post_thumbnail":0,"footnotes":"","_expiration-date-status":"","_expiration-date":0,"_expiration-date-type":"","_expiration-date-categories":[],"_expiration-date-options":[]},"class_list":["post-4248","page","type-page","status-publish","hentry"],"_links":{"self":[{"href":"https:\/\/sport.fmalgaja.si\/index.php?rest_route=\/wp\/v2\/pages\/4248","targetHints":{"allow":["GET"]}}],"collection":[{"href":"https:\/\/sport.fmalgaja.si\/index.php?rest_route=\/wp\/v2\/pages"}],"about":[{"href":"https:\/\/sport.fmalgaja.si\/index.php?rest_route=\/wp\/v2\/types\/page"}],"author":[{"embeddable":true,"href":"https:\/\/sport.fmalgaja.si\/index.php?rest_route=\/wp\/v2\/users\/5967"}],"replies":[{"embeddable":true,"href":"https:\/\/sport.fmalgaja.si\/index.php?rest_route=%2Fwp%2Fv2%2Fcomments&post=4248"}],"version-history":[{"count":2,"href":"https:\/\/sport.fmalgaja.si\/index.php?rest_route=\/wp\/v2\/pages\/4248\/revisions"}],"predecessor-version":[{"id":4717,"href":"https:\/\/sport.fmalgaja.si\/index.php?rest_route=\/wp\/v2\/pages\/4248\/revisions\/4717"}],"wp:attachment":[{"href":"https:\/\/sport.fmalgaja.si\/index.php?rest_route=%2Fwp%2Fv2%2Fmedia&parent=4248"}],"curies":[{"name":"wp","href":"https:\/\/api.w.org\/{rel}","templated":true}]}}