{"id":4244,"date":"2023-07-03T10:48:30","date_gmt":"2023-07-03T08:48:30","guid":{"rendered":"https:\/\/osfm-sport.splet.arnes.si\/?page_id=4244"},"modified":"2024-08-29T12:00:40","modified_gmt":"2024-08-29T10:00:40","slug":"uspehi-sol-leto-2023-2024","status":"publish","type":"page","link":"https:\/\/sport.fmalgaja.si\/?page_id=4244","title":{"rendered":"Uspehi \u0161ol. leto 2023-2024"},"content":{"rendered":"<p>&nbsp;<\/p>\n<p><strong><u><span style=\"color: #0000ff\">Dr\u017eavno (finale) prvenstvo v atletiki za VAP, MAP O\u0160 &#8211; Slovenska Bistrica, 5. 6. 2024<\/span><\/u><\/strong><\/p>\n<ul>\n<li>10. mesto:\n<ul>\n<li>\u017dana Pajk (vi\u0161ina MAP)<\/li>\n<\/ul>\n<\/li>\n<li>13. mesto:\n<ul>\n<li>Tor Mauko Jug (300m MAP)<\/li>\n<\/ul>\n<\/li>\n<li>16. mesto:\n<ul>\n<li>Tinkara Gaj\u0161ek (600m MAP)<\/li>\n<\/ul>\n<\/li>\n<\/ul>\n<p>&nbsp;<\/p>\n<p><strong><u><span style=\"color: #0000ff\">Medob\u010dinsko prvenstvo ATLETSKI TROBOJ letnik 2013 in mlaj\u0161i &#8211; \u0160entjur, 29. 5. 2024<\/span><\/u><\/strong><\/p>\n<ul>\n<li>1. mesto:\n<ul>\n<li>EKIPNO de\u010dki (Vid Kukovi\u010d, \u010crt Belec, \u017dak Gorin\u0161ek, Plavsteiner Benjamin)<\/li>\n<\/ul>\n<\/li>\n<li>2. mesto:\n<ul>\n<li>EKIPNO deklice (Stela Kosma\u010d, Iva Smagaj, Zarja Jakopi\u010d \u017dolgar, Zala Antoli\u010d),<\/li>\n<li>Vid Kukovi\u010d<\/li>\n<\/ul>\n<\/li>\n<li>3. mesto:\n<ul>\n<li>\u010crt Belec<\/li>\n<\/ul>\n<\/li>\n<\/ul>\n<ul>\n<li style=\"list-style-type: none\">\n<ul>\n<li style=\"list-style-type: none\">&nbsp;<\/li>\n<\/ul>\n<\/li>\n<\/ul>\n<p>&nbsp;<\/p>\n<p><strong><span style=\"color: #0000ff;text-decoration: underline\">Podro\u010dno finale v atletiki za VAP in MAP O\u0160 &#8211; Celje, 28. 5. 2024<\/span><\/strong><\/p>\n<ul>\n<li>1. mesto\n<ul>\n<li>\u017dana Pajk, vi\u0161ina MAP<\/li>\n<\/ul>\n<\/li>\n<li>3. mesto:\n<ul>\n<li>Mia Bajde, vi\u0161ina VAP<\/li>\n<li>Tinkara Gaj\u0161ek, 600m MAP<\/li>\n<li>Tor Mauko Jug, 300m MAP<\/li>\n<\/ul>\n<\/li>\n<li>4. mesto:\n<ul>\n<li>Ju\u0161 \u010cmer Stra\u0161ek, 300m VAP<\/li>\n<\/ul>\n<\/li>\n<li>5. mesto\n<ul>\n<li>Svit Rozman, krogla VAP<\/li>\n<\/ul>\n<\/li>\n<li>6. mesto:\n<ul>\n<li>Luna Rozman, 60m MAP<\/li>\n<\/ul>\n<\/li>\n<\/ul>\n<p>&nbsp;<\/p>\n<p><span style=\"color: #0000ff\"><b>Dr\u017eavno prvenstvo v lokostrelstvu &#8211; Logatec, 25. 5. 2024<\/b><\/span><\/p>\n<ul>\n<li>5. mesto: Aleks Berden (goli lok 5., 6. razred)<\/li>\n<\/ul>\n<p><strong><span style=\"color: #0000ff;text-decoration: underline\">Medob\u010dinsko prvenstvo v atletiki &#8211; \u0160entjur, 17. 5. 2024<\/span><\/strong><\/p>\n<ul>\n<li><span data-sheets-root=\"1\">1. mesto<\/span><\/li>\n<li><span data-sheets-root=\"1\"> Zidar Katarina,<\/span><\/li>\n<li><span data-sheets-root=\"1\"> Rozman Luna,<\/span><\/li>\n<li><span data-sheets-root=\"1\"> Pajk \u017dana,<\/span><\/li>\n<li><span data-sheets-root=\"1\"> \u010coklc Lili,<\/span><\/li>\n<li><span data-sheets-root=\"1\"> Mauko Jug Tor,<\/span><\/li>\n<li><span data-sheets-root=\"1\"> \u010cmer Stra\u0161ek Ju\u0161, <\/span><\/li>\n<li><span data-sheets-root=\"1\">Rozman Svit, <\/span><\/li>\n<li><span data-sheets-root=\"1\">Gaj\u0161ek <\/span><span data-sheets-root=\"1\">Tinkara,<\/span><\/li>\n<li><span data-sheets-root=\"1\"> Lesjak Gra\u010dner Tobija, <\/span><\/li>\n<li><span data-sheets-root=\"1\">\u0160tafeta deklata 4x100m.<\/span><\/li>\n<\/ul>\n<p>&nbsp;<\/p>\n<ul>\n<li><span data-sheets-root=\"1\">2. mesto<\/span><\/li>\n<li><span data-sheets-root=\"1\">\u017dafran Isabella 1000m VAP,<\/span><\/li>\n<li><span data-sheets-root=\"1\">Bajde Mia skok v vi\u0161ino VAP, <\/span><\/li>\n<li><span data-sheets-root=\"1\">Petrovi\u010d Ema 60m VAP,<\/span><\/li>\n<li><span data-sheets-root=\"1\"> Kavka Danijel skok v vi\u0161ino VAP<\/span><\/li>\n<\/ul>\n<p>&nbsp;<\/p>\n<ul>\n<li><span data-sheets-root=\"1\"> 3. mesto<br \/>\nMastnak Ajda skok v daljino MAP<br \/>\nVrabl Tina skok v vi\u0161ino MAP<br \/>\nFon Nu\u0161a skok v daljino VAP<br \/>\nKolar Svit Suvanje krogle VAP<br \/>\n\u0160tafeta dekleta Franja Malgaja 2 4x100m VAP <\/span><\/li>\n<\/ul>\n<p><strong><span style=\"color: #0000ff;text-decoration: underline\">Dr\u017eavno prvenstvo v krosu&nbsp; &#8211; Murska Sobota, 18. 4. 2024<\/span><\/strong><\/p>\n<ul>\n<li>2. mesto:\n<ul>\n<li>Tinkara Gaj\u0161ek, 6. raz&nbsp;<\/li>\n<\/ul>\n<\/li>\n<li>3. mesto\n<ul>\n<li>Luna Rozman, 7. raz&nbsp;<\/li>\n<\/ul>\n<\/li>\n<\/ul>\n<ul>\n<li>7. mesto:\n<ul>\n<li>Vid Kukovi\u010d, 5. raz<\/li>\n<li>Maj Kr\u010d, 6. raz<\/li>\n<\/ul>\n<\/li>\n<li>13. mesto:\n<ul>\n<li>Zarja Jakopi\u010d \u017dolgar, 5. raz<\/li>\n<\/ul>\n<\/li>\n<\/ul>\n<p>&nbsp;<\/p>\n<p><span style=\"color: #0000ff\"><b>Dr\u017eavno prvenstvo v \u0161portnem plezanju &#8211; Vojnik, 13. 3. 2024<\/b><\/span><\/p>\n<ul>\n<li>9. mesto: Nikan Modic (starej\u0161e deklice nelicencirane), Iva Ogradi (mlaj\u0161e deklice licencirane)<\/li>\n<\/ul>\n<p>&nbsp;<\/p>\n<p>&nbsp;<\/p>\n<p><span style=\"color: #0000ff\"><b>Medob\u010dinsko prvenstvo v odbojki (mlaj\u0161e deklice) &#8211; Ponikva, 20. 3. 2024<\/b><\/span><\/p>\n<ul>\n<li>2. mesto: Gregorc Anastazija, Gaj\u0161ek Tinkara, Berglez Ema, Ko\u0161ec Simona, Antoli\u010d Lara, \u0110oki\u0107 Kaja, Filej Zala, Lukanc Manca, Jazbec Manca, Marko\u0161ek Ajda, Pajk \u017dana, Mastnak Ajda, Vrabl Tina, Ogradi Iva.<\/li>\n<\/ul>\n<p>&nbsp;<\/p>\n<p><span style=\"color: #0000ff\"><b>Podro\u010dno prvenstvo v rokometu (mlaj\u0161i de\u010dki) &#8211; Celje, 5. 3. 2024<\/b><\/span><\/p>\n<ul>\n<li>2. mesto: Vid \u017dnidar, Luka Kova\u010di\u0107, Nejc Jelen, Jurij Tovornik, Matija Per\u010di\u010d, Maj Zalo\u017enik Bezen\u0161ek in Urh Herman.&nbsp;<\/li>\n<\/ul>\n<p><span style=\"color: #0000ff\"><b>Ob\u010dinsko prvenstvo v rokometu (mlaj\u0161i de\u010dki) &#8211; Ponikva, 21. 2. 2024<\/b><\/span><\/p>\n<ul>\n<li>1. mesto: Vid \u017dnidar, Luka Kova\u010di\u0107, Tja\u0161 Mehtig,&nbsp; Jurij Tovornik, Matija Per\u010di\u010d, Maj Zalo\u017enik Bezen\u0161ek in Urh Herman.&nbsp;<\/li>\n<\/ul>\n<p><span style=\"color: #0000ff\"><strong>Podro\u010dno prvenstvo v ko\u0161arki (mlaj\u0161i <b>de\u010dki<\/b>) polfinale&nbsp; &#8211; Roga\u0161ka Slatina, 15. 2. 2024<\/strong><\/span><\/p>\n<ul>\n<li>3. mesto: Nick Fras, Vid \u017dnidar, Matev\u017e Langus, Maj Kr\u010d, Matija Per\u010di\u010d, Lukas Lavti\u017ear, Luka Kova\u010di\u0107, Urban Mezgec, Jurij Tovornik, Timotej Cingl, Maj Bezen\u0161ek Zalo\u017enik, Nejc Vre\u010dko, Lucija Drofenik in Miha Zaver\u0161nik.&nbsp;<\/li>\n<\/ul>\n<p><span style=\"color: #0000ff\"><strong>Podro\u010dno prvenstvo v ko\u0161arki (mlaj\u0161i <b>de\u010dki<\/b>) 1. krog &#8211; Hru\u0161evec, 5. 2. 2024<\/strong><\/span><\/p>\n<ul>\n<li>1. mesto: Nick Fras, Vid \u017dnidar, Matev\u017e Langus, Maj Kr\u010d, Matija Per\u010di\u010d, Patrik Trupej, Lukas Lavti\u017ear, Lucija Drofenik, Urh Herman, A\u017ebe Ur\u0161i\u010d in Miha Zaver\u0161nik.&nbsp;<\/li>\n<\/ul>\n<p><span style=\"color: #0000ff\"><strong>Podro\u010dno prvenstvo v Lokostrelstvu \u2013 Gri\u017ee, 3. 2. 2024<\/strong><\/span><\/p>\n<ul>\n<li>6. mesto:\n<ul>\n<li>Aleks Berden 4 &#8211;&nbsp; 6. raz goli lok<\/li>\n<\/ul>\n<\/li>\n<\/ul>\n<p>&nbsp;<\/p>\n<p><span style=\"color: #0000ff\"><strong>Ob\u010dinsko prvenstvo v ko\u0161arki (mlaj\u0161i <b>de\u010dki<\/b>) &#8211; Hru\u0161evec, 23. 1. 2024<\/strong><\/span><\/p>\n<ul>\n<li>1. mesto: Nick Fras, Luka Kova\u010di\u0107, Urban Mezgec, Vid \u017dnidar, Matev\u017e Langus, Jurij Tovornik, Aleks Re\u010dnik, Maj Bezen\u0161ek Zalo\u017enik, Maj Kr\u010d, Matija Per\u010di\u010d, Patrik Trupej in Nejc Vre\u010dko.<\/li>\n<\/ul>\n<p><span style=\"color: #0000ff\"><strong>Podro\u010dno prvenstvo v rokometu (starej\u0161i <b>de\u010dki<\/b>) &#8211; Celje, 27. 11. 2023<\/strong><\/span><\/p>\n<p>3. mesto : Aljan Risteski, Vid Kenda, Ju\u0161 \u010cmer Stra\u0161ek, Tobija Lesjak Gradi\u010d, Jon Ko\u010devar, Mate Ilek in Urh Kr\u010d.&nbsp;<\/p>\n<p><span style=\"color: #0000ff\"><strong>Podro\u010dno prvenstvo v ko\u0161arki starej\u0161i <b>de\u010dki<\/b> ( polfinale) &#8211; Vransko, 16. 11. 2023<\/strong><\/span><\/p>\n<ul>\n<li>3. mesto: Ju\u0161 \u010cmer Stra\u0161ek, Urh Kr\u010d,&nbsp; Danijel Kavka, Jon Ko\u010devar, Vid Razto\u010dnik, Adam Sherif Aly, Matej Ilek, Jan Kumer, Luka Kova\u010di\u010d Tobija Lesjak Gradi\u010d, Matic Bre\u010dko, Nick Fras in Alen Kunsti\u010d.&nbsp;<\/li>\n<\/ul>\n<p><span style=\"color: #0000ff\"><strong>Ob\u010dinsko prvenstvo v rokometu (starej\u0161i <b>de\u010dki<\/b>) &#8211; Ponikva, 10. 11. 2023<\/strong><\/span><\/p>\n<ul>\n<li>1. mesto: Urh Kr\u010d,&nbsp; Jon Ko\u010devar, Matej Ilek, Jan Kumer, Tobija Lesjak Gradi\u010d, Aljan Risteski, Ju\u0161 \u010cmer Stra\u0161ek in Vid Kenda<\/li>\n<\/ul>\n<p><span style=\"color: #0000ff\"><strong>Podro\u010dno prvenstvo v ko\u0161arki starej\u0161i <b>de\u010dki<\/b> (1. krog) &#8211;&nbsp; Celje, 8. 11. 2023<\/strong><\/span><\/p>\n<ul>\n<li>2. mesto : Maj Kundih, Urh Kr\u010d,&nbsp; Danijel Kavka, Jon Ko\u010devar, Maj Bezen\u0161ek, Adam Sherif Aly, Matej Ilek, Jan Kumer, Gaber Kajtna, Matic Bre\u010dko, Nick Fras in Alen Kunsti\u010d.&nbsp;<\/li>\n<\/ul>\n<p><span style=\"color: #0000ff\"><strong>Ob\u010dinsko prvenstvo v ko\u0161arki (starej\u0161i <b>de\u010dki<\/b>) &#8211; Hru\u0161evec, 25. 10. 2023<\/strong><\/span><\/p>\n<ul>\n<li>1. mesto: Tobija Lesjak Gradi\u010d, Danijel Kavka, Nick Fras, Luka Kova\u010di\u010d, Adam Sherif Aly, Matej Ilek, Jan Kumer, Gaber Kajtna, Matic Bre\u010dko, Vid Razto\u010dnik in Alen Kunsti\u010d.&nbsp;<\/li>\n<\/ul>\n<p><span style=\"color: #0000ff\"><strong>Dr\u017eavno prvenstvo v cestnem teku (Ljubljanski maraton) \u2013 Ljubljana, 21. 10. 2023<\/strong><\/span><\/p>\n<ul>\n<li>1. mesto:\n<ul>\n<li>Tinkara Gaj\u0161ek 6. raz 1800m<\/li>\n<\/ul>\n<\/li>\n<\/ul>\n<p>&nbsp;<\/p>\n<p><span style=\"color: #0000ff\"><strong>Medob\u010dinsko prvenstvo v krosu (jesensko) \u2013 \u0160entjur, 27. 9. 2023<\/strong><\/span><\/p>\n<ul>\n<li>1. mesto:\n<ul>\n<li>EKIPNO deklice 5. do 9. raz,<\/li>\n<li>EKIPNO de\u010dki 5. do 9. raz<\/li>\n<li>Zarja Jakopi\u010d \u017dolgar, 5. raz<\/li>\n<li>Vid Kukovi\u010d, 5. raz<\/li>\n<li>Tinkara Gaj\u0161ek, 6. raz<\/li>\n<li>Maj Kr\u010d, 6. raz<\/li>\n<li>Luna Rozman, 7. raz<\/li>\n<li>Matija Per\u010di\u010d, 7. raz<\/li>\n<li>Urh Kr\u010d, 8. raz<\/li>\n<\/ul>\n<\/li>\n<\/ul>\n<ul>\n<li>2. mesto:\n<ul>\n<li>Tejo Brilej 5. raz<\/li>\n<li>Lara Antoli\u010d, 7. raz<\/li>\n<li>Urban Mezgec, 7. raz<\/li>\n<\/ul>\n<\/li>\n<li>3. mesto\n<ul>\n<li>Stella Kosma\u010d, 5. raz<\/li>\n<li>Anej Ur\u0161i\u010d, 5. raz<\/li>\n<li>Matic Bre\u010dko, 8. raz<\/li>\n<li>Vita Ela Kolar, 8. raz<\/li>\n<\/ul>\n<\/li>\n<\/ul>\nngg_shortcode_0_placeholder\n<p><strong><u><span style=\"color: #0000ff\">Medob\u010dinsko prvenstvo v ODBOJKI NA MIVKI &#8211; jesensko de\u010dki &#8211; Gorica pri Slivnici, 6. 9. 2023<\/span><\/u><\/strong><\/p>\n<p>1. mesto: LESJAK GRADI\u010c TOBIJA, KENDA VID, KO\u010cEVAR JON, KR\u010c URH, KUMER JAN, KUNSTI\u010c ALEN, \u017dNIDAR VID<\/p>\n<p><a href=\"https:\/\/sport.fmalgaja.si\/files\/2023\/09\/20230906_132351-scaled.jpg\"><img loading=\"lazy\" decoding=\"async\" class=\"aligncenter size-medium wp-image-4360\" src=\"https:\/\/sport.fmalgaja.si\/files\/2023\/09\/20230906_132351-300x225.jpg\" alt=\"\" width=\"300\" height=\"225\"><\/a><\/p>\n<p>&nbsp;<\/p>\n","protected":false},"excerpt":{"rendered":"<p>&nbsp; Dr\u017eavno (finale) prvenstvo v atletiki za VAP, MAP O\u0160 &#8211; Slovenska Bistrica, 5. 6. 2024 10. mesto: \u017dana Pajk (vi\u0161ina MAP) 13. mesto: Tor Mauko Jug (300m MAP) 16. mesto: Tinkara Gaj\u0161ek (600m MAP) &nbsp; Medob\u010dinsko prvenstvo ATLETSKI TROBOJ letnik 2013 in mlaj\u0161i &#8211; \u0160entjur, 29. 5. 2024 1. mesto: EKIPNO de\u010dki (Vid Kukovi\u010d, [&hellip;]<\/p>\n","protected":false},"author":5967,"featured_media":0,"parent":0,"menu_order":0,"comment_status":"closed","ping_status":"closed","template":"","meta":{"_et_pb_use_builder":"","_et_pb_old_content":"","_et_gb_content_width":"","ngg_post_thumbnail":0,"footnotes":""},"class_list":["post-4244","page","type-page","status-publish","hentry"],"publishpress_future_action":{"enabled":false,"date":"2026-05-23 07:27:51","action":"change-status","newStatus":"draft","terms":[],"taxonomy":"","extraData":[]},"publishpress_future_workflow_manual_trigger":{"enabledWorkflows":[]},"_links":{"self":[{"href":"https:\/\/sport.fmalgaja.si\/index.php?rest_route=\/wp\/v2\/pages\/4244","targetHints":{"allow":["GET"]}}],"collection":[{"href":"https:\/\/sport.fmalgaja.si\/index.php?rest_route=\/wp\/v2\/pages"}],"about":[{"href":"https:\/\/sport.fmalgaja.si\/index.php?rest_route=\/wp\/v2\/types\/page"}],"author":[{"embeddable":true,"href":"https:\/\/sport.fmalgaja.si\/index.php?rest_route=\/wp\/v2\/users\/5967"}],"replies":[{"embeddable":true,"href":"https:\/\/sport.fmalgaja.si\/index.php?rest_route=%2Fwp%2Fv2%2Fcomments&post=4244"}],"version-history":[{"count":15,"href":"https:\/\/sport.fmalgaja.si\/index.php?rest_route=\/wp\/v2\/pages\/4244\/revisions"}],"predecessor-version":[{"id":5190,"href":"https:\/\/sport.fmalgaja.si\/index.php?rest_route=\/wp\/v2\/pages\/4244\/revisions\/5190"}],"wp:attachment":[{"href":"https:\/\/sport.fmalgaja.si\/index.php?rest_route=%2Fwp%2Fv2%2Fmedia&parent=4244"}],"curies":[{"name":"wp","href":"https:\/\/api.w.org\/{rel}","templated":true}]}}