{"id":3504,"date":"2022-08-24T09:37:49","date_gmt":"2022-08-24T07:37:49","guid":{"rendered":"https:\/\/osfm-sport.splet.arnes.si\/?page_id=3504"},"modified":"2023-07-03T10:56:11","modified_gmt":"2023-07-03T08:56:11","slug":"poletna-sola-v-naravi-2022-2023","status":"publish","type":"page","link":"https:\/\/sport.fmalgaja.si\/?page_id=3504","title":{"rendered":"Poletna \u0161ola v naravi 2022 &#8211; 2023"},"content":{"rendered":"<p>POLETNA \u0160OLA V NARAVI (P\u0160N) \u2013 5. razred, OPP (Debeli rti\u010d, 12. junij do 16. junij 2023)<\/p>\n<p>Za\u010deli smo z redno Poletno \u0161olo v naravi za na\u0161e peto\u0161olce. Tokrat so po nekaj letih z nami tudi na\u0161i u\u010denci oddelkov s prilagojenim programom (OPP). \u010ce nam bo dano bomo predvsem star\u0161em objavljali slike in kaj iz vsebine, da ne boste preve\u010d pogre\u0161ali svojih otrok. Najve\u010dji morski pozdrav vsem, ki nas pogre\u0161ate!<\/p>\n<p>NEKAJ PODATKOV:<\/p>\n<ul>\n<li>sodelujejo otroci\n<ul>\n<li>O\u0160 Franja Malgaja \u0160entjur (5.a &#8211; 24, 5.b \u2013 20),<\/li>\n<li>PO\u0160 Blagovna (5.c \u2013 14),<\/li>\n<li>OPP1, OPP2, OPP3 (18),<\/li>\n<\/ul>\n<\/li>\n<li>spremljevalci:\n<ul>\n<li>razredniki (3+3),<\/li>\n<li>biologinja,<\/li>\n<li>plavalni u\u010ditelji (6+2),<\/li>\n<li>vodja,<\/li>\n<\/ul>\n<\/li>\n<\/ul>\n<ul>\n<li>bivamo v mladinskem domu RAKOVICA.&nbsp; &nbsp;<\/li>\n<\/ul>\n<p>V. Artnak, vodja P\u0160N<\/p>\n<p>&nbsp;<\/p>\n<p><strong>POLETNA \u0160OLA V NARAVI 5. razred, OPP1, OPP2, OPP3 &#8211; PONEDELJEK, 12. junij 2023 (1. dan)<\/strong><\/p>\n<ul>\n<li>Odhod iz \u0160entjurja, vmesni po\u010ditek in malica na Lomu,<\/li>\n<li>prihod (objava na radiu Celje in \u0160tajerski val), nastanitev,<\/li>\n<li>NARAVOSLOVNI DAN: <strong>Rastlinstvo in \u017eivalstvo v obmorskem svetu, <\/strong><\/li>\n<li>seznanitev z okolico, razporeditev po plavalnih skupinah,<\/li>\n<li>spoznavanje kopali\u0161\u010da, osnove u\u010denja plavanja, dru\u017eabne igre,<\/li>\n<li>ve\u010derne aktivnosti (\u00bbspoznajmo se\u00ab), ples.<\/li>\n<\/ul>\n<p><a href=\"https:\/\/sport.fmalgaja.si\/files\/2023\/06\/1-URNIK-1.pdf\">&#8220;DNEVNI URNIK&#8221;<\/a><\/p>\nngg_shortcode_0_placeholder\n<p><strong>POLETNA \u0160OLA V NARAVI 5. razred, OPP1, OPP2, OPP3 &#8211; TOREK, 13. 6. 2023 (2. dan)<\/strong><\/p>\n<ul>\n<li>Plavalno opismenjevanje,<\/li>\n<li>spoznavanja morskega in obmorskega sveta z biologinjo,<\/li>\n<li>\u0161olsko-prosto\u010dasne aktivnosti, likovno-tehni\u010dna delavnica, dru\u017eabne igre, lokostrelstvo, namizni tenis,<\/li>\n<li>prva po\u0161ta od doma,<\/li>\n<li>\u0160PORTNI DAN; igre z \u017eogo,<\/li>\n<li>OPP3 no\u010dni pohod z lu\u010dkami,<\/li>\n<li>vreme delno son\u010dno, (TZ) temperatura zraka: 27\u00b0, (TM) temperatura morja: 22\u00b0<\/li>\n<\/ul>\nngg_shortcode_1_placeholder\n<p><strong>POLETNA \u0160OLA V NARAVI 5. razred, OPP1, OPP2, OPP3 \u2013 SREDA, 14. 6. 2023 (3. dan)<\/strong><\/p>\n<ul>\n<li>plavalno opismenjevanje,<\/li>\n<li>spoznavanja morskega in obmorskega sveta z biologinjo,<\/li>\n<li>\u0161olsko-prosto\u010dasne aktivnosti, likovno-tehni\u010dna delavnica, izposoja knjig, dru\u017eabne igre, lokostrelstvo, namizni tenis,<\/li>\n<li>izbor miss in mistra Debelega rti\u010da, dru\u017eabne igre, ples.<\/li>\n<li>vreme delno son\u010dno, (TZ)temperatura zraka: 29\u00b0, (TM) temperatura morja: 21\u00b0<\/li>\n<\/ul>\nngg_shortcode_2_placeholder\n<p><strong>POLETNA \u0160OLA V NARAVI 5. razred, OPP1, OPP2, OPP3 \u2013 \u010cETRTEK, 15. 6. 2023 (4. dan)<\/strong><\/p>\n<ul>\n<li>plavalno opismenjevanje,<\/li>\n<li>preverjanje znanja plavanja,<\/li>\n<li>spoznavanja morskega in obmorskega sveta z biologinjo,<\/li>\n<li>\u0161olsko-prosto\u010dasne aktivnosti, likovno-tehni\u010dna delavnica, izposoja knjig, dru\u017eabne igre, namizni tenis,<\/li>\n<li>\u0160PORTNI DAN, pohod v Ankaran,<\/li>\n<li>ravnatelj je bil zadr\u017ean za obisk, nas je pa razveselil s sladoledom,<\/li>\n<li>vreme delno son\u010dno, (TZ)temperatura zraka: 29\u00b0, (TM) temperatura morja: 21\u00b0,<\/li>\n<li><span style=\"color: #ff0000\"><strong>\u2026\u0161e obvestilo o PRIHODU: jutri (petek, 16. junij 2023) se vra\u010damo ob napovedanem \u010dasu (\u010de le ne bo nepredvidenih zastojev na cesti), to je od 16. do 16.30 na mesto odhoda. Star\u0161i bodite pravo\u010dasni. \u010ce nam uspe objaviti, morebitna odstopanja spremljajte na na\u0161i spletni strani:<\/strong><\/span> <a href=\"http:\/\/www.fmalgaja.si\/\">http:\/\/www.fmalgaja.si\/<\/a><\/li>\n<\/ul>\nngg_shortcode_3_placeholder\n<p><strong>POLETNA \u0160OLA V NARAVI 5. razred, OPP1, OPP2, OPP3 \u2013 \u010cETRTEK, 16. 6. 2023 (5. dan)<\/strong><\/p>\n<ul>\n<li>dejavnost \u00bbLov za zakladom\u00ab,<\/li>\n<li>prosto vodeno kopanje,<\/li>\n<li>razglasitev urejenosti sob,<\/li>\n<li>pozornost prazniku rojstnega dne,<\/li>\n<li>pakiranje in priprava na odhod domov.<\/li>\n<\/ul>\n<p>&nbsp;<\/p>\n<p>&nbsp;<\/p>\n<p>&nbsp;<\/p>\n","protected":false},"excerpt":{"rendered":"<p>POLETNA \u0160OLA V NARAVI (P\u0160N) \u2013 5. razred, OPP (Debeli rti\u010d, 12. junij do 16. junij 2023) Za\u010deli smo z redno Poletno \u0161olo v naravi za na\u0161e peto\u0161olce. Tokrat so po nekaj letih z nami tudi na\u0161i u\u010denci oddelkov s prilagojenim programom (OPP). \u010ce nam bo dano bomo predvsem star\u0161em objavljali slike in kaj iz [&hellip;]<\/p>\n","protected":false},"author":5967,"featured_media":0,"parent":0,"menu_order":0,"comment_status":"closed","ping_status":"closed","template":"","meta":{"_et_pb_use_builder":"","_et_pb_old_content":"","_et_gb_content_width":"","ngg_post_thumbnail":0,"footnotes":"","_expiration-date-status":"","_expiration-date":0,"_expiration-date-type":"","_expiration-date-categories":[],"_expiration-date-options":[]},"class_list":["post-3504","page","type-page","status-publish","hentry"],"_links":{"self":[{"href":"https:\/\/sport.fmalgaja.si\/index.php?rest_route=\/wp\/v2\/pages\/3504","targetHints":{"allow":["GET"]}}],"collection":[{"href":"https:\/\/sport.fmalgaja.si\/index.php?rest_route=\/wp\/v2\/pages"}],"about":[{"href":"https:\/\/sport.fmalgaja.si\/index.php?rest_route=\/wp\/v2\/types\/page"}],"author":[{"embeddable":true,"href":"https:\/\/sport.fmalgaja.si\/index.php?rest_route=\/wp\/v2\/users\/5967"}],"replies":[{"embeddable":true,"href":"https:\/\/sport.fmalgaja.si\/index.php?rest_route=%2Fwp%2Fv2%2Fcomments&post=3504"}],"version-history":[{"count":2,"href":"https:\/\/sport.fmalgaja.si\/index.php?rest_route=\/wp\/v2\/pages\/3504\/revisions"}],"predecessor-version":[{"id":4247,"href":"https:\/\/sport.fmalgaja.si\/index.php?rest_route=\/wp\/v2\/pages\/3504\/revisions\/4247"}],"wp:attachment":[{"href":"https:\/\/sport.fmalgaja.si\/index.php?rest_route=%2Fwp%2Fv2%2Fmedia&parent=3504"}],"curies":[{"name":"wp","href":"https:\/\/api.w.org\/{rel}","templated":true}]}}