{"id":3501,"date":"2022-08-24T09:36:03","date_gmt":"2022-08-24T07:36:03","guid":{"rendered":"https:\/\/osfm-sport.splet.arnes.si\/?page_id=3501"},"modified":"2023-02-01T18:37:18","modified_gmt":"2023-02-01T17:37:18","slug":"zimska-sola-v-naravi-2022-2023","status":"publish","type":"page","link":"https:\/\/sport.fmalgaja.si\/?page_id=3501","title":{"rendered":"Zimska \u0161ola v naravi 2022 &#8211; 2023"},"content":{"rendered":"<p><strong>RIBNICA NA POHORJU,<br \/>\np<\/strong><strong>onedeljek, 23. januar 2023 \u2013 petek, 27. januar 2023<\/strong>.<\/p>\n<p>V leto\u0161njo Zimsko \u0161olo v naravi \u2013 tokrat 24. po vrsti je to \u0161olsko leto 2022\/2023 od\u0161lo 62 sedmo\u0161olcev. Spremlja jih 8 spremljevalcev\u2026pet u\u010diteljev smu\u010danja ter trije u\u010ditelji v vlogi razrednika od tega eden tudi kot vodja. Smu\u010darska \u0161ola D\u017eana iz Ribnice nam bo vsak dan pomagala \u0161e z enim dodatnim u\u010diteljem smu\u010danja.<\/p>\n<p>Skozi posamezne dneve bi naj posku\u0161ali v kratkih povzetkih ter predvsem v sliki \u010de nam bo povezava s svetovnim spletom to omogo\u010dala, predstavljati \u017eivljenje in delo otrok in u\u010diteljev. Gradivo je namenjeno predvsem star\u0161em in tistim, ki jih zanima tukaj\u0161nje dogajanje ali pa nas samo pogre\u0161ate v \u0161oli, slu\u017ebi in tudi doma.<\/p>\n<p>Smu\u010darski pozdrav,<br \/>\n<strong>V. Artnak, vodja Z\u0160N<\/strong><\/p>\n<p>&nbsp;<\/p>\n<ol>\n<li><span style=\"color: #0000ff\"><strong>DAN &#8211; ponedeljek, 23. januar 2023<\/strong><\/span><\/li>\n<li><span style=\"color: #0000ff\"><strong>DAN &#8211; torek, 24. januar 2023<\/strong><\/span><\/li>\n<\/ol>\n<ul>\n<li>\u00bb\u2026zapis dveh dni skupaj, razloge najdete spodaj, \u010de strnemo v kratkem stavku \u2013 ko misli\u0161, da si v 23 letih izvedbe Z\u0160N do\u017eivel, videl in poskusil vse se zave\u0161, da ni tako. Je pa sedaj tudi dostopen svetovni splet in mi smo\u2026tukaj.\u00ab<\/li>\n<li>Odhod iz \u0160entjurja, vo\u017enja na relaciji \u0160entjur \u2013 Maribor &nbsp;\u2013 Ribnica na Pohorju.<\/li>\n<li>Pri\u0161li z zamudo, nastanitev, ogled okolice, kosilo.<\/li>\n<li>Preverjanje znanja smu\u010danja, igre na snegu.<\/li>\n<li>Razporeditev v skupine, predstavitev u\u010diteljev smu\u010danja.<\/li>\n<li>Ve\u010der dru\u017eabnih iger ob svetlobi sve\u010d\u2026je zmanjkalo elektrike.<\/li>\n<li>Drugi dan \u0161e ve\u010d snega, elektrike \u0161e ni\u2026do 17.ure popoldan, potem pa neopisljivo olaj\u0161anje \u2013 ELEKTRIKA je nazaj!<\/li>\n<li>Dopoldanska in popoldanska \u0161ola smu\u010danja po vadbenih skupinah glede na predznanje (dopoldan odmor s \u010dajem).<\/li>\n<li>NARAVASLOVNI DAN; GOZD POZIMI.<\/li>\n<li>Vreme pravo zimsko (veliko snega\u2026in \u0161e ve\u010d, temperatura okoli 0 stopinj).<\/li>\n<\/ul>\n<p><span style=\"color: #0000ff\"><strong>3. DAN &#8211; sreda, 25. januar 2023<\/strong><\/span><\/p>\n<ul>\n<li>\u2026elektrika &#8211; malo ne, malo ja, popoldan in naprej pa neprekinjeno.<\/li>\n<li>\u0160ola smu\u010danja.<\/li>\n<li>Igre na snegu.<\/li>\n<li>No\u010dna smuka.<\/li>\n<li>Vreme megleno (temperatura okoli -2\/0 stopinje).<\/li>\n<\/ul>\n<p>&nbsp;<\/p>\n<p><span style=\"color: #0000ff\"><strong>4. DAN &#8211; \u010detrtek, 26. januar 2023<\/strong><\/span><\/p>\n<ul>\n<li>\u0160ola smu\u010danja po vadbenih skupinah.<\/li>\n<li>No\u010dno smu\u010danje.<\/li>\n<li>Disco ve\u010der.<\/li>\n<li>Vreme obla\u010dno (temperatura okoli -1\/3 stopinje).<\/li>\n<\/ul>\n<p><span style=\"color: #ff0000\"><strong>Jutri (petek) pridemo domov kot smo napovedali med 16.00 in 16.30 uro <\/strong><strong>na glavno avtobusno postajo (nasproti centra Seli\u010d) v&nbsp; \u0160entjurju.<\/strong><\/span><\/p>\n<p><span style=\"color: #0000ff\"><strong>5.&nbsp; DAN &#8211; petek, 27. januar 2023<\/strong><\/span><\/p>\n<ul>\n<li>Tekmovanje v VELESLALOMU.<\/li>\n<li>Vodeno prosto smu\u010danje.<\/li>\n<li>Pospravljanje, pakiranje in odhod domov, na poti obisk McDonald&#8217;s-a.<\/li>\n<\/ul>\n<p>&nbsp;<\/p>\nngg_shortcode_0_placeholder\n","protected":false},"excerpt":{"rendered":"<p>RIBNICA NA POHORJU, ponedeljek, 23. januar 2023 \u2013 petek, 27. januar 2023. V leto\u0161njo Zimsko \u0161olo v naravi \u2013 tokrat 24. po vrsti je to \u0161olsko leto 2022\/2023 od\u0161lo 62 sedmo\u0161olcev. Spremlja jih 8 spremljevalcev\u2026pet u\u010diteljev smu\u010danja ter trije u\u010ditelji v vlogi razrednika od tega eden tudi kot vodja. Smu\u010darska \u0161ola D\u017eana iz Ribnice nam [&hellip;]<\/p>\n","protected":false},"author":5967,"featured_media":0,"parent":0,"menu_order":0,"comment_status":"closed","ping_status":"closed","template":"","meta":{"_et_pb_use_builder":"","_et_pb_old_content":"","_et_gb_content_width":"","ngg_post_thumbnail":0,"footnotes":"","_expiration-date-status":"","_expiration-date":0,"_expiration-date-type":"","_expiration-date-categories":[],"_expiration-date-options":[]},"class_list":["post-3501","page","type-page","status-publish","hentry"],"_links":{"self":[{"href":"https:\/\/sport.fmalgaja.si\/index.php?rest_route=\/wp\/v2\/pages\/3501","targetHints":{"allow":["GET"]}}],"collection":[{"href":"https:\/\/sport.fmalgaja.si\/index.php?rest_route=\/wp\/v2\/pages"}],"about":[{"href":"https:\/\/sport.fmalgaja.si\/index.php?rest_route=\/wp\/v2\/types\/page"}],"author":[{"embeddable":true,"href":"https:\/\/sport.fmalgaja.si\/index.php?rest_route=\/wp\/v2\/users\/5967"}],"replies":[{"embeddable":true,"href":"https:\/\/sport.fmalgaja.si\/index.php?rest_route=%2Fwp%2Fv2%2Fcomments&post=3501"}],"version-history":[{"count":5,"href":"https:\/\/sport.fmalgaja.si\/index.php?rest_route=\/wp\/v2\/pages\/3501\/revisions"}],"predecessor-version":[{"id":3961,"href":"https:\/\/sport.fmalgaja.si\/index.php?rest_route=\/wp\/v2\/pages\/3501\/revisions\/3961"}],"wp:attachment":[{"href":"https:\/\/sport.fmalgaja.si\/index.php?rest_route=%2Fwp%2Fv2%2Fmedia&parent=3501"}],"curies":[{"name":"wp","href":"https:\/\/api.w.org\/{rel}","templated":true}]}}