{"id":3496,"date":"2022-08-23T12:35:24","date_gmt":"2022-08-23T10:35:24","guid":{"rendered":"https:\/\/osfm-sport.splet.arnes.si\/?page_id=3496"},"modified":"2023-09-06T15:53:40","modified_gmt":"2023-09-06T13:53:40","slug":"uspehi-sol-leto-2022-2023","status":"publish","type":"page","link":"https:\/\/sport.fmalgaja.si\/?page_id=3496","title":{"rendered":"Uspehi \u0161ol. leto 2022 &#8211; 2023"},"content":{"rendered":"<p><strong><u><span style=\"color: #0000ff\">Dr\u017eavno (finale) prvenstvo v atletiki za VAP, MAP O\u0160 &#8211; Slovenska Bistrica, 7. 6. 2023<\/span><\/u><\/strong><\/p>\n<ul>\n<li>9. mesto:\n<ul>\n<li>Val Filej VAP 1000m<\/li>\n<\/ul>\n<\/li>\n<\/ul>\n<p>&nbsp;<\/p>\n<p><strong><u><span style=\"color: #0000ff\">Medob\u010dinsko prvenstvo ATLETSKI TROBOJ letnik 2012 in mlaj\u0161i &#8211; \u0160entjur, 2. 6. 2023<\/span><\/u><\/strong><\/p>\n<ul>\n<li>1. mesto:\n<ul>\n<li>Tinkara Gaj\u0161ek,<\/li>\n<li>EKIPNO deklice (Tinkara Gaj\u0161ek, Jana \u010coklc, Gaj\u0161ek Sofija, Zala Antoli\u010d),<\/li>\n<\/ul>\n<\/li>\n<li>3. mesto:\n<ul>\n<li>EKIPNO de\u010dki (Matev\u017e Langus, Lucijan Drofenik, Maj Karner, Maj Kr\u010d)<\/li>\n<\/ul>\n<\/li>\n<\/ul>\n<p><strong><span style=\"color: #0000ff;text-decoration: underline\">Podro\u010dno finale v atletiki za VAP in MAP O\u0160 &#8211; Celje, 30. 5. 2023<\/span><\/strong><\/p>\n<ul>\n<li>3. mesto:\n<ul>\n<li>Val Filej, 1000m VAP<\/li>\n<\/ul>\n<\/li>\n<li>6. mesto:\n<ul>\n<li>4x100m de\u010dki VAP; Leban Filip, Veber \u017diga, Jure Dren, Nej Dobovi\u0161ek<\/li>\n<\/ul>\n<\/li>\n<\/ul>\n<p>&nbsp;<\/p>\n<p><strong><span style=\"color: #0000ff;text-decoration: underline\">Dr\u017eavno finale v lokostrelstvu &#8211; Logatec, 28. 5. 2023<\/span><\/strong><\/p>\n<ul>\n<li>15. mesto:\n<ul>\n<li>Etienne Paliska 7.-9. razred goli lok<\/li>\n<\/ul>\n<\/li>\n<\/ul>\n<p>&nbsp;<\/p>\n<p><strong><span style=\"color: #0000ff;text-decoration: underline\">Dr\u017eavno prvenstvo v krosu&nbsp; &#8211; Murska Sobota, 20. 4. 2023<\/span><\/strong><\/p>\n<ul>\n<li>1. mesto:\n<ul>\n<li>Val Filej, 9. raz<\/li>\n<\/ul>\n<\/li>\n<li>2. mesto:\n<ul>\n<li>Tinkara Gaj\u0161ek, 5. raz &#8211; PO\u0160 Bl<\/li>\n<\/ul>\n<\/li>\n<li>7. mesto\n<ul>\n<li>Luna Rozman, 5. raz &#8211; PO\u0160 Bl<\/li>\n<\/ul>\n<\/li>\n<\/ul>\n<p>&nbsp;<\/p>\n<p><strong><u><span style=\"color: #0000ff\">Medob\u010dinsko prvenstvo v mali odbojki mlaj\u0161i u\u010denci &#8211; Ponikva, 21. 3. 2023<\/span><\/u><\/strong><\/p>\n<p>1. mesto: GORIN\u0160EK PATRIK, KR\u010c URH, KUMER JAN, MAUKO JUG TOR, PLANKO OLIVER, RISTESKI ALIJAN, TRUPEJ FILIP, UR\u0160I\u010c A\u017dBE, ZAVER\u0160NIK MIHA, \u017dNIDAR VID<\/p>\n<p><a href=\"https:\/\/sport.fmalgaja.si\/files\/2023\/03\/20230321_143354-scaled.jpg\"><img loading=\"lazy\" decoding=\"async\" class=\"aligncenter size-medium wp-image-4020\" src=\"https:\/\/sport.fmalgaja.si\/files\/2023\/03\/20230321_143354-300x225.jpg\" alt=\"\" width=\"300\" height=\"225\"><\/a><\/p>\n<p>&nbsp;<\/p>\n<p><strong><u><span style=\"color: #0000ff\">Medob\u010dinsko prvenstvo v rokometu mlaj\u0161i u\u010denci &#8211; Ponikva, 1. 3. 2023<\/span><\/u><\/strong><\/p>\n<p>2. mesto: GORIN\u0160EK PATRIK, JUG MAUKO TOR, KR\u010c URH, KUMER JAN, MASTNAK VID, PLANKO OLIVER, RISTESKI ALIJAN, SMOLE MAJ, VRABL JERNEJ<\/p>\n<p><a href=\"https:\/\/sport.fmalgaja.si\/files\/2023\/03\/20230301_135337-scaled.jpg\"><img loading=\"lazy\" decoding=\"async\" class=\"aligncenter size-medium wp-image-3989\" src=\"https:\/\/sport.fmalgaja.si\/files\/2023\/03\/20230301_135337-300x225.jpg\" alt=\"\" width=\"300\" height=\"225\"><\/a><\/p>\n<p>&nbsp;<\/p>\n<p><strong><u><span style=\"color: #0000ff\">Podro\u010dno prvenstvo &#8211; kvalifikacije &#8211; Hru\u0161evec, 9. 02. 2023<\/span><\/u><\/strong><\/p>\n<ol>\n<li>mesto:&nbsp; GORIN\u0160EK PATRIK, JUG MAUKO TOR, KR\u010c URH, KUMER JAN, MASTNAK VID, PLANKO OLIVER, RISTESKI ALIJAN, SMOLE MAJ, VRABL JERNEJ&nbsp;<\/li>\n<\/ol>\n<p>&nbsp;<\/p>\n<p><strong><u><span style=\"color: #0000ff\">Ob\u010dinsko prvenstvo v ko\u0161arki mlaj\u0161i u\u010denci &#8211; Hru\u0161evec, 16. 01. 2023<\/span><\/u><\/strong><\/p>\n<ol>\n<li>mesto. Urh Kr\u010d, Maj Kr\u010d, Jan Kumer, Matic Bre\u010dko, Adam Aly Sherif, Luka Kova\u010di\u0107, Mezgec Urban, Gaber Kajtna, Nick Fras, Vid \u017dnidar, Matev\u017e Langus In Vre\u010dko Nejc.&nbsp;<\/li>\n<\/ol>\n<p><strong><u><span style=\"color: #0000ff\">Medobb\u010dinsko prvenstvo v odbojki starej\u0161i de\u010dki &#8211; Ponikva, 12. 12. 2022<\/span><\/u><\/strong><\/p>\n<p>1. mesto: AV\u017dNER ANDRA\u017d, DOBOVI\u0160EK NEJ, GAJ\u0160EK ALJA\u017d, KO\u010cEVAR JON, LEBAN FILIP, LESJAK GRADI\u010c TOBIJA, TROBEC MIHA<\/p>\n<p>&nbsp;<\/p>\n<p><strong><u><span style=\"color: #0000ff\">Podro\u010dno finale v rokometu starej\u0161i de\u010dki &#8211; Celje, 28. 11. 2022<\/span><\/u><\/strong><\/p>\n<p>3. mesto: BASLE \u017dAN, DOBOVI\u0160EK NEJ, GODEC GAL, JANU\u0160I\u010c TIM, KO\u010cEVAR JON, LEBAN FILIP, LESJAK GRADI\u010c TOBIJA, MARKO\u0160EK O\u017dBOLT, SENICA NIK, VEHOVAR VID<\/p>\n<p>&nbsp;<\/p>\n<p><strong><u><span style=\"color: #0000ff\">Podro\u010dno polfinale v ko\u0161arki starej\u0161i de\u010dki &#8211; \u0160entjur, 17. 11. 2022<\/span><\/u><\/strong><\/p>\n<ul>\n<li>3. mesto: \u017dan Basle, Ju\u0161 \u010cmer Stra\u0161ek, Filip Leban, Matej Ilek, Urh Kr\u010d, Miha Trobec, Maj Kundih, Tobija Lesjak Gradi\u010d, Nej Dobovi\u0161ek, Jan Kumer, Gaber Kajtna, O\u017ebolt Markov\u0161ek In&nbsp; Jon Ko\u010devar.&nbsp;<\/li>\n<\/ul>\n<p>&nbsp;<\/p>\n<p><strong><u><span style=\"color: #0000ff\">Medob\u010dinsko prvenstvo v rokometu starej\u0161i de\u010dki &#8211; Ponikva, 9. 11. 2022<\/span><\/u><\/strong><\/p>\n<p>1. mesto: BASLE \u017dAN, DOBOVI\u0160EK NEJ, GODEC GAL, JANU\u0160I\u010c TIM, KO\u010cEVAR JON, LEBAN FILIP, LESJAK GRADI\u010c TOBIJA, MARKO\u0160EK O\u017dBOLT, ROZMAN SVIT, SENICA NIK, VEHOVAR VID<\/p>\n<p>&nbsp;<\/p>\n<p><strong><span style=\"color: #0000ff;text-decoration: underline\">Prvenstvo Slovenije v&nbsp;cestnem teku&nbsp;&#8211; Ljubljana, 27. 10. 2018<\/span><\/strong><\/p>\n<p><b><u>VAL FILEJ <\/u><\/b><\/p>\n<ul>\n<li style=\"list-style-type: none\">\n<ul>\n<li>2. mesto (de\u010dki 9. razred 1800m)<\/li>\n<\/ul>\n<\/li>\n<\/ul>\n<p><span style=\"text-decoration: underline\"><strong>LUNA ROZMAN<\/strong><\/span><\/p>\n<ul>\n<li>3. mesto&nbsp; (deklice 6. razred 1800m)<\/li>\n<\/ul>\n<p><span style=\"text-decoration: underline\"><strong>MATIJA PER\u010cI\u010c<\/strong><\/span><\/p>\n<ul>\n<li>18. mesto&nbsp; (de\u010dki 6. razred 1800m)<\/li>\n<\/ul>\n<p>&nbsp;<\/p>\n<p><span style=\"color: #0000ff\"><strong>Ob\u010dinsko prvenstvo v ko\u0161arki starej\u0161i de\u010dki \u2013 Hru\u0161evec,&nbsp; 12. 10. 2022<\/strong><\/span><\/p>\n<ul>\n<li>1. mesto: \u017dan Basle, Ju\u0161 \u010cmer Stra\u0161ek, Filip Leban, Matej Ilek, Urh Kr\u010d, Miha Trobec, Maj Kundih, Tobija Lesjak Gradi\u010d, Nej Dobovi\u0161ek, Jan Kumer, Gaber Kajtna In&nbsp; Jon Ko\u010devar.&nbsp;<\/li>\n<\/ul>\n<p>&nbsp;<\/p>\n<p><span style=\"color: #0000ff\"><strong>Medob\u010dinsko prvenstvo v krosu (jesensko) \u2013 \u0160entjur, 3. 10. 2022<\/strong><\/span><\/p>\n<ul>\n<li>1. mesto:\n<ul>\n<li>Luna Rozman, 5. raz<\/li>\n<li>Matija Per\u010di\u010d, 6. raz<\/li>\n<li>Lara Antoli\u010d, 6. raz<\/li>\n<li>Urh Kr\u010d, 7. raz<\/li>\n<li>Lili \u010coklc, 8. raz<\/li>\n<li>Val Filej, 9. raz<\/li>\n<li>Ema Mastnak, 9. raz<\/li>\n<\/ul>\n<\/li>\n<\/ul>\n<ul>\n<li>2. mesto:\n<ul>\n<li>Tinkara Gaj\u0161ek, 5. raz<\/li>\n<li>Eva Drobne, 6. raz<\/li>\n<li>Svit Rozman, 8. raz<\/li>\n<li>Katarina Zidar, 8. raz<\/li>\n<li>Filip Lakner, 9. raz<\/li>\n<li>Eva Bari\u010d, 9. raz<\/li>\n<\/ul>\n<\/li>\n<\/ul>\n<p>&nbsp;<\/p>\n<ul>\n<li>3. mesto\n<ul>\n<li>Matev\u017e Langus, 5.raz<\/li>\n<\/ul>\n<\/li>\n<\/ul>\n","protected":false},"excerpt":{"rendered":"<p>Dr\u017eavno (finale) prvenstvo v atletiki za VAP, MAP O\u0160 &#8211; Slovenska Bistrica, 7. 6. 2023 9. mesto: Val Filej VAP 1000m &nbsp; Medob\u010dinsko prvenstvo ATLETSKI TROBOJ letnik 2012 in mlaj\u0161i &#8211; \u0160entjur, 2. 6. 2023 1. mesto: Tinkara Gaj\u0161ek, EKIPNO deklice (Tinkara Gaj\u0161ek, Jana \u010coklc, Gaj\u0161ek Sofija, Zala Antoli\u010d), 3. mesto: EKIPNO de\u010dki (Matev\u017e Langus, [&hellip;]<\/p>\n","protected":false},"author":5967,"featured_media":0,"parent":0,"menu_order":0,"comment_status":"closed","ping_status":"closed","template":"","meta":{"_et_pb_use_builder":"","_et_pb_old_content":"","_et_gb_content_width":"","ngg_post_thumbnail":0,"footnotes":"","_expiration-date-status":"","_expiration-date":0,"_expiration-date-type":"","_expiration-date-categories":[],"_expiration-date-options":[]},"class_list":["post-3496","page","type-page","status-publish","hentry"],"_links":{"self":[{"href":"https:\/\/sport.fmalgaja.si\/index.php?rest_route=\/wp\/v2\/pages\/3496","targetHints":{"allow":["GET"]}}],"collection":[{"href":"https:\/\/sport.fmalgaja.si\/index.php?rest_route=\/wp\/v2\/pages"}],"about":[{"href":"https:\/\/sport.fmalgaja.si\/index.php?rest_route=\/wp\/v2\/types\/page"}],"author":[{"embeddable":true,"href":"https:\/\/sport.fmalgaja.si\/index.php?rest_route=\/wp\/v2\/users\/5967"}],"replies":[{"embeddable":true,"href":"https:\/\/sport.fmalgaja.si\/index.php?rest_route=%2Fwp%2Fv2%2Fcomments&post=3496"}],"version-history":[{"count":23,"href":"https:\/\/sport.fmalgaja.si\/index.php?rest_route=\/wp\/v2\/pages\/3496\/revisions"}],"predecessor-version":[{"id":4358,"href":"https:\/\/sport.fmalgaja.si\/index.php?rest_route=\/wp\/v2\/pages\/3496\/revisions\/4358"}],"wp:attachment":[{"href":"https:\/\/sport.fmalgaja.si\/index.php?rest_route=%2Fwp%2Fv2%2Fmedia&parent=3496"}],"curies":[{"name":"wp","href":"https:\/\/api.w.org\/{rel}","templated":true}]}}