{"id":3131,"date":"2021-09-30T15:42:31","date_gmt":"2021-09-30T13:42:31","guid":{"rendered":"https:\/\/osfm-sport.splet.arnes.si\/?page_id=3131"},"modified":"2022-06-22T13:03:20","modified_gmt":"2022-06-22T11:03:20","slug":"uspehi-sol-leto-2021-2022","status":"publish","type":"page","link":"https:\/\/sport.fmalgaja.si\/?page_id=3131","title":{"rendered":"Uspehi \u0161ol. leto 2021 &#8211; 2022"},"content":{"rendered":"<p><span style=\"color: #0000ff\"><strong>Ob\u010dinsko prvenstvo v ODBOJKI na mivki za de\u010dke \u2013 Gorica pri Slivnici, 22. 6. 2022&nbsp;<\/strong><\/span><\/p>\n<ul>\n<li>2. mesto: Leban Filip, Dobovi\u0161ek Nej, Marko\u0161ek O\u017ebolt, Trobec Miha, Senica Nik.<\/li>\n<\/ul>\n<p>&nbsp;<\/p>\n<p><span style=\"color: #0000ff\"><strong><u>Dr\u017eavno finale v ATLETIKI za MALI in VELIKI ATLETSKI POKAL &#8211; Maribor, 9. 6. 2022<\/u><\/strong><\/span><\/p>\n<ul>\n<li>2. mesto:\n<ul>\n<li>Ogrizek Ur\u0161ka &#8211; 60m VAP&#8230;\u0161olski rekord<\/li>\n<\/ul>\n<\/li>\n<li>7. mesto:\n<ul>\n<li>Artnak Martin &#8211; 1000m VAP<\/li>\n<\/ul>\n<\/li>\n<li>15. mesto:\n<ul>\n<li>4x100m deklice VAP (Bari\u010d Eva, \u017dnidar Ana, Jager Lara, Ogrizek Ana)<\/li>\n<\/ul>\n<\/li>\n<li>16. mesto:\n<ul>\n<li>4x100m de\u010dki VAP (Bohor\u010d Matija, \u010colovi\u0107 Luka, Kumer Gal, Dobovi\u0161ek Nej<\/li>\n<\/ul>\n<\/li>\n<\/ul>\n<p>&nbsp;<\/p>\n<p><span style=\"color: #0000ff\"><strong><u>Podro\u010dno finale v ATLETIKI za MALI in VELIKI ATLETSKI POKAL &#8211; Celje, 31. 5. 2022<\/u><\/strong><\/span><\/p>\n<ul>\n<li>1. mesto:\n<ul>\n<li>Ogrizek Ur\u0161ka &#8211; 60m VAP&#8230;\u0161olski rekord<\/li>\n<\/ul>\n<ul>\n<li>Artnak Martin &#8211; 1000m VAP<\/li>\n<li>Rozman Svit &#8211; daljina MAP<\/li>\n<\/ul>\n<\/li>\n<li>2. mesto:\n<ul>\n<li>4x100m de\u010dki VAP (Bohor\u010d Matija, \u010colovi\u0107 Luka, \u017derjav Tilen, Dobovi\u0161ek Nej)<\/li>\n<li>Filej Val &#8211; 1000m VAP<\/li>\n<\/ul>\n<\/li>\n<li>4. mesto:\n<ul>\n<li>4x100m deklice VAP (Bari\u010d Eva, \u017dnidar Ana, Jager Lara, Ogrizek Ana)<\/li>\n<li>Janu\u0161i\u010d Tim &#8211; 300m MAP<\/li>\n<\/ul>\n<\/li>\n<li>5. mesto\n<ul>\n<li>Mo\u010dnik Layla<\/li>\n<\/ul>\n<\/li>\n<\/ul>\n<ul>\n<li style=\"list-style-type: none\"><a href=\"https:\/\/sport.fmalgaja.si\/files\/2022\/05\/20220531_145122-scaled.jpg\"><img loading=\"lazy\" decoding=\"async\" class=\"aligncenter size-medium wp-image-3341\" src=\"https:\/\/sport.fmalgaja.si\/files\/2022\/05\/20220531_145122-300x225.jpg\" alt=\"\" width=\"300\" height=\"225\"><\/a><\/li>\n<\/ul>\n<p>&nbsp;<\/p>\n<p><span style=\"color: #0000ff\"><strong>Medob\u010dinsko prvenstvo v ATLETSKEM TROBOJU \u2013 \u0160entjur, 26. 5. 2022<\/strong><\/span><\/p>\n<ul>\n<li>1. mesto:\n<ul>\n<li>Tinkara Gaj\u0161ek<\/li>\n<li>Tor Mauko Jug<\/li>\n<li>EKIPNO DEKLICE (Tinkara Gaj\u0161ek Lara Antoli\u010d, \u017dana Pajk, Eva Drobne)<\/li>\n<li>EKIPNO DE\u010cKI (Jug Mauko Tor, Bezen\u0161ek Zalo\u017enik Maj, Per\u010di\u010d Matija, Mehtig Alja\u017e)<\/li>\n<\/ul>\n<\/li>\n<\/ul>\n<ul>\n<li>2. mesto:\n<ul>\n<li>Maj Bezen\u0161ek, Zalo\u017enik<\/li>\n<li>Lara Antoli\u010d<\/li>\n<\/ul>\n<\/li>\n<\/ul>\n<p>&nbsp;<\/p>\n<p><strong><span style=\"color: #0000ff;text-decoration: underline\">Dr\u017eavno prvenstvo v judu &#8211; Ljubljana, 20. 5. 2022<\/span><\/strong><\/p>\n<ul>\n<li>1. mesto: Tian Stojan (do 48kg)<\/li>\n<\/ul>\n<p>&nbsp;<\/p>\n<p><span style=\"color: #0000ff\"><strong><u>Ob\u010dinsko prvenstvo v ATLETIKI za MALI in VELIKI ATLETSKI POKAL &#8211; \u0160entjur, 5. 5. 2022<\/u><\/strong><\/span><\/p>\n<ul>\n<li>1. mesto:\n<ul>\n<li>Ogrizek Ur\u0161ka &#8211; 60m VAP<\/li>\n<li>Ogrizek Ana &#8211; 300m VAP<\/li>\n<li>Spolenak Tja\u0161a &#8211; vorteks VAP<\/li>\n<li>4x100m de\u010dki VAP (Bohor\u010d Matija, \u010colovi\u010d\u0107 Luka, Kumer Gal, Dobovi\u0161ek Nej)<\/li>\n<li>4x100m deklice VAP (Bari\u010d Eva, \u017dnidar Ana, Jager Lara, Ogrizek Ana)<\/li>\n<li>\u010colovi\u0107 Luka &#8211; 60m VAP<\/li>\n<li>Kumer Gal &#8211; 300m VAP<\/li>\n<li>Artnak Martin &#8211; 1000m VAP<\/li>\n<li>Per\u010di\u010d Nina &#8211; daljina MAP<\/li>\n<li>Mo\u010dnik Leyla -vi\u0161ina MAP<\/li>\n<li>Janu\u0161i\u010d Tim &#8211; 300m MAP<\/li>\n<li>Rozman Svit &#8211; daljina MAP<\/li>\n<\/ul>\n<\/li>\n<li>2. mesto:\n<ul>\n<li>Bari\u010d Eva &#8211; 60m VAP<\/li>\n<li>Mrvar Katarina \u0160tefanija &#8211; 300m VAP<\/li>\n<li>Malgaj Karmen &#8211; vi\u0161ina VAP<\/li>\n<li>Seli\u010d Anja &#8211; vorteks VAP<\/li>\n<li>Zgonec Tina &#8211; krogla VAP<\/li>\n<li>\u017derjav Tilen &#8211; 60m VAP<\/li>\n<li>Filej Val &#8211; 1000m VAP<\/li>\n<li>Bohor\u010d Matija &#8211; daljina VAP<\/li>\n<li>Zidar Katarina &#8211; 600m MAP<\/li>\n<li>Kr\u010d Urh &#8211; 300m MAP<\/li>\n<\/ul>\n<\/li>\n<li>3. mesto\n<ul>\n<li>Gaj\u0161ek Julija &#8211; 300m VAP<\/li>\n<li>Vodi\u0161ek Laura &#8211; 1000m VAP<\/li>\n<li>Cvetko Ne\u017ea &#8211; vi\u0161ina VAP<\/li>\n<li>Stepi\u0161nik Vid &#8211; 300m VAP<\/li>\n<li>Lakner Filip &#8211; 1000m VAP<\/li>\n<li>Trobec Miha &#8211; vi\u0161ina VAP<\/li>\n<li>Dobovi\u0161ek Nej &#8211; vorteks VAP<\/li>\n<li>Pirc Sven &#8211; krogla VAP<\/li>\n<li>Drobne Eva &#8211; 300m MAP<\/li>\n<li>\u010cmer Stra\u0161ek Ju\u0161 &#8211; 60m MAP<\/li>\n<li>Per\u010di\u010d Matija &#8211; 600m MAP<\/li>\n<\/ul>\n<\/li>\n<\/ul>\n<p>&nbsp;<\/p>\n<p><strong><span style=\"color: #0000ff;text-decoration: underline\">Dr\u017eavno prvenstvo v krosu&nbsp; &#8211; Medvode, 21 4. 2022<\/span><\/strong><\/p>\n<ul>\n<li>1. mesto:\n<ul>\n<li>Lara Antoli\u010d, 5. raz<\/li>\n<\/ul>\n<\/li>\n<li>2. mesto:\n<ul>\n<li>Martin Artnak, 9. raz<\/li>\n<li>Val Filej, 8. raz<\/li>\n<\/ul>\n<\/li>\n<li>7. mesto\n<ul>\n<li>VSEEKIPNO O\u0160 Franja Malgaja \u0160entjur&nbsp;&nbsp;(Lara Antoli\u010d\/1. mesto, Martin Artnak\/2.&nbsp; Val Filej\/2., Eva Drobne\/10., Ana Ogrizek\/10., Metod Per\u010di\u010d\/15., Zala Filej\/24., Svit Rozman\/41<\/li>\n<\/ul>\n<\/li>\n<li>10. mesto:\n<ul>\n<li>Ana Ogrizek, 9. raz<\/li>\n<li>Eva Drobne, 5. raz<\/li>\n<\/ul>\n<\/li>\n<li>15. mesto\n<ul>\n<li>Matija Per\u010di\u010d, 5. raz<\/li>\n<\/ul>\n<\/li>\n<\/ul>\n<p>&nbsp;<\/p>\n<p><span style=\"color: #0000ff\"><strong>Ob\u010dinsko prvenstvo v ODBOJKI za mlaj\u0161e de\u010dke \u2013 Hru\u0161evec, 31. 3. 2022&nbsp;<\/strong><\/span><\/p>\n<ul>\n<li>3. mesto: \u010cmer Stra\u0161ek Ju\u0161, Janu\u0161i\u010d Tim, Kenda Vid, Ko\u010devar Jon, Kumer Jan,&nbsp; Lenart Bla\u017e, Lesjak Gradi\u010d Tobija in Rozman Svit.<\/li>\n<\/ul>\n<p>&nbsp;<\/p>\n<p><span style=\"color: #0000ff\"><strong>Dr\u017eavno&nbsp; prvenstvo v smu\u010danju (VELESLALOM) \u2013 Rogla, 22. 3. 2022<\/strong><\/span><\/p>\n<ul>\n<li>1. mesto:\n<ul>\n<li>Jan Lujanac (nekategorizirani)<\/li>\n<\/ul>\n<\/li>\n<\/ul>\n<p>&nbsp;<\/p>\n<p><span style=\"color: #0000ff\"><strong>Podro\u010dno &nbsp;prvenstvo v smu\u010danju (VELESLALOM) \u2013 Golte, 17. 2. 2022<\/strong><\/span><\/p>\n<ul>\n<li>1. mesto:\n<ul>\n<li>Jan Lujanac (starej\u0161i u\u010denci \u2013 nekategorizirani)<\/li>\n<li>EKIPNO ml. u\u010denci-ke; Isabella \u017dafran, Lili \u010coklc, Ema Petrovi\u010d, Ro\u017ele Toman, Ju\u0161 \u010cmer Stra\u0161ek, Tit Jakopi\u010d \u017dolger<\/li>\n<\/ul>\n<\/li>\n<li>2. mesto:\n<ul>\n<li>Ro\u017ele Toman (mlaj\u0161i u\u010denci \u2013 nekategorizirani)<\/li>\n<\/ul>\n<\/li>\n<li>3. mesto:\n<ul>\n<li>Tim Lujanac mlaj\u0161i u\u010denci \u2013 kategorizirani)<\/li>\n<\/ul>\n<\/li>\n<li>4. mesto:\n<ul>\n<li>EKIPNO st. u\u010denci-ke; Ivana Bra\u010dun, Kaja Smole, Jan Lujanac, Luka \u010colovi\u0107, Martin Artnak<\/li>\n<\/ul>\n<\/li>\n<li>5. mesto:\n<ul>\n<li>Isabella \u017dafran (mlaj\u0161e deklice \u2013 nekategorizirani)<\/li>\n<li>Ju\u0161 \u010cmer Stra\u0161ek (mlaj\u0161i u\u010denci &#8211; nekategorizirani<\/li>\n<\/ul>\n<\/li>\n<\/ul>\n<p>&nbsp;<\/p>\n<p><span style=\"color: #0000ff\"><strong>Ob\u010dinsko prvenstvo v ODBOJKI za starej\u0161e de\u010dke \u2013 Planina, 16. 2. 2022&nbsp;<\/strong><\/span><\/p>\n<ul>\n<li>2. mesto: Matija Bohor\u010d, Luka \u010colovi\u0107, Nej Dobovi\u0161ek, Gal Kumer, Luka Godler, Tin Jer\u0161i\u010d<\/li>\n<\/ul>\n<p>&nbsp;<\/p>\n<p><span style=\"color: #0000ff\"><strong>Ob\u010dinsko prvenstvo v krosu (jesensko) \u2013 \u0160entjur, 29. 9. 2021&nbsp;<\/strong><\/span><\/p>\n<ul>\n<li>1. mesto:\n<ul>\n<li>Lara Antoli\u010d, 5. raz<\/li>\n<li>Matija Per\u010di\u010d, 5. raz<\/li>\n<li>Jan Kumer, 6. raz<\/li>\n<li>Val Filej, 8. raz<\/li>\n<li>Eva Bari\u010d, 8. raz<\/li>\n<li>Martin Artnak, 9. raz<\/li>\n<\/ul>\n<\/li>\n<\/ul>\n<ul>\n<li>2. mesto:\n<ul>\n<li>Zala Filej, 5. raz<\/li>\n<li>Anju Franuli\u010d, 5. raz<\/li>\n<li>Svit Rozman, 7. raz<\/li>\n<li>Filip Lakner, 8. raz<\/li>\n<li>Gal Kumer, 9. raz<\/li>\n<\/ul>\n<\/li>\n<\/ul>\n<ul>\n<li>3. mesto\n<ul>\n<li>Ajda Mastnak, 5. raz<\/li>\n<li>Tilen \u017derjav, 9. raz<\/li>\n<\/ul>\n<\/li>\n<\/ul>\n","protected":false},"excerpt":{"rendered":"<p>Ob\u010dinsko prvenstvo v ODBOJKI na mivki za de\u010dke \u2013 Gorica pri Slivnici, 22. 6. 2022&nbsp; 2. mesto: Leban Filip, Dobovi\u0161ek Nej, Marko\u0161ek O\u017ebolt, Trobec Miha, Senica Nik. &nbsp; Dr\u017eavno finale v ATLETIKI za MALI in VELIKI ATLETSKI POKAL &#8211; Maribor, 9. 6. 2022 2. mesto: Ogrizek Ur\u0161ka &#8211; 60m VAP&#8230;\u0161olski rekord 7. mesto: Artnak Martin [&hellip;]<\/p>\n","protected":false},"author":5967,"featured_media":0,"parent":0,"menu_order":0,"comment_status":"closed","ping_status":"closed","template":"","meta":{"_et_pb_use_builder":"","_et_pb_old_content":"","_et_gb_content_width":"","ngg_post_thumbnail":0,"footnotes":"","_expiration-date-status":"saved","_expiration-date":0,"_expiration-date-type":"","_expiration-date-categories":[],"_expiration-date-options":[]},"class_list":["post-3131","page","type-page","status-publish","hentry"],"_links":{"self":[{"href":"https:\/\/sport.fmalgaja.si\/index.php?rest_route=\/wp\/v2\/pages\/3131","targetHints":{"allow":["GET"]}}],"collection":[{"href":"https:\/\/sport.fmalgaja.si\/index.php?rest_route=\/wp\/v2\/pages"}],"about":[{"href":"https:\/\/sport.fmalgaja.si\/index.php?rest_route=\/wp\/v2\/types\/page"}],"author":[{"embeddable":true,"href":"https:\/\/sport.fmalgaja.si\/index.php?rest_route=\/wp\/v2\/users\/5967"}],"replies":[{"embeddable":true,"href":"https:\/\/sport.fmalgaja.si\/index.php?rest_route=%2Fwp%2Fv2%2Fcomments&post=3131"}],"version-history":[{"count":16,"href":"https:\/\/sport.fmalgaja.si\/index.php?rest_route=\/wp\/v2\/pages\/3131\/revisions"}],"predecessor-version":[{"id":3480,"href":"https:\/\/sport.fmalgaja.si\/index.php?rest_route=\/wp\/v2\/pages\/3131\/revisions\/3480"}],"wp:attachment":[{"href":"https:\/\/sport.fmalgaja.si\/index.php?rest_route=%2Fwp%2Fv2%2Fmedia&parent=3131"}],"curies":[{"name":"wp","href":"https:\/\/api.w.org\/{rel}","templated":true}]}}