{"id":3093,"date":"2021-09-01T09:02:06","date_gmt":"2021-09-01T07:02:06","guid":{"rendered":"https:\/\/osfm-sport.splet.arnes.si\/?page_id=3093"},"modified":"2025-08-25T08:41:16","modified_gmt":"2025-08-25T06:41:16","slug":"sport-za-zdravje","status":"publish","type":"page","link":"https:\/\/sport.fmalgaja.si\/?page_id=3093","title":{"rendered":"\u0160port za zdravje"},"content":{"rendered":"<p>Tudi v \u0161olskem letu 2025\/2026 so na\u0161i u\u010denci izbrali kar nekaj Izbirnih predmetov iz podro\u010dja \u0161porta. V 8. razredu smo tako oblikovali eno skupino predmeta \u0160PORT ZA ZDRAVJE, katerega izvajalca sta u\u010ditelja \u0161porta na \u0161oli R. Novak in T. Ton\u010di\u0107.<\/p>\n","protected":false},"excerpt":{"rendered":"<p>Tudi v \u0161olskem letu 2025\/2026 so na\u0161i u\u010denci izbrali kar nekaj Izbirnih predmetov iz podro\u010dja \u0161porta. V 8. razredu smo tako oblikovali eno skupino predmeta \u0160PORT ZA ZDRAVJE, katerega izvajalca sta u\u010ditelja \u0161porta na \u0161oli R. Novak in T. Ton\u010di\u0107.<\/p>\n","protected":false},"author":5967,"featured_media":0,"parent":0,"menu_order":0,"comment_status":"closed","ping_status":"closed","template":"","meta":{"_et_pb_use_builder":"","_et_pb_old_content":"","_et_gb_content_width":"","ngg_post_thumbnail":0,"footnotes":"","_expiration-date-status":"","_expiration-date":0,"_expiration-date-type":"","_expiration-date-categories":[],"_expiration-date-options":[]},"class_list":["post-3093","page","type-page","status-publish","hentry"],"_links":{"self":[{"href":"https:\/\/sport.fmalgaja.si\/index.php?rest_route=\/wp\/v2\/pages\/3093","targetHints":{"allow":["GET"]}}],"collection":[{"href":"https:\/\/sport.fmalgaja.si\/index.php?rest_route=\/wp\/v2\/pages"}],"about":[{"href":"https:\/\/sport.fmalgaja.si\/index.php?rest_route=\/wp\/v2\/types\/page"}],"author":[{"embeddable":true,"href":"https:\/\/sport.fmalgaja.si\/index.php?rest_route=\/wp\/v2\/users\/5967"}],"replies":[{"embeddable":true,"href":"https:\/\/sport.fmalgaja.si\/index.php?rest_route=%2Fwp%2Fv2%2Fcomments&post=3093"}],"version-history":[{"count":11,"href":"https:\/\/sport.fmalgaja.si\/index.php?rest_route=\/wp\/v2\/pages\/3093\/revisions"}],"predecessor-version":[{"id":6008,"href":"https:\/\/sport.fmalgaja.si\/index.php?rest_route=\/wp\/v2\/pages\/3093\/revisions\/6008"}],"wp:attachment":[{"href":"https:\/\/sport.fmalgaja.si\/index.php?rest_route=%2Fwp%2Fv2%2Fmedia&parent=3093"}],"curies":[{"name":"wp","href":"https:\/\/api.w.org\/{rel}","templated":true}]}}