{"id":2957,"date":"2020-03-19T19:04:13","date_gmt":"2020-03-19T18:04:13","guid":{"rendered":"http:\/\/osfm-sport.splet.arnes.si\/?page_id=2957"},"modified":"2025-08-25T08:52:07","modified_gmt":"2025-08-25T06:52:07","slug":"pouk-sporta-na-daljavo","status":"publish","type":"page","link":"https:\/\/sport.fmalgaja.si\/?page_id=2957","title":{"rendered":"Pouk \u0161porta na daljavo"},"content":{"rendered":"<p>Po potrebi&#8230;informacije sledijo.<\/p>\n<p>Va\u0161i u\u010ditelj-i \u0160POrta<br \/>\nArtnak Vlado<br \/>\nNovak Rok<br \/>\nTon\u010di\u0107 Tomislav<\/p>\n<p>25. 8. 2025 (9.00)<\/p>\n","protected":false},"excerpt":{"rendered":"<p>Po potrebi&#8230;informacije sledijo. Va\u0161i u\u010ditelj-i \u0160POrta Artnak Vlado Novak Rok Ton\u010di\u0107 Tomislav 25. 8. 2025 (9.00)<\/p>\n","protected":false},"author":5967,"featured_media":0,"parent":0,"menu_order":0,"comment_status":"closed","ping_status":"closed","template":"","meta":{"_et_pb_use_builder":"","_et_pb_old_content":"","_et_gb_content_width":"","ngg_post_thumbnail":0,"footnotes":"","_expiration-date-status":"","_expiration-date":0,"_expiration-date-type":"","_expiration-date-categories":[],"_expiration-date-options":[]},"class_list":["post-2957","page","type-page","status-publish","hentry"],"_links":{"self":[{"href":"https:\/\/sport.fmalgaja.si\/index.php?rest_route=\/wp\/v2\/pages\/2957","targetHints":{"allow":["GET"]}}],"collection":[{"href":"https:\/\/sport.fmalgaja.si\/index.php?rest_route=\/wp\/v2\/pages"}],"about":[{"href":"https:\/\/sport.fmalgaja.si\/index.php?rest_route=\/wp\/v2\/types\/page"}],"author":[{"embeddable":true,"href":"https:\/\/sport.fmalgaja.si\/index.php?rest_route=\/wp\/v2\/users\/5967"}],"replies":[{"embeddable":true,"href":"https:\/\/sport.fmalgaja.si\/index.php?rest_route=%2Fwp%2Fv2%2Fcomments&post=2957"}],"version-history":[{"count":9,"href":"https:\/\/sport.fmalgaja.si\/index.php?rest_route=\/wp\/v2\/pages\/2957\/revisions"}],"predecessor-version":[{"id":6014,"href":"https:\/\/sport.fmalgaja.si\/index.php?rest_route=\/wp\/v2\/pages\/2957\/revisions\/6014"}],"wp:attachment":[{"href":"https:\/\/sport.fmalgaja.si\/index.php?rest_route=%2Fwp%2Fv2%2Fmedia&parent=2957"}],"curies":[{"name":"wp","href":"https:\/\/api.w.org\/{rel}","templated":true}]}}