{"id":2817,"date":"2020-01-31T08:06:19","date_gmt":"2020-01-31T07:06:19","guid":{"rendered":"http:\/\/osfm-sport.splet.arnes.si\/?page_id=2817"},"modified":"2024-08-28T15:43:17","modified_gmt":"2024-08-28T13:43:17","slug":"moj-slofit","status":"publish","type":"page","link":"https:\/\/sport.fmalgaja.si\/?page_id=2817","title":{"rendered":"Moj SLOfit"},"content":{"rendered":"<h6>Spo\u0161tovani star\u0161i in u\u010denci!<\/h6>\n<p>O\u0160 Franja Malgaja \u0160entjur je z \u0161olskim letom 2019\/2020 pristopila k projektu MOJ SLOfit, ki ga z okro\u017enico priporo\u010da tudi Ministrstvo za \u0161olstvo znanost in \u0161port.<br \/>\nZ projektom nadaljujemo tudi v tem (2024-2025) \u0161olskem letu.<\/p>\n<p>Rok Novak &#8211; Administrator aplikacije SLOfit na \u0161oli<\/p>\n<p>&nbsp;<\/p>\n<p>Ve\u010d o projektu:<\/p>\n<h6><span style=\"color: #0000ff\"><strong>Bodi fit, sodeluj v SLOfit.<br \/>\nZ vstopom v aplikacijo Moj SLOfit lahko dostopate do povratnih informacij o rezultatih \u0161portnovzgojnega kartona z oceno zdravstvenega tveganja. \u017delimo vam veliko vedo\u017eeljnosti pri raziskovanju telesnega in gibalnega razvoja!<\/strong><\/span><\/h6>\n<h6>&nbsp;<\/h6>\n<h6><strong>Moj SLOfit je aplikacija, ki je na voljo:<\/strong><\/h6>\n<ul>\n<li>Star\u0161em&nbsp;otrok, ki so dali soglasje, da je njihov otrok vklju\u010den v meritve&nbsp;za \u0160VK&nbsp;in so v \u0161olski sistem e-administracije vnesli svoj e-naslov, \u0161ola pa&nbsp;je pristopila v sistem&nbsp;SLOfit;<\/li>\n<\/ul>\n<p>Star\u0161i&nbsp; pridobijo svoj dostop do podatkov, \u010de se odzovejo na vabilo&nbsp;k registraciji v sistem&nbsp;SLOfit.<\/p>\n<p>Povezava do spletne aplikacije &#8220;<a href=\"https:\/\/moj.slofit.org\/\">Moj SLOfit<\/a>&#8220;<\/p>\n","protected":false},"excerpt":{"rendered":"<p>Spo\u0161tovani star\u0161i in u\u010denci! O\u0160 Franja Malgaja \u0160entjur je z \u0161olskim letom 2019\/2020 pristopila k projektu MOJ SLOfit, ki ga z okro\u017enico priporo\u010da tudi Ministrstvo za \u0161olstvo znanost in \u0161port. Z projektom nadaljujemo tudi v tem (2024-2025) \u0161olskem letu. Rok Novak &#8211; Administrator aplikacije SLOfit na \u0161oli &nbsp; Ve\u010d o projektu: Bodi fit, sodeluj v [&hellip;]<\/p>\n","protected":false},"author":5967,"featured_media":0,"parent":0,"menu_order":0,"comment_status":"closed","ping_status":"closed","template":"","meta":{"_et_pb_use_builder":"","_et_pb_old_content":"","_et_gb_content_width":"","ngg_post_thumbnail":0,"footnotes":"","_expiration-date-status":"","_expiration-date":0,"_expiration-date-type":"","_expiration-date-categories":[],"_expiration-date-options":[]},"class_list":["post-2817","page","type-page","status-publish","hentry"],"_links":{"self":[{"href":"https:\/\/sport.fmalgaja.si\/index.php?rest_route=\/wp\/v2\/pages\/2817","targetHints":{"allow":["GET"]}}],"collection":[{"href":"https:\/\/sport.fmalgaja.si\/index.php?rest_route=\/wp\/v2\/pages"}],"about":[{"href":"https:\/\/sport.fmalgaja.si\/index.php?rest_route=\/wp\/v2\/types\/page"}],"author":[{"embeddable":true,"href":"https:\/\/sport.fmalgaja.si\/index.php?rest_route=\/wp\/v2\/users\/5967"}],"replies":[{"embeddable":true,"href":"https:\/\/sport.fmalgaja.si\/index.php?rest_route=%2Fwp%2Fv2%2Fcomments&post=2817"}],"version-history":[{"count":11,"href":"https:\/\/sport.fmalgaja.si\/index.php?rest_route=\/wp\/v2\/pages\/2817\/revisions"}],"predecessor-version":[{"id":5188,"href":"https:\/\/sport.fmalgaja.si\/index.php?rest_route=\/wp\/v2\/pages\/2817\/revisions\/5188"}],"wp:attachment":[{"href":"https:\/\/sport.fmalgaja.si\/index.php?rest_route=%2Fwp%2Fv2%2Fmedia&parent=2817"}],"curies":[{"name":"wp","href":"https:\/\/api.w.org\/{rel}","templated":true}]}}