{"id":275,"date":"2015-09-11T09:20:19","date_gmt":"2015-09-11T07:20:19","guid":{"rendered":"http:\/\/osfm-sport.splet.arnes.si\/?page_id=275"},"modified":"2025-10-09T13:59:15","modified_gmt":"2025-10-09T11:59:15","slug":"sportni-dnevi-2015-2016","status":"publish","type":"page","link":"https:\/\/sport.fmalgaja.si\/?page_id=275","title":{"rendered":"\u0160portni dnevi 2025 \u2013 2026"},"content":{"rendered":"<p><strong><span style=\"color: #0000ff\">DRUGI \u0160PORTNI DAN &#8211; POHODNI\u0160TVO, \u0160PORTNE IGRE (6. &#8211; 9. razred&#8230;\u0160entjur, 9. 10. 2025)<\/span><\/strong><\/p>\n<p>\u0160entjur, 9. 10. 2025 \u2013 \u010cetrtek je bil namenjen \u0161portu od 6. do 9. razreda. \u0160esto\u0161olci so se podali na Rifnik, sedmo\u0161olci na Resevno. Starej\u0161i pa so ostali na \u0161oli. De\u010dki 8., 9. razred so imeli na zunanjih igri\u0161\u010dih \u0161olsko prvenstvo v malem nogometu in ko\u0161arki. Deklicam je bila namenjena \u0161olska telovadnica za igro odbojke. Najprej so se pomerile generacijsko med sabo osmi razredi in deveti. Po kon\u010dnih uvrstitvah od 3. do 1. mesta pa so odigrale \u0161e za kon\u010dni vrstni red u\u010denk 8. in 9. razred.<\/p>\n<p><a href=\"https:\/\/sport.fmalgaja.si\/files\/2025\/10\/Objava-stran-OS.pdf\">REZULTATI \u0160PORTNE IGRE<\/a><\/p>\nngg_shortcode_0_placeholder\n<p>&nbsp;<\/p>\n<p><strong><span style=\"color: #0000ff\">PRVI \u0160PORTNI DAN &#8211; VODNE AKTIVNOSTI (5. &#8211; 9. razred&#8230;\u0160entjur, 4. 9. 2025)<\/span><\/strong><\/p>\n<p><a href=\"https:\/\/sport.fmalgaja.si\/files\/2025\/09\/rezultati-plavanje-objava.pdf\">rezultati-plavanje-objava<\/a><\/p>\nngg_shortcode_1_placeholder\n","protected":false},"excerpt":{"rendered":"<p>DRUGI \u0160PORTNI DAN &#8211; POHODNI\u0160TVO, \u0160PORTNE IGRE (6. &#8211; 9. razred&#8230;\u0160entjur, 9. 10. 2025) \u0160entjur, 9. 10. 2025 \u2013 \u010cetrtek je bil namenjen \u0161portu od 6. do 9. razreda. \u0160esto\u0161olci so se podali na Rifnik, sedmo\u0161olci na Resevno. Starej\u0161i pa so ostali na \u0161oli. De\u010dki 8., 9. razred so imeli na zunanjih igri\u0161\u010dih \u0161olsko prvenstvo [&hellip;]<\/p>\n","protected":false},"author":5967,"featured_media":0,"parent":0,"menu_order":0,"comment_status":"closed","ping_status":"closed","template":"","meta":{"_et_pb_use_builder":"","_et_pb_old_content":"","_et_gb_content_width":"","ngg_post_thumbnail":0,"footnotes":"","_expiration-date-status":"","_expiration-date":0,"_expiration-date-type":"","_expiration-date-categories":[],"_expiration-date-options":[]},"class_list":["post-275","page","type-page","status-publish","hentry"],"_links":{"self":[{"href":"https:\/\/sport.fmalgaja.si\/index.php?rest_route=\/wp\/v2\/pages\/275","targetHints":{"allow":["GET"]}}],"collection":[{"href":"https:\/\/sport.fmalgaja.si\/index.php?rest_route=\/wp\/v2\/pages"}],"about":[{"href":"https:\/\/sport.fmalgaja.si\/index.php?rest_route=\/wp\/v2\/types\/page"}],"author":[{"embeddable":true,"href":"https:\/\/sport.fmalgaja.si\/index.php?rest_route=\/wp\/v2\/users\/5967"}],"replies":[{"embeddable":true,"href":"https:\/\/sport.fmalgaja.si\/index.php?rest_route=%2Fwp%2Fv2%2Fcomments&post=275"}],"version-history":[{"count":15,"href":"https:\/\/sport.fmalgaja.si\/index.php?rest_route=\/wp\/v2\/pages\/275\/revisions"}],"predecessor-version":[{"id":6180,"href":"https:\/\/sport.fmalgaja.si\/index.php?rest_route=\/wp\/v2\/pages\/275\/revisions\/6180"}],"wp:attachment":[{"href":"https:\/\/sport.fmalgaja.si\/index.php?rest_route=%2Fwp%2Fv2%2Fmedia&parent=275"}],"curies":[{"name":"wp","href":"https:\/\/api.w.org\/{rel}","templated":true}]}}