{"id":2625,"date":"2019-09-25T13:11:31","date_gmt":"2019-09-25T11:11:31","guid":{"rendered":"http:\/\/osfm-sport.splet.arnes.si\/?page_id=2625"},"modified":"2020-03-05T22:11:03","modified_gmt":"2020-03-05T21:11:03","slug":"tzest","status":"publish","type":"page","link":"https:\/\/sport.fmalgaja.si\/?page_id=2625","title":{"rendered":"Uspehi \u0161ol. leto 2019 &#8211; 2020"},"content":{"rendered":"<p><span style=\"color: #0000ff;text-decoration: underline\">Ob\u010dinsko\u00a0prvenstvo v\u00a0ROKOMETU mlaj\u0161i de\u010dki &#8211;\u00a0Ponikva, 5. 3. 2020<\/span><\/p>\n<ul>\n<li><span style=\"text-decoration: underline\">1. mesto: ARTNAK MARTIN, BOHOR\u010c MATIJA, \u010cOLOVI\u010c LUKA, GODLER LUKA, JER\u0160I\u010c TIN, KUMER GAL, PE\u010cNIK ALJA\u017d, \u017dERJAV TILEN<\/span><\/li>\n<\/ul>\n<p><a href=\"http:\/\/osfm-sport.splet.arnes.si\/files\/2019\/09\/20200305_125835.jpg\"><img loading=\"lazy\" decoding=\"async\" class=\"aligncenter size-medium wp-image-2927\" src=\"http:\/\/osfm-sport.splet.arnes.si\/files\/2019\/09\/20200305_125835-300x225.jpg\" alt=\"\" width=\"300\" height=\"225\" srcset=\"https:\/\/sport.fmalgaja.si\/files\/2019\/09\/20200305_125835-300x225.jpg 300w, https:\/\/sport.fmalgaja.si\/files\/2019\/09\/20200305_125835-768x576.jpg 768w, https:\/\/sport.fmalgaja.si\/files\/2019\/09\/20200305_125835-1024x768.jpg 1024w, https:\/\/sport.fmalgaja.si\/files\/2019\/09\/20200305_125835-510x382.jpg 510w, https:\/\/sport.fmalgaja.si\/files\/2019\/09\/20200305_125835-1080x810.jpg 1080w\" sizes=\"(max-width: 300px) 100vw, 300px\" \/><\/a><\/p>\n<p>&nbsp;<\/p>\n<p><span style=\"color: #0000ff;text-decoration: underline\">Ob\u010dinsko\u00a0prvenstvo v\u00a0namiznem tenisu &#8211; Planina, 12. 2. 2020<\/span><\/p>\n<p><span style=\"text-decoration: underline\"><strong>ALJO\u0160A RUS<\/strong><\/span><\/p>\n<ul>\n<li>3. mesto st. de\u010dki<\/li>\n<\/ul>\n<p>&nbsp;<\/p>\n<p><span style=\"color: #0000ff;text-decoration: underline\">Podro\u010dno\u00a0prvenstvo v\u00a0smu\u010danju &#8211; Golte, 11. 2. 2020<\/span><\/p>\n<p><span style=\"text-decoration: underline\"><strong>JAN LUJANAC<\/strong><\/span><\/p>\n<ul>\n<li>2. mesto kategorizirani ml. de\u010dki<\/li>\n<\/ul>\n<p>&nbsp;<\/p>\n<p><span style=\"text-decoration: underline\"><strong>TINKARA TROBEC<\/strong><\/span><\/p>\n<ul>\n<li>4. mesto nekategorizirane ml. deklice<\/li>\n<\/ul>\n<p><span style=\"text-decoration: underline\"><strong>EKIPNO mlaj\u0161e deklice in de\u010dki<\/strong><\/span><\/p>\n<ul>\n<li>4. mesto (Tinkara TROBEC &#8211; 4., Luka \u010cOLOVI\u010c &#8211; 10., Tja\u0161a \u017dELEZNIK &#8211; 13., Alja\u017e PE\u010cNIK &#8211; 25.)<\/li>\n<\/ul>\n<p>&nbsp;<\/p>\n<p><span style=\"color: #0000ff;text-decoration: underline\">Prvenstvo Slovenije v\u00a0cestnem teku\u00a0&#8211; Ljubljana, 26. 10. 2019<\/span><\/p>\n<p><span style=\"text-decoration: underline\"><strong>MARTIN ARTNAK<\/strong><\/span><\/p>\n<ul>\n<li>1. mesto\u00a0 (de\u010dki\u00a07. razred 1800m)<\/li>\n<\/ul>\n<p><strong><span style=\"text-decoration: underline\">O\u0160 Franja Malgaja \u0160entjur EKIPNO 6. do 9. razred<\/span><br \/>\n<\/strong><\/p>\n<ul>\n<li>4. mesto EKIPNO\u00a0za O\u0160\u00a0VSEEKIPNO 6. do 9. razred: Martin Artnak (1. mesto\/7. razred), Ana Ogrizek (6.\/7.raz), Matija Lakner (9.\/8.raz), Jakob Cmok (11.\/8.raz), Filip Cmok (14.\/8.raz), Altina Gashi (14.\/9.raz), Luka Godler (22.\/7.raz), Ur\u0161ka Ogrizek (25.\/7.raz).<\/li>\n<\/ul>\n<p><span style=\"text-decoration: underline\"><strong>ANA OGRIZEK<\/strong><\/span><\/p>\n<ul>\n<li>6. mesto (deklice 7. razred 1800m)<\/li>\n<\/ul>\n<p><strong>MATIJA LAKNER<\/strong><\/p>\n<ul>\n<li>9. mesto\u00a0 (de\u010dki\u00a08. razred 1800m)<\/li>\n<\/ul>\n<p><strong>JAKOB CMOK<\/strong><\/p>\n<ul>\n<li>11. mesto\u00a0 (de\u010dki\u00a08. razred 1800m)<\/li>\n<\/ul>\n<p><strong>FILIP\u00a0CMOK<\/strong><\/p>\n<ul>\n<li>14. mesto\u00a0 (de\u010dki\u00a08. razred 1800m)<\/li>\n<\/ul>\n<p><strong>ALTINA GASHI<\/strong><\/p>\n<ul>\n<li>14. mesto\u00a0 (deklice\u00a09. razred 1800m)<\/li>\n<\/ul>\n<p><span style=\"color: #0000ff;text-decoration: underline\">Podro\u010dno (finale)\u00a0prvenstvo v\u00a0malem nogometu za st. deklice &#8211; Celje, 8. 10. 2019<\/span><\/p>\n<ul>\n<li>3. mesto<\/li>\n<\/ul>\n<p>&nbsp;<\/p>\n<p>&nbsp;<\/p>\n<p><span style=\"color: #0000ff;text-decoration: underline\">Medob\u010dinsko prvenstvo v krosu (jesensko) &#8211; \u0160entjur, 24. 9. 2019<\/span><\/p>\n<ul>\n<li>1. mesto:\n<ul>\n<li>Ema Mastnak, 6. raz<\/li>\n<li>Martin Artnak, 7. raz<\/li>\n<li>Ana Ogrizek, 7. raz<\/li>\n<li>Matija Lakner, 8. raz<\/li>\n<li>Andra\u017e Voga, 9. raz<\/li>\n<li>Altina Gashi, 9. raz<\/li>\n<li>EKIPNO DEKLICE<\/li>\n<li>EKIPNO DE\u010cKI<\/li>\n<\/ul>\n<\/li>\n<li>2. mesto:\n<ul>\n<li>Luka Godler, 7. raz<\/li>\n<li>Ula Kos, 9. raz<\/li>\n<li>Teja Verdenik, 8. raz<\/li>\n<\/ul>\n<\/li>\n<li>3. mesto\n<ul>\n<li>Eva Bari\u010d, 6. raz<\/li>\n<li>Nej Dobovi\u0161ek, 6. raz<\/li>\n<li>Gal Kumer, 7. raz<\/li>\n<li>Jakob Cmok, 8. raz<\/li>\n<li>Ivana Trunkl, 8. raz<\/li>\n<\/ul>\n<\/li>\n<\/ul>\n<p><a href=\"http:\/\/osfm-sport.splet.arnes.si\/files\/2019\/09\/ekipa.jpg\"><img loading=\"lazy\" decoding=\"async\" class=\"aligncenter size-medium wp-image-2637\" src=\"http:\/\/osfm-sport.splet.arnes.si\/files\/2019\/09\/ekipa-300x201.jpg\" alt=\"\" width=\"300\" height=\"201\" srcset=\"https:\/\/sport.fmalgaja.si\/files\/2019\/09\/ekipa-300x201.jpg 300w, https:\/\/sport.fmalgaja.si\/files\/2019\/09\/ekipa-768x513.jpg 768w, https:\/\/sport.fmalgaja.si\/files\/2019\/09\/ekipa-1024x684.jpg 1024w, https:\/\/sport.fmalgaja.si\/files\/2019\/09\/ekipa-1080x722.jpg 1080w\" sizes=\"(max-width: 300px) 100vw, 300px\" \/><\/a><\/p>\n<p>&nbsp;<\/p>\n<p><span style=\"color: #0000ff;text-decoration: underline\">Dr\u017eavno prvenstvo v\u00a0plavanju za O\u0160 &#8211; Ljubljana, 13. 9. 2019<\/span><\/p>\n<ul>\n<li>17. mesto \u0160trukelj Luka<\/li>\n<li>18. mesto Bolha Stoisavljevi\u010d Rebeka<\/li>\n<\/ul>\n<p>&nbsp;<\/p>\n<p><span style=\"color: #0000ff;text-decoration: underline\">Medob\u010dinsko prvenstvo v\u00a0malem nogometu za st. deklice &#8211; Loka, 23. 9. 2019<\/span><\/p>\n<ul>\n<li>1. mesto<\/li>\n<\/ul>\n<p>&nbsp;<\/p>\n<p><span style=\"color: #0000ff;text-decoration: underline\">Medob\u010dinsko prvenstvo v\u00a0malem nogometu za st. de\u010dke\u00a0&#8211; \u0160entjur, ??. 9. 2019<\/span><\/p>\n<ul>\n<li>1. mesto<\/li>\n<\/ul>\n<p>&nbsp;<\/p>\n<p>&nbsp;<\/p>\n<p>&nbsp;<\/p>\n","protected":false},"excerpt":{"rendered":"<p>Ob\u010dinsko\u00a0prvenstvo v\u00a0ROKOMETU mlaj\u0161i de\u010dki &#8211;\u00a0Ponikva, 5. 3. 2020 1. mesto: ARTNAK MARTIN, BOHOR\u010c MATIJA, \u010cOLOVI\u010c LUKA, GODLER LUKA, JER\u0160I\u010c TIN, KUMER GAL, PE\u010cNIK ALJA\u017d, \u017dERJAV TILEN &nbsp; Ob\u010dinsko\u00a0prvenstvo v\u00a0namiznem tenisu &#8211; Planina, 12. 2. 2020 ALJO\u0160A RUS 3. mesto st. de\u010dki &nbsp; Podro\u010dno\u00a0prvenstvo v\u00a0smu\u010danju &#8211; Golte, 11. 2. 2020 JAN LUJANAC 2. mesto kategorizirani ml. [&hellip;]<\/p>\n","protected":false},"author":5967,"featured_media":0,"parent":0,"menu_order":0,"comment_status":"closed","ping_status":"closed","template":"","meta":{"_et_pb_use_builder":"","_et_pb_old_content":"","_et_gb_content_width":"","ngg_post_thumbnail":0,"footnotes":"","_expiration-date-status":"saved","_expiration-date":0,"_expiration-date-type":"","_expiration-date-categories":[],"_expiration-date-options":[]},"class_list":["post-2625","page","type-page","status-publish","hentry"],"_links":{"self":[{"href":"https:\/\/sport.fmalgaja.si\/index.php?rest_route=\/wp\/v2\/pages\/2625","targetHints":{"allow":["GET"]}}],"collection":[{"href":"https:\/\/sport.fmalgaja.si\/index.php?rest_route=\/wp\/v2\/pages"}],"about":[{"href":"https:\/\/sport.fmalgaja.si\/index.php?rest_route=\/wp\/v2\/types\/page"}],"author":[{"embeddable":true,"href":"https:\/\/sport.fmalgaja.si\/index.php?rest_route=\/wp\/v2\/users\/5967"}],"replies":[{"embeddable":true,"href":"https:\/\/sport.fmalgaja.si\/index.php?rest_route=%2Fwp%2Fv2%2Fcomments&post=2625"}],"version-history":[{"count":14,"href":"https:\/\/sport.fmalgaja.si\/index.php?rest_route=\/wp\/v2\/pages\/2625\/revisions"}],"predecessor-version":[{"id":2929,"href":"https:\/\/sport.fmalgaja.si\/index.php?rest_route=\/wp\/v2\/pages\/2625\/revisions\/2929"}],"wp:attachment":[{"href":"https:\/\/sport.fmalgaja.si\/index.php?rest_route=%2Fwp%2Fv2%2Fmedia&parent=2625"}],"curies":[{"name":"wp","href":"https:\/\/api.w.org\/{rel}","templated":true}]}}