{"id":255,"date":"2015-09-10T13:18:52","date_gmt":"2015-09-10T11:18:52","guid":{"rendered":"http:\/\/osfm-sport.splet.arnes.si\/?page_id=255"},"modified":"2024-08-28T14:44:39","modified_gmt":"2024-08-28T12:44:39","slug":"izbirni-predmeti-sporta","status":"publish","type":"page","link":"https:\/\/sport.fmalgaja.si\/?page_id=255","title":{"rendered":"Izbirni predmeti \u0161porta"},"content":{"rendered":"<p><strong>OBVEZNI IZBIRNI PREDMETI \u0160PORTA<\/strong><\/p>\n<p><span style=\"text-decoration: underline\">Tretje vzgojno-izobra\u017eevalno obdobje<\/span><br \/>\n7.razred \u2013 35 ur, 1 ura tedensko &#8211; izvajamo \u0160PORT ZA SPROSTITEV<br \/>\n8.razred \u2013 35 ur, 1 ura tedensko &#8211; izvajamo \u0160PORT ZA&nbsp;ZDRAVJE<br \/>\n9.razred \u2013 32 ur, 1 ura tedensko &#8211; izvajamo IZBRANI \u0160PORT: odbojka, nogomet<\/p>\n<p><strong>NEOBVEZNI IZBIRNI PREDMET \u0160PORT<\/strong><\/p>\n<p><span style=\"text-decoration: underline\">Drugo vzgojno-izobra\u017eevalno obdobje<\/span><br \/>\n4.razred \u2013 35 ur, 1 ura tedensko<br \/>\n5.razred \u2013 35 ur, 1 ura tedensko<br \/>\n6.razred \u2013 35 ur, 1 ura tedensko<\/p>\n<p>&nbsp;<\/p>\n<p>&nbsp;<\/p>\n","protected":false},"excerpt":{"rendered":"<p>OBVEZNI IZBIRNI PREDMETI \u0160PORTA Tretje vzgojno-izobra\u017eevalno obdobje 7.razred \u2013 35 ur, 1 ura tedensko &#8211; izvajamo \u0160PORT ZA SPROSTITEV 8.razred \u2013 35 ur, 1 ura tedensko &#8211; izvajamo \u0160PORT ZA&nbsp;ZDRAVJE 9.razred \u2013 32 ur, 1 ura tedensko &#8211; izvajamo IZBRANI \u0160PORT: odbojka, nogomet NEOBVEZNI IZBIRNI PREDMET \u0160PORT Drugo vzgojno-izobra\u017eevalno obdobje 4.razred \u2013 35 ur, 1 [&hellip;]<\/p>\n","protected":false},"author":5967,"featured_media":0,"parent":0,"menu_order":0,"comment_status":"closed","ping_status":"closed","template":"","meta":{"_et_pb_use_builder":"","_et_pb_old_content":"","_et_gb_content_width":"","ngg_post_thumbnail":0,"footnotes":"","_expiration-date-status":"","_expiration-date":0,"_expiration-date-type":"","_expiration-date-categories":[],"_expiration-date-options":[]},"class_list":["post-255","page","type-page","status-publish","hentry"],"_links":{"self":[{"href":"https:\/\/sport.fmalgaja.si\/index.php?rest_route=\/wp\/v2\/pages\/255","targetHints":{"allow":["GET"]}}],"collection":[{"href":"https:\/\/sport.fmalgaja.si\/index.php?rest_route=\/wp\/v2\/pages"}],"about":[{"href":"https:\/\/sport.fmalgaja.si\/index.php?rest_route=\/wp\/v2\/types\/page"}],"author":[{"embeddable":true,"href":"https:\/\/sport.fmalgaja.si\/index.php?rest_route=\/wp\/v2\/users\/5967"}],"replies":[{"embeddable":true,"href":"https:\/\/sport.fmalgaja.si\/index.php?rest_route=%2Fwp%2Fv2%2Fcomments&post=255"}],"version-history":[{"count":6,"href":"https:\/\/sport.fmalgaja.si\/index.php?rest_route=\/wp\/v2\/pages\/255\/revisions"}],"predecessor-version":[{"id":5166,"href":"https:\/\/sport.fmalgaja.si\/index.php?rest_route=\/wp\/v2\/pages\/255\/revisions\/5166"}],"wp:attachment":[{"href":"https:\/\/sport.fmalgaja.si\/index.php?rest_route=%2Fwp%2Fv2%2Fmedia&parent=255"}],"curies":[{"name":"wp","href":"https:\/\/api.w.org\/{rel}","templated":true}]}}