{"id":2545,"date":"2019-09-17T13:33:02","date_gmt":"2019-09-17T11:33:02","guid":{"rendered":"http:\/\/osfm-sport.splet.arnes.si\/?page_id=2545"},"modified":"2025-08-25T08:43:03","modified_gmt":"2025-08-25T06:43:03","slug":"izbrani-sport-odbojka","status":"publish","type":"page","link":"https:\/\/sport.fmalgaja.si\/?page_id=2545","title":{"rendered":"Izbrani \u0161port ODBOJKA"},"content":{"rendered":"<p>Tudi v tem \u0161olskem letu 2025\/2026 so na\u0161i u\u010denci izbrali kar nekaj Izbirnih predmetov iz podro\u010dja \u0161porta. V 9. razredu smo tako oblikovali dve skupini predmeta Izbrani \u0161port &#8211; ODBOJKA, katerega izvajalca sva u\u010ditelja \u0161porta na \u0161oli T. Ton\u010di\u0107 in V. Artnak ter eno skupino Izbrani \u0161port &#8211; NOGOMET katerega izvajalec je u\u010ditelj \u0161porta na \u0161oli T. Ton\u010di\u0107.<\/p>\n","protected":false},"excerpt":{"rendered":"<p>Tudi v tem \u0161olskem letu 2025\/2026 so na\u0161i u\u010denci izbrali kar nekaj Izbirnih predmetov iz podro\u010dja \u0161porta. V 9. razredu smo tako oblikovali dve skupini predmeta Izbrani \u0161port &#8211; ODBOJKA, katerega izvajalca sva u\u010ditelja \u0161porta na \u0161oli T. Ton\u010di\u0107 in V. Artnak ter eno skupino Izbrani \u0161port &#8211; NOGOMET katerega izvajalec je u\u010ditelj \u0161porta na [&hellip;]<\/p>\n","protected":false},"author":5967,"featured_media":0,"parent":0,"menu_order":0,"comment_status":"closed","ping_status":"closed","template":"","meta":{"_et_pb_use_builder":"","_et_pb_old_content":"","_et_gb_content_width":"","ngg_post_thumbnail":0,"footnotes":"","_expiration-date-status":"","_expiration-date":0,"_expiration-date-type":"","_expiration-date-categories":[],"_expiration-date-options":[]},"class_list":["post-2545","page","type-page","status-publish","hentry"],"_links":{"self":[{"href":"https:\/\/sport.fmalgaja.si\/index.php?rest_route=\/wp\/v2\/pages\/2545","targetHints":{"allow":["GET"]}}],"collection":[{"href":"https:\/\/sport.fmalgaja.si\/index.php?rest_route=\/wp\/v2\/pages"}],"about":[{"href":"https:\/\/sport.fmalgaja.si\/index.php?rest_route=\/wp\/v2\/types\/page"}],"author":[{"embeddable":true,"href":"https:\/\/sport.fmalgaja.si\/index.php?rest_route=\/wp\/v2\/users\/5967"}],"replies":[{"embeddable":true,"href":"https:\/\/sport.fmalgaja.si\/index.php?rest_route=%2Fwp%2Fv2%2Fcomments&post=2545"}],"version-history":[{"count":9,"href":"https:\/\/sport.fmalgaja.si\/index.php?rest_route=\/wp\/v2\/pages\/2545\/revisions"}],"predecessor-version":[{"id":6009,"href":"https:\/\/sport.fmalgaja.si\/index.php?rest_route=\/wp\/v2\/pages\/2545\/revisions\/6009"}],"wp:attachment":[{"href":"https:\/\/sport.fmalgaja.si\/index.php?rest_route=%2Fwp%2Fv2%2Fmedia&parent=2545"}],"curies":[{"name":"wp","href":"https:\/\/api.w.org\/{rel}","templated":true}]}}