{"id":253,"date":"2015-09-10T13:18:19","date_gmt":"2015-09-10T11:18:19","guid":{"rendered":"http:\/\/osfm-sport.splet.arnes.si\/?page_id=253"},"modified":"2018-09-10T11:39:15","modified_gmt":"2018-09-10T09:39:15","slug":"redni-pouk-sporta","status":"publish","type":"page","link":"https:\/\/sport.fmalgaja.si\/?page_id=253","title":{"rendered":"Redni pouk \u0161porta"},"content":{"rendered":"<p><strong>KAK\u0160NE \u0160PORTNE COPATE NAJ IMA OTROK PRI POUKU \u0160PORTA<\/strong><\/p>\n<p>Poglejte v naslednjem prispevku &#8220;<a href=\"http:\/\/www.slofit.org\/slofit-nasvet\/ArticleID\/144\/Kak%C5%A1ni-%C5%A1portni-copati-so-primerni-za-%C5%A1olsko-%C5%A1portno-vzgojo#.W5YA-npE4mA.facebook\">tuka<\/a>j&#8221;:<\/p>\n<p>&nbsp;<\/p>\n<p><strong>DEJAVNOSTI, OBVEZNE ZA VSE U\u010cENCE<\/strong><br \/>\n<span style=\"text-decoration: underline\">Prvo vzgojno-izobra\u017eevalno obdobje<\/span><br \/>\nRedni pouk:<br \/>\n1.razred \u2013 105 ur, 3 ure tedensko<br \/>\n2.razred \u2013 105 ur, 3 ure tedensko<br \/>\n3. razred \u2013 105 ur, 3 ure tedensko<br \/>\n5 \u0161portnih dni na leto<br \/>\nDvajset urni te\u010daj plavanja v 3. razredu.<\/p>\n<p><span style=\"text-decoration: underline\">Drugo vzgojno-izobra\u017eevalno obdobje<\/span><br \/>\nRedni pouk:<br \/>\n4.razred \u2013 105 ur, 3 ure tedensko<br \/>\n5.razred \u2013 105 ur, 3 ure tedensko<br \/>\n6.razred \u2013 105 ur, 3 ure tedensko<br \/>\n5 \u0161portnih dni na leto<\/p>\n<p><span style=\"text-decoration: underline\">Tretje vzgojno-izobra\u017eevalno obdobje<\/span><br \/>\nRedni pouk:<br \/>\n7.razred \u2013 70 ur, 2 uri tedensko<br \/>\n8.razred \u2013 70 ur, 2 uri tedensko<br \/>\n9.razred \u2013 64 ur, 2 uri tedensko<br \/>\n5 \u0161portnih dni na leto<\/p>\n","protected":false},"excerpt":{"rendered":"<p>KAK\u0160NE \u0160PORTNE COPATE NAJ IMA OTROK PRI POUKU \u0160PORTA Poglejte v naslednjem prispevku &#8220;tukaj&#8221;: &nbsp; DEJAVNOSTI, OBVEZNE ZA VSE U\u010cENCE Prvo vzgojno-izobra\u017eevalno obdobje Redni pouk: 1.razred \u2013 105 ur, 3 ure tedensko 2.razred \u2013 105 ur, 3 ure tedensko 3. razred \u2013 105 ur, 3 ure tedensko 5 \u0161portnih dni na leto Dvajset urni te\u010daj [&hellip;]<\/p>\n","protected":false},"author":5967,"featured_media":0,"parent":0,"menu_order":0,"comment_status":"closed","ping_status":"closed","template":"","meta":{"_et_pb_use_builder":"","_et_pb_old_content":"","_et_gb_content_width":"","ngg_post_thumbnail":0,"footnotes":"","_expiration-date-status":"saved","_expiration-date":0,"_expiration-date-type":"","_expiration-date-categories":[],"_expiration-date-options":[]},"class_list":["post-253","page","type-page","status-publish","hentry"],"_links":{"self":[{"href":"https:\/\/sport.fmalgaja.si\/index.php?rest_route=\/wp\/v2\/pages\/253","targetHints":{"allow":["GET"]}}],"collection":[{"href":"https:\/\/sport.fmalgaja.si\/index.php?rest_route=\/wp\/v2\/pages"}],"about":[{"href":"https:\/\/sport.fmalgaja.si\/index.php?rest_route=\/wp\/v2\/types\/page"}],"author":[{"embeddable":true,"href":"https:\/\/sport.fmalgaja.si\/index.php?rest_route=\/wp\/v2\/users\/5967"}],"replies":[{"embeddable":true,"href":"https:\/\/sport.fmalgaja.si\/index.php?rest_route=%2Fwp%2Fv2%2Fcomments&post=253"}],"version-history":[{"count":4,"href":"https:\/\/sport.fmalgaja.si\/index.php?rest_route=\/wp\/v2\/pages\/253\/revisions"}],"predecessor-version":[{"id":1949,"href":"https:\/\/sport.fmalgaja.si\/index.php?rest_route=\/wp\/v2\/pages\/253\/revisions\/1949"}],"wp:attachment":[{"href":"https:\/\/sport.fmalgaja.si\/index.php?rest_route=%2Fwp%2Fv2%2Fmedia&parent=253"}],"curies":[{"name":"wp","href":"https:\/\/api.w.org\/{rel}","templated":true}]}}