{"id":223,"date":"2015-09-09T13:10:14","date_gmt":"2015-09-09T11:10:14","guid":{"rendered":"http:\/\/osfm-sport.splet.arnes.si\/?page_id=223"},"modified":"2025-09-13T15:51:58","modified_gmt":"2025-09-13T13:51:58","slug":"razpisi-sst-2015-2016","status":"publish","type":"page","link":"https:\/\/sport.fmalgaja.si\/?page_id=223","title":{"rendered":"Razpisi \u0160\u0160T 2025 &#8211; 2026"},"content":{"rendered":"<p><a href=\"https:\/\/sport.fmalgaja.si\/files\/2025\/09\/Plan-SST-2025-2026.pdf\">Plan med-ob\u010dinskih \u0160\u0160T 2025-2026<\/a><\/p>\n<p><a href=\"https:\/\/sport.fmalgaja.si\/files\/2025\/09\/terminski_program_OS_25_26_podrocje.pdf\">KOLEDAR \u0160\u0160T &#8211; podro\u010dna 2025\/2026<\/a><\/p>\n<p><span style=\"color: #000000\"><strong>&nbsp;<\/strong><\/span><\/p>\n","protected":false},"excerpt":{"rendered":"<p>Plan med-ob\u010dinskih \u0160\u0160T 2025-2026 KOLEDAR \u0160\u0160T &#8211; podro\u010dna 2025\/2026 &nbsp;<\/p>\n","protected":false},"author":5967,"featured_media":0,"parent":0,"menu_order":0,"comment_status":"closed","ping_status":"closed","template":"page-template-blank.php","meta":{"_et_pb_use_builder":"off","_et_pb_old_content":"<p><a href=\"http:\/\/osfm-sport.splet.arnes.si\/files\/2015\/09\/o\u0161_razpis_atletika_ekipno_2015_2016.pdf\">Atletika ekipno podro\u010dno <\/a><\/p><p><a href=\"http:\/\/osfm-sport.splet.arnes.si\/files\/2015\/09\/Razpis-odprto-prvenstvo-OS-tek-ulice-zalec-19-9-2015.pdf\">Razpis-odprto-prvenstvo-OS-tek-ulice-zalec-19-9-2015<\/a><\/p><p><a href=\"http:\/\/osfm-sport.splet.arnes.si\/files\/2015\/09\/terminski_program_OS_15_16-podrocna.pdf\" target=\"_blank\">Terminski_program_OS_15_16-podrocna<\/a><\/p>","_et_gb_content_width":"","ngg_post_thumbnail":0,"footnotes":"","_expiration-date-status":"","_expiration-date":0,"_expiration-date-type":"","_expiration-date-categories":[],"_expiration-date-options":[]},"class_list":["post-223","page","type-page","status-publish","hentry"],"_links":{"self":[{"href":"https:\/\/sport.fmalgaja.si\/index.php?rest_route=\/wp\/v2\/pages\/223","targetHints":{"allow":["GET"]}}],"collection":[{"href":"https:\/\/sport.fmalgaja.si\/index.php?rest_route=\/wp\/v2\/pages"}],"about":[{"href":"https:\/\/sport.fmalgaja.si\/index.php?rest_route=\/wp\/v2\/types\/page"}],"author":[{"embeddable":true,"href":"https:\/\/sport.fmalgaja.si\/index.php?rest_route=\/wp\/v2\/users\/5967"}],"replies":[{"embeddable":true,"href":"https:\/\/sport.fmalgaja.si\/index.php?rest_route=%2Fwp%2Fv2%2Fcomments&post=223"}],"version-history":[{"count":15,"href":"https:\/\/sport.fmalgaja.si\/index.php?rest_route=\/wp\/v2\/pages\/223\/revisions"}],"predecessor-version":[{"id":6087,"href":"https:\/\/sport.fmalgaja.si\/index.php?rest_route=\/wp\/v2\/pages\/223\/revisions\/6087"}],"wp:attachment":[{"href":"https:\/\/sport.fmalgaja.si\/index.php?rest_route=%2Fwp%2Fv2%2Fmedia&parent=223"}],"curies":[{"name":"wp","href":"https:\/\/api.w.org\/{rel}","templated":true}]}}