{"id":215,"date":"2015-09-09T12:40:33","date_gmt":"2015-09-09T10:40:33","guid":{"rendered":"http:\/\/osfm-sport.splet.arnes.si\/?page_id=215"},"modified":"2017-09-19T18:41:09","modified_gmt":"2017-09-19T16:41:09","slug":"solska-sportna-tekmovanja","status":"publish","type":"page","link":"https:\/\/sport.fmalgaja.si\/?page_id=215","title":{"rendered":"\u0160portna tekmovanja"},"content":{"rendered":"<p>\u0160olska \u0161portna tekmovanja in prireditve so del dodatne ponudbe\u00a0 \u0161ole. Tekmovanja so nadgradnja pouka, so povezovalni element med u\u010denci, u\u010ditelji in star\u0161i ter med \u0161olo, odgovornimi za \u0161port na lokalni ravni, \u0161portnimi dru\u0161tvi in pano\u017enimi zvezami.<\/p>\n<p>Na\u0161i u\u010denci &#8211; \u0161portniki so ponos \u0161ole. Ko tekmujejo pod imenom svoje \u0161ole in tudi takrat ko so uspe\u0161ni za svoje \u0161portne klube ali v dresu reprezentance Slovenije.<\/p>\n<p>&nbsp;<\/p>\n","protected":false},"excerpt":{"rendered":"<p>\u0160olska \u0161portna tekmovanja in prireditve so del dodatne ponudbe\u00a0 \u0161ole. Tekmovanja so nadgradnja pouka, so povezovalni element med u\u010denci, u\u010ditelji in star\u0161i ter med \u0161olo, odgovornimi za \u0161port na lokalni ravni, \u0161portnimi dru\u0161tvi in pano\u017enimi zvezami. Na\u0161i u\u010denci &#8211; \u0161portniki so ponos \u0161ole. Ko tekmujejo pod imenom svoje \u0161ole in tudi takrat ko so uspe\u0161ni [&hellip;]<\/p>\n","protected":false},"author":5967,"featured_media":0,"parent":0,"menu_order":0,"comment_status":"closed","ping_status":"closed","template":"","meta":{"_et_pb_use_builder":"","_et_pb_old_content":"","_et_gb_content_width":"","ngg_post_thumbnail":0,"footnotes":"","_expiration-date-status":"","_expiration-date":0,"_expiration-date-type":"","_expiration-date-categories":[],"_expiration-date-options":[]},"class_list":["post-215","page","type-page","status-publish","hentry"],"_links":{"self":[{"href":"https:\/\/sport.fmalgaja.si\/index.php?rest_route=\/wp\/v2\/pages\/215","targetHints":{"allow":["GET"]}}],"collection":[{"href":"https:\/\/sport.fmalgaja.si\/index.php?rest_route=\/wp\/v2\/pages"}],"about":[{"href":"https:\/\/sport.fmalgaja.si\/index.php?rest_route=\/wp\/v2\/types\/page"}],"author":[{"embeddable":true,"href":"https:\/\/sport.fmalgaja.si\/index.php?rest_route=\/wp\/v2\/users\/5967"}],"replies":[{"embeddable":true,"href":"https:\/\/sport.fmalgaja.si\/index.php?rest_route=%2Fwp%2Fv2%2Fcomments&post=215"}],"version-history":[{"count":5,"href":"https:\/\/sport.fmalgaja.si\/index.php?rest_route=\/wp\/v2\/pages\/215\/revisions"}],"predecessor-version":[{"id":1233,"href":"https:\/\/sport.fmalgaja.si\/index.php?rest_route=\/wp\/v2\/pages\/215\/revisions\/1233"}],"wp:attachment":[{"href":"https:\/\/sport.fmalgaja.si\/index.php?rest_route=%2Fwp%2Fv2%2Fmedia&parent=215"}],"curies":[{"name":"wp","href":"https:\/\/api.w.org\/{rel}","templated":true}]}}