{"id":1853,"date":"2018-08-30T08:37:50","date_gmt":"2018-08-30T06:37:50","guid":{"rendered":"http:\/\/osfm-sport.splet.arnes.si\/?page_id=1853"},"modified":"2022-06-16T23:10:26","modified_gmt":"2022-06-16T21:10:26","slug":"poletna-sola-v-naravi-2018-2019","status":"publish","type":"page","link":"https:\/\/sport.fmalgaja.si\/?page_id=1853","title":{"rendered":"Poletna \u0161ola v naravi 2021 &#8211; 2022"},"content":{"rendered":"<ul>\n<li>5. razred centralne \u0161ole in 5. razred PO\u0160 Blagovna&#8230;Mladinsko zdravili\u0161\u010de Debeli rti\u010d od ponedeljka, 13. 6. 2022 do petka, 17. 6. 2022.<\/li>\n<\/ul>\n<p><a href=\"https:\/\/sport.fmalgaja.si\/files\/2022\/06\/20220613_142234-scaled.jpg\"><img loading=\"lazy\" decoding=\"async\" class=\"aligncenter size-medium wp-image-3366\" src=\"https:\/\/sport.fmalgaja.si\/files\/2022\/06\/20220613_142234-300x225.jpg\" alt=\"\" width=\"300\" height=\"225\"><\/a><\/p>\n<p>Za\u010deli smo z redno Poletno \u0161olo v naravi za na\u0161e peto\u0161olce. Leto\u0161nji obeti za izvedbo kon\u010dno bolj\u0161i kot leto nazaj, zato smo z veliko obetov in dobre volje od\u0161li proti novim morskim dogodiv\u0161\u010dinam.<\/p>\n<p>\u010ce nam bo dano bomo predvsem star\u0161em objavljali slike (na FB profilu na\u0161e \u0161ole) in kaj iz vsebine, da ne boste preve\u010d pogre\u0161ali svojih otrok. Najve\u010dji morski pozdrav vsem, ki nas pogre\u0161ate!<\/p>\n<p>NEKAJ PODATKOV:<\/p>\n<ul>\n<li>sodelujejo otroci\n<ul>\n<li>O\u0160 Franja Malgaja \u0160entjur (5.a &#8211; 22, 5.b \u2013 20),<\/li>\n<li>PO\u0160 Blagovna (5.c \u2013 17),<\/li>\n<\/ul>\n<\/li>\n<li>spremljevalci:\n<ul>\n<li>razredniki (3),biologinja,<\/li>\n<li>plavalni u\u010ditelji (7),<\/li>\n<li>vodja,<\/li>\n<\/ul>\n<\/li>\n<\/ul>\n<ul>\n<li>bivamo v mladinskem domu MARTIN\u010cEK<\/li>\n<\/ul>\n<p>Artnak, vodja P\u0160N<\/p>\n<p>SLIKE P\u0160N<\/p>\n<p>ngg_shortcode_0_placeholder<strong><span style=\"color: #0000ff\">POLETNA \u0160OLA V NARAVI 5. razred \u2013 \u010cETRTEK, 16. 6. 2022 (4. dan)<\/span><\/strong><\/p>\n<ul>\n<li>plavalno opismenjevanje,<\/li>\n<li>aktivno v nov dan,<\/li>\n<li>spoznavanja morskega in obmorskega sveta z biologinjo,<\/li>\n<li>\u0160PORTNI DAN; pohod v Ankaran,<\/li>\n<li>vreme son\u010dno, (TZ)temperatura zraka: 28\u00b0, (TV) temperatura morja: 22\u00b0<\/li>\n<\/ul>\n<p><span style=\"color: #ff0000\">\u2026\u0161e obvestilo o PRIHODU: jutri (petek, 17. junij 2022) se vra\u010damo ob napovedanem \u010dasu (\u010de le ne bo nepredvidenih zastojev na cesti), to je od 16. do 16.30 na mesto odhoda. Star\u0161i bodite pravo\u010dasni. \u010ce nam uspe morebitna odstopanja spremljajte na na\u0161i spletni strani:<\/span> <a href=\"http:\/\/www.fmalgaja.si\/\">http:\/\/www.fmalgaja.si\/<\/a><\/p>\n<p>&nbsp;<\/p>\n<p><strong><span style=\"color: #0000ff\">POLETNA \u0160OLA V NARAVI 5. razred \u2013 SREDA, 15. 6. 2022 (3. dan)<\/span><\/strong><\/p>\n<ul>\n<li>plavalno opismenjevanje,<\/li>\n<li>aktivno v nov dan,<\/li>\n<li>predstavitev opreme enote SV za potapljanje,<\/li>\n<li>obiskal nas je ravnatelj in razveselil s sladoledom,<\/li>\n<li>\u0160PORTNI DAN; igre z \u017eogo,<\/li>\n<li>vreme son\u010dno, (TZ)temperatura zraka: 27, (TV) temperatura morja: 22<\/li>\n<\/ul>\n<p>&nbsp;<\/p>\n<p><span style=\"color: #0000ff\"><strong>POLETNA \u0160OLA V NARAVI 5. razred &#8211; TOREK, 14. 6. 2022 (2. dan)<\/strong><\/span><\/p>\n<ul>\n<li>plavalno opismenjevanje,<\/li>\n<li>\u0161olsko-prosto\u010dasne aktivnosti, likovno-tehni\u010dna delavnica, \u0161portne igre, lokostrelstvo,<\/li>\n<li>prva po\u0161ta od doma,<\/li>\n<li>ogled zdravili\u0161kega vrta,<\/li>\n<li>izbor miss in mistra Debelega rti\u010da, dru\u017eabne igre, ples.<\/li>\n<\/ul>\n<p>&nbsp;<\/p>\n<p><span style=\"color: #0000ff\"><strong>POLETNA \u0160OLA V NARAVI 5. razred &#8211; PONEDELJEK, 13. junij 2022 (1. dan)<\/strong><\/span><\/p>\n<ul>\n<li>Odhod iz \u0160entjurja, vmesni po\u010ditek in malica na Lomu,<\/li>\n<li>prihod (objava na radiu Celje in \u0160tajerski val), nastanitev,<\/li>\n<li>NARAVOSLOVNI DAN: <strong>Rastlinstvo in \u017eivalstvo v obmorskem svetu, <\/strong><\/li>\n<li>seznanitev z okolico, razporeditev po plavalnih skupinah,<\/li>\n<li>spoznavanje kopali\u0161\u010da, osnove u\u010denja plavanja, dru\u017eabne igre,<\/li>\n<li>ve\u010derne aktivnosti (\u00bbspoznajmo se\u00ab).<\/li>\n<\/ul>\n<p>&nbsp;<\/p>\n","protected":false},"excerpt":{"rendered":"<p>5. razred centralne \u0161ole in 5. razred PO\u0160 Blagovna&#8230;Mladinsko zdravili\u0161\u010de Debeli rti\u010d od ponedeljka, 13. 6. 2022 do petka, 17. 6. 2022. Za\u010deli smo z redno Poletno \u0161olo v naravi za na\u0161e peto\u0161olce. Leto\u0161nji obeti za izvedbo kon\u010dno bolj\u0161i kot leto nazaj, zato smo z veliko obetov in dobre volje od\u0161li proti novim morskim dogodiv\u0161\u010dinam. [&hellip;]<\/p>\n","protected":false},"author":5967,"featured_media":0,"parent":0,"menu_order":0,"comment_status":"closed","ping_status":"closed","template":"","meta":{"_et_pb_use_builder":"","_et_pb_old_content":"","_et_gb_content_width":"","ngg_post_thumbnail":0,"footnotes":"","_expiration-date-status":"saved","_expiration-date":0,"_expiration-date-type":"","_expiration-date-categories":[],"_expiration-date-options":[]},"class_list":["post-1853","page","type-page","status-publish","hentry"],"_links":{"self":[{"href":"https:\/\/sport.fmalgaja.si\/index.php?rest_route=\/wp\/v2\/pages\/1853","targetHints":{"allow":["GET"]}}],"collection":[{"href":"https:\/\/sport.fmalgaja.si\/index.php?rest_route=\/wp\/v2\/pages"}],"about":[{"href":"https:\/\/sport.fmalgaja.si\/index.php?rest_route=\/wp\/v2\/types\/page"}],"author":[{"embeddable":true,"href":"https:\/\/sport.fmalgaja.si\/index.php?rest_route=\/wp\/v2\/users\/5967"}],"replies":[{"embeddable":true,"href":"https:\/\/sport.fmalgaja.si\/index.php?rest_route=%2Fwp%2Fv2%2Fcomments&post=1853"}],"version-history":[{"count":33,"href":"https:\/\/sport.fmalgaja.si\/index.php?rest_route=\/wp\/v2\/pages\/1853\/revisions"}],"predecessor-version":[{"id":3479,"href":"https:\/\/sport.fmalgaja.si\/index.php?rest_route=\/wp\/v2\/pages\/1853\/revisions\/3479"}],"wp:attachment":[{"href":"https:\/\/sport.fmalgaja.si\/index.php?rest_route=%2Fwp%2Fv2%2Fmedia&parent=1853"}],"curies":[{"name":"wp","href":"https:\/\/api.w.org\/{rel}","templated":true}]}}