{"id":1259,"date":"2017-09-23T12:30:27","date_gmt":"2017-09-23T10:30:27","guid":{"rendered":"http:\/\/osfm-sport.splet.arnes.si\/?page_id=1259"},"modified":"2025-08-25T08:39:55","modified_gmt":"2025-08-25T06:39:55","slug":"sport-za-sprostitev","status":"publish","type":"page","link":"https:\/\/sport.fmalgaja.si\/?page_id=1259","title":{"rendered":"\u0160port za sprostitev"},"content":{"rendered":"<h5>Tudi v \u0161olskem letu 2025\/2026 so na\u0161i u\u010denci izbrali kar nekaj Izbirnih predmetov iz podro\u010dja \u0161porta. V 7. razredu smo tako oblikovali eno skupino predmeta \u0160PORT ZA SPROSTITEV, katerega izvajalec sta u\u010ditelja \u0161porta na \u0161oli R. Novak in T. Ton\u010di\u0107.<\/h5>\n<p>&nbsp;<\/p>\n<p>&nbsp;<\/p>\n<h3>&nbsp;<\/h3>\n","protected":false},"excerpt":{"rendered":"<p>Tudi v \u0161olskem letu 2025\/2026 so na\u0161i u\u010denci izbrali kar nekaj Izbirnih predmetov iz podro\u010dja \u0161porta. V 7. razredu smo tako oblikovali eno skupino predmeta \u0160PORT ZA SPROSTITEV, katerega izvajalec sta u\u010ditelja \u0161porta na \u0161oli R. Novak in T. Ton\u010di\u0107. &nbsp; &nbsp; &nbsp;<\/p>\n","protected":false},"author":5967,"featured_media":0,"parent":0,"menu_order":0,"comment_status":"closed","ping_status":"closed","template":"","meta":{"_et_pb_use_builder":"","_et_pb_old_content":"","_et_gb_content_width":"","ngg_post_thumbnail":0,"footnotes":"","_expiration-date-status":"","_expiration-date":0,"_expiration-date-type":"","_expiration-date-categories":[],"_expiration-date-options":[]},"class_list":["post-1259","page","type-page","status-publish","hentry"],"_links":{"self":[{"href":"https:\/\/sport.fmalgaja.si\/index.php?rest_route=\/wp\/v2\/pages\/1259","targetHints":{"allow":["GET"]}}],"collection":[{"href":"https:\/\/sport.fmalgaja.si\/index.php?rest_route=\/wp\/v2\/pages"}],"about":[{"href":"https:\/\/sport.fmalgaja.si\/index.php?rest_route=\/wp\/v2\/types\/page"}],"author":[{"embeddable":true,"href":"https:\/\/sport.fmalgaja.si\/index.php?rest_route=\/wp\/v2\/users\/5967"}],"replies":[{"embeddable":true,"href":"https:\/\/sport.fmalgaja.si\/index.php?rest_route=%2Fwp%2Fv2%2Fcomments&post=1259"}],"version-history":[{"count":15,"href":"https:\/\/sport.fmalgaja.si\/index.php?rest_route=\/wp\/v2\/pages\/1259\/revisions"}],"predecessor-version":[{"id":6007,"href":"https:\/\/sport.fmalgaja.si\/index.php?rest_route=\/wp\/v2\/pages\/1259\/revisions\/6007"}],"wp:attachment":[{"href":"https:\/\/sport.fmalgaja.si\/index.php?rest_route=%2Fwp%2Fv2%2Fmedia&parent=1259"}],"curies":[{"name":"wp","href":"https:\/\/api.w.org\/{rel}","templated":true}]}}