{"id":1241,"date":"2017-09-19T18:47:54","date_gmt":"2017-09-19T16:47:54","guid":{"rendered":"http:\/\/osfm-sport.splet.arnes.si\/?page_id=1241"},"modified":"2025-08-08T13:16:11","modified_gmt":"2025-08-08T11:16:11","slug":"nasi-ucenci-sportniki-drugje","status":"publish","type":"page","link":"https:\/\/sport.fmalgaja.si\/?page_id=1241","title":{"rendered":"Na\u0161i u\u010denci &#8211; \u0161portniki drugje"},"content":{"rendered":"<p>Na\u0161i sedanji in biv\u0161i u\u010denci &#8211; \u0161portniki so ponos \u0161ole. Ko tekmujejo pod imenom svoje \u0161ole in tudi takrat ko so uspe\u0161ni za svoje \u0161portne klube na uradnih prvenstvenih tekmovanjih ali v dresu reprezentance Slovenije. Njihove uspehe bomo posku\u0161ali objavljati&#8230;\u010de nam bodo le prenesli svoje dose\u017eke.<\/p>\n<p>&nbsp;<\/p>\n<p><span style=\"color: #0000ff\">* BENIGER DAVORIN, <\/span>2012 (hokej na ledu)<br \/>\n2025-8-8&#8230;*V preteklih dneh je dolgo hokejsko sezono 2024\/25 zaklju\u010dil u\u010denec 6. b, Davorin Beniger. Uspe\u0161no je nastopal v DP in IHL (International Hockey League), kjer je za ekipo U13 HK Celje dosegel 11 to\u010dk (6 golov in 5 podaj). S slova\u0161ko select ekipo Slovakia Kings se je udele\u017eil tudi dveh najmo\u010dnej\u0161ih turnirjev za mlade hokejiste na svetu, &#8220;World Hockey Championship&#8221; v Innsbrucku in &#8220;The Continental Clash&#8221; v Chicagu. S slovensko select ekipo Alpine Select pa je uspe\u0161no nastopal na dveh mo\u010dnih turnirjih &#8220;CCM World Invite &#8211; I feel Slovenia na Bledu. Na zaklju\u010dnem turnirju kategorije AAA se je po zmagi nad ekipo KAC iz Celovca veselil naslova prvaka, izkazal pa se je tudi kot drugi strelec turnirja z dose\u017eenimi 13 to\u010dkami.<br \/>\n*zapisano po navedbi star\u0161ev<\/p>\n<p>ngg_shortcode_0_placeholder<span style=\"color: #0000ff\">* BERDEN ALEKS, <\/span>2012 (lokostrelstvo)<br \/>\n2025&#8230;3. mesto Dvoranski pokal Slovenije do 13 let (ukrivljeni lok)<\/p>\n<p><span style=\"color: #0000ff\">* GAJ\u0160EK TINKARA, <\/span>2012 (atletika)<br \/>\n2023&#8230;2. mesto Prvenstvo Slovenije U12 v krosu<\/p>\n<p><span style=\"color: #0000ff\">* OGRIZEK UR\u0160KA<\/span>, 2007 (atletika)<br \/>\n2022&#8230;dose\u017eena norma (100m) za OLIMPIJSKI FESTIVAL EVROPSKE MLADINE (OFEM) Banska Bystrica (SVK)<\/p>\n<p><span style=\"color: #0000ff\">* ARTNAK MARTIN, <\/span>2007 (atletika)<br \/>\n2022&#8230;3. mesto Prvenstvo Slovenije U16 v krosu<\/p>\n<p><span style=\"color: #0000ff\">* FILEJ VAL<\/span>, 2008 (atletika)<br \/>\n2021&#8230;3. mesto Prvenstvo Slovenije U14&nbsp; na 1000m<\/p>\n<p>* <span style=\"color: #0000ff\">ANTOLI\u010c LARA, JUG TARA, ULA PE\u010cNIK, <span style=\"color: #000000\">2011 <\/span><\/span>(ples, jazz &#8211; modern)<br \/>\n2021&#8230;1. mesto Prvenstvo Slovenije &#8211; ekipno mala formacija<\/p>\n<p><span style=\"color: #0000ff\">* OGRIZEK UR\u0160KA<\/span>, 2007 (atletika)<br \/>\n2021&#8230;3. mesto Prvenstvo Slovenije v dvorani U18 na 60m<\/p>\n<p><span style=\"color: #0000ff\">* KO\u010cEVAR JON, 2009 (plavanje)<\/span><br \/>\n2020&#8230;3. mesto Prvenstvo Slovenije mlaj\u0161i de\u010dki 50m prost<\/p>\n<p><span style=\"color: #0000ff\">* OGRIZEK UR\u0160KA, 2007 (atletika)<\/span><br \/>\n2020&#8230;3. mesto Prvenstvo Slovenije U14 na 200m<\/p>\n<p><span style=\"color: #0000ff\">* ARTNAK MARTIN, 2007 (atletika)<\/span><br \/>\n2020&#8230;3. mesto Prvenstvo Slovenije U14 na 1000m<\/p>\n<p>*<span style=\"color: #0000ff\"> OGRIZEK UR\u0160KA, 2007 (atletika)<\/span><br \/>\n2020&#8230;1. mesto Prvenstvo Slovenije U14 na 60m<\/p>\n<p><span style=\"color: #0000ff\">* KO\u010cEVAR JON, 2009 (plavanje)<br \/>\n<\/span>2020&#8230;3. mesto Prvenstvo Slovenije mlaj\u0161i de\u010dki 50m prosto<\/p>\n<p><span style=\"color: #0000ff\">* DOBOVI\u0160EK NEJ, 2008 (atletika)<br \/>\n<\/span>2019&#8230;2. mesto Prvenstvo Slovenije U12&nbsp;v atletskem mnogoboju v dvorani<\/p>\n<p><span style=\"color: #0000ff\">* OGRIZEK UR\u0160KA, 2007 (atletika)<br \/>\n<\/span>2019&#8230;1. mesto Prvenstvo Slovenije U13&nbsp;v dvorani na 60m<\/p>\n<p><span style=\"color: #0000ff\">* ARTNAK MARTIN, 2007 (atletika)<br \/>\n<\/span>2019&#8230;1. mesto Prvenstvo Slovenije U13 v dvorani na &nbsp;600m<\/p>\n<p><span style=\"color: #0000ff\">* DOBOVI\u0160EK NEJ, 2008 (atletika)<br \/>\n<\/span>2019&#8230;2. mesto Prvenstvo Slovenije U12 v dvorani na 50m<\/p>\n<p><span style=\"color: #0000ff\">* OGRIZEK UR\u0160KA, 2007 (atletika)<br \/>\n<\/span>2018&#8230;1. mesto Prvenstvo Slovenije U12&nbsp;na 60m<\/p>\n<p><span style=\"color: #0000ff\">* ARTNAK MARTIN, 2007 (atletika)<br \/>\n<\/span>2018&#8230;2. mesto Prvenstvo Slovenije U12&nbsp;600m<\/p>\n<p><span style=\"color: #0000ff\">* DOBOVI\u0160EK NEJ, 2008 (atletika)<br \/>\n<\/span>2018&#8230;3. mesto Prvenstvo Slovenije U12&nbsp;v 60m<\/p>\n<p><span style=\"color: #0000ff\">* MODIC URBAN, 2005 (atletika)<br \/>\n<\/span>2018&#8230;1. mesto Atletsko prvenstvo Slovenije U14 skok v vi\u0161ino<\/p>\n<p><span style=\"color: #0000ff\">* OGRIZEK ANA, 2007 (atletika)<br \/>\n<\/span>2018&#8230;1. mesto Prvenstvo Slovenije U12&nbsp;v krosu<\/p>\n<p><span style=\"color: #0000ff\">* ARTNAK MARTIN, 2007 (atletika)<br \/>\n<\/span>2018&#8230;2. mesto Prvenstvo Slovenije U12&nbsp;v krosu<\/p>\n<p><span style=\"color: #0000ff\">* DOBOVI\u0160EK NEJ, 2008 (atletika)<br \/>\n<\/span>2018&#8230;3. mesto Prvenstvo Slovenije U12&nbsp;v krosu<\/p>\n<p><span style=\"color: #0000ff\">* CMOK JAKOB, 2006 (atletika)<br \/>\n<\/span>2018&#8230;2. mesto Atletsko prvenstvo Slovenije U13 (letnik 2006)&nbsp;v dvorani&nbsp;na 600m<\/p>\n<p><span style=\"color: #0000ff\">* ARTNAK MARTIN, 2007 (atletika)<br \/>\n<\/span>2018&#8230;2. mesto Atletsko prvenstvo Slovenije U12 (letnik 2007)&nbsp;v dvorani&nbsp;na 400m<\/p>\n<p>* <span style=\"color: #0000ff\">HAUC NINA, 2003<\/span> (ples, hip-hop)<br \/>\n2017&#8230;1. mesto Mladinsko svetovno prvenstvo &#8211; ekipno s skupino Fierce iz TBA Plesni Center<\/p>\n<p>* <span style=\"color: #0000ff\">ARTNAK MARTIN, 2007<\/span> (atletika)<br \/>\n2017&#8230;2. mesto Atletsko prvenstvo Slovenije U12 na 600m<\/p>\n<p>* <span style=\"color: #0000ff\">PAVLI\u010c JAN, 2004<\/span> (atletika)<br \/>\n2017&#8230;3. mesto Atletsko dvoransko prvenstvo Slovenije U14 na 600m<\/p>\n<p><span style=\"color: #0000ff\">*&nbsp;IP\u0160EK \u0160PELA, 2004<\/span> (atletika)<br \/>\n2017&#8230;3. mesto Atletsko dvoransko prvenstvo Slovenije U14 na 50m\/ovire<\/p>\n<p>* <span style=\"color: #0000ff\">VRE\u010cKO JA\u0160A, 2005<\/span> (taekwon-do)<br \/>\n2017&#8230;1. mesto Prvenstvo Slovenije v taekwon-doju<\/p>\n<p>* <span style=\"color: #0000ff\">OZEBEK \u017dIGA, 2000<\/span> (deskanje na snegu)<br \/>\n2017&#8230;3. mesto Zimski olimpijski festival evropske mladine (EYOD 2017)<\/p>\n<p>* <span style=\"color: #0000ff\">VODU\u0160EK LOVRO, 2000<\/span> (smu\u010darski skoki)<br \/>\n2017&#8230;1. mesto ekipno&nbsp;Zimski olimpijski festival evropske mladine (EYOD 2017)<\/p>\n<p>* <span style=\"color: #0000ff\">PAVLETI\u0106 PIA, 2002<\/span> (judo)<br \/>\n2016&#8230;1. mesto Prvenstvo Slovenije v judu<\/p>\n","protected":false},"excerpt":{"rendered":"<p>Na\u0161i sedanji in biv\u0161i u\u010denci &#8211; \u0161portniki so ponos \u0161ole. Ko tekmujejo pod imenom svoje \u0161ole in tudi takrat ko so uspe\u0161ni za svoje \u0161portne klube na uradnih prvenstvenih tekmovanjih ali v dresu reprezentance Slovenije. Njihove uspehe bomo posku\u0161ali objavljati&#8230;\u010de nam bodo le prenesli svoje dose\u017eke. &nbsp; * BENIGER DAVORIN, 2012 (hokej na ledu) 2025-8-8&#8230;*V [&hellip;]<\/p>\n","protected":false},"author":5967,"featured_media":0,"parent":0,"menu_order":0,"comment_status":"closed","ping_status":"closed","template":"","meta":{"_et_pb_use_builder":"","_et_pb_old_content":"","_et_gb_content_width":"","ngg_post_thumbnail":0,"footnotes":"","_expiration-date-status":"","_expiration-date":0,"_expiration-date-type":"","_expiration-date-categories":[],"_expiration-date-options":[]},"class_list":["post-1241","page","type-page","status-publish","hentry"],"_links":{"self":[{"href":"https:\/\/sport.fmalgaja.si\/index.php?rest_route=\/wp\/v2\/pages\/1241","targetHints":{"allow":["GET"]}}],"collection":[{"href":"https:\/\/sport.fmalgaja.si\/index.php?rest_route=\/wp\/v2\/pages"}],"about":[{"href":"https:\/\/sport.fmalgaja.si\/index.php?rest_route=\/wp\/v2\/types\/page"}],"author":[{"embeddable":true,"href":"https:\/\/sport.fmalgaja.si\/index.php?rest_route=\/wp\/v2\/users\/5967"}],"replies":[{"embeddable":true,"href":"https:\/\/sport.fmalgaja.si\/index.php?rest_route=%2Fwp%2Fv2%2Fcomments&post=1241"}],"version-history":[{"count":15,"href":"https:\/\/sport.fmalgaja.si\/index.php?rest_route=\/wp\/v2\/pages\/1241\/revisions"}],"predecessor-version":[{"id":6005,"href":"https:\/\/sport.fmalgaja.si\/index.php?rest_route=\/wp\/v2\/pages\/1241\/revisions\/6005"}],"wp:attachment":[{"href":"https:\/\/sport.fmalgaja.si\/index.php?rest_route=%2Fwp%2Fv2%2Fmedia&parent=1241"}],"curies":[{"name":"wp","href":"https:\/\/api.w.org\/{rel}","templated":true}]}}