{"id":11,"date":"2015-08-31T09:05:04","date_gmt":"2015-08-31T07:05:04","guid":{"rendered":"http:\/\/osfm-sport.splet.arnes.si\/?page_id=11"},"modified":"2026-04-16T22:19:13","modified_gmt":"2026-04-16T20:19:13","slug":"portreti-uspesnih-solskih-sportnikov","status":"publish","type":"page","link":"https:\/\/sport.fmalgaja.si\/?page_id=11","title":{"rendered":"Na\u0161i \u0161portni junaki"},"content":{"rendered":"<h3 style=\"text-align: center\"><span style=\"color: #0000ff\"><strong>\u0160olsko leto 2025 &#8211; 2026<\/strong><\/span><\/h3>\n<p><span style=\"text-decoration: underline\"><strong>TINKARA GAJ\u0160EK<\/strong><\/span><\/p>\n<ul>\n<li>1. mesto Prvenstvo Slovenije v KROSU za O\u0160 (deklice 8. razred 1000m)<\/li>\n<\/ul>\n<p>&nbsp;<\/p>\n<p><span style=\"text-decoration: underline\"><strong>TINKARA GAJ\u0160EK<\/strong><\/span><\/p>\n<ul>\n<li>3. mesto Prvenstvo Slovenije v CESTNEM TEKU za O\u0160 (deklice 8. razred 1500m)<\/li>\n<\/ul>\n<h3>&nbsp;<\/h3>\n<h3 style=\"text-align: center\"><span style=\"color: #0000ff\"><strong>\u0160olsko leto 2024 &#8211; 2025<\/strong><\/span><\/h3>\n<p><span style=\"text-decoration: underline\"><strong>TINKARA GAJ\u0160EK<\/strong><\/span><\/p>\n<ul>\n<li>1. mesto Prvenstvo Slovenije v KROSU za O\u0160 (deklice 7. razred 1000m)<\/li>\n<\/ul>\n<p>&nbsp;<\/p>\n<p><span style=\"text-decoration: underline\"><strong>TINKARA GAJ\u0160EK<\/strong><\/span><\/p>\n<ul>\n<li>1. mesto Prvenstvo Slovenije v CESTNEM TEKU za O\u0160 (deklice 7. razred 1500m)<\/li>\n<\/ul>\n<p>&nbsp;<\/p>\n<p>&nbsp;<\/p>\n<h3 style=\"text-align: center\"><span style=\"color: #0000ff\"><strong>\u0160olsko leto 2023 &#8211; 2024<\/strong><\/span><\/h3>\n<p><span style=\"text-decoration: underline\"><strong>TINKARA GAJ\u0160EK<\/strong><\/span><\/p>\n<ul>\n<li>2. mesto Prvenstvo Slovenije v KROSU za O\u0160 (deklice 6. razred 1000m)<\/li>\n<\/ul>\n<p>&nbsp;<\/p>\n<p><span style=\"text-decoration: underline\"><strong>LUNA ROZMAN<\/strong><\/span><\/p>\n<ul>\n<li>3. mesto Prvenstvo Slovenije v KROSU za O\u0160 (deklice 7. razred 1000m)<\/li>\n<\/ul>\n<p>&nbsp;<\/p>\n<p><span style=\"text-decoration: underline\"><strong>TINKARA GAJ\u0160EK<\/strong><\/span><\/p>\n<ul>\n<li>2. mesto Prvenstvo Slovenije v CESTNEM TEKU za O\u0160 (deklice 6. razred 1800m)<\/li>\n<\/ul>\n<h3>&nbsp;<\/h3>\n<p><a href=\"https:\/\/sport.fmalgaja.si\/files\/2023\/10\/20231021_142830-scaled.jpg\"><img loading=\"lazy\" decoding=\"async\" class=\"aligncenter size-medium wp-image-4491\" src=\"https:\/\/sport.fmalgaja.si\/files\/2023\/10\/20231021_142830-225x300.jpg\" alt=\"\" width=\"225\" height=\"300\"><\/a><\/p>\n<h3 style=\"text-align: center\"><span style=\"color: #0000ff\"><strong>\u0160olsko leto 2022 &#8211; 2023<\/strong><\/span><\/h3>\n<p>&nbsp;<\/p>\n<p><span style=\"text-decoration: underline\"><strong>LUNA ROZMAN<\/strong><\/span><\/p>\n<ul>\n<li>3. mesto Prvenstvo Slovenije v CESTNEM TEKU za O\u0160 (deklice 6. razred 1800m)<\/li>\n<\/ul>\n<p>&nbsp;<\/p>\n<p><span style=\"text-decoration: underline\"><strong>VAL FILEJ<\/strong><\/span><\/p>\n<ul>\n<li>1. mesto Prvenstvo Slovenije v KROSU za O\u0160 (de\u010dki 9. razred 1500m)<\/li>\n<\/ul>\n<p>&nbsp;<\/p>\n<p><span style=\"text-decoration: underline\"><strong>TINKARA GAJ\u0160EK<\/strong><\/span><\/p>\n<ul>\n<li>2. mesto Prvenstvo Slovenije v KROSU za O\u0160 (deklice 5. razred 1000m)<\/li>\n<\/ul>\n<p><a href=\"https:\/\/sport.fmalgaja.si\/files\/2023\/04\/20230420_142429-scaled.jpg\"><img loading=\"lazy\" decoding=\"async\" class=\"aligncenter size-medium wp-image-4085\" src=\"https:\/\/sport.fmalgaja.si\/files\/2023\/04\/20230420_142429-300x225.jpg\" alt=\"\" width=\"300\" height=\"225\"><\/a><\/p>\n<h3>&nbsp;<\/h3>\n<h3 style=\"text-align: center\"><span style=\"color: #0000ff\"><strong>\u0160olsko leto 2021 &#8211; 2022<\/strong><\/span><\/h3>\n<p><span style=\"text-decoration: underline\"><strong>UR\u0160KA OGRIZEK<\/strong><\/span><\/p>\n<ul>\n<li>2. mesto Prvenstvo Slovenije v ATLETIKI za O\u0160 (60m)<\/li>\n<\/ul>\n<p><span style=\"text-decoration: underline\"><strong>TIAN STOJAN<\/strong><\/span><\/p>\n<ul>\n<li>1. mesto Prvenstvo Slovenije v JUDU za O\u0160 (do 48kg)<\/li>\n<\/ul>\n<p><span style=\"text-decoration: underline\"><strong>MARTIN ARTNAK<\/strong><\/span><\/p>\n<ul>\n<li>2. mesto Prvenstvo Slovenije v KROSU za O\u0160 (de\u010dki 9. razred 1500m)<\/li>\n<\/ul>\n<p><span style=\"text-decoration: underline\"><strong>VAL FILEJ<\/strong><\/span><\/p>\n<ul>\n<li>2. mesto Prvenstvo Slovenije v KROSU za O\u0160 (de\u010dki 8. razred 1500m)<\/li>\n<\/ul>\n<p><span style=\"text-decoration: underline\"><strong>LARA ANTOLI\u010c<\/strong><\/span><\/p>\n<ul>\n<li>1. mesto Prvenstvo Slovenije v KROSU za O\u0160 (deklice 5. razred 1000m)<\/li>\n<\/ul>\n<div id=\"attachment_3279\" style=\"width: 235px\" class=\"wp-caption aligncenter\"><a href=\"https:\/\/sport.fmalgaja.si\/files\/2022\/04\/20220421_141840-scaled.jpg\"><img loading=\"lazy\" decoding=\"async\" aria-describedby=\"caption-attachment-3279\" class=\"size-medium wp-image-3279\" src=\"https:\/\/sport.fmalgaja.si\/files\/2022\/04\/20220421_141840-225x300.jpg\" alt=\"\" width=\"225\" height=\"300\"><\/a><p id=\"caption-attachment-3279\" class=\"wp-caption-text\">Martin, Lara, Val<\/p><\/div>\n<p><span style=\"text-decoration: underline\"><strong>JAN LUJANAC<\/strong><\/span><\/p>\n<ul>\n<li>1. mesto Prvenstvo Slovenije v VELESLALOMU&nbsp; za O\u0160 (nekategorizirani)<\/li>\n<\/ul>\n<h3>&nbsp;<\/h3>\n<p>&nbsp;<\/p>\n<h3 style=\"text-align: center\"><span style=\"color: #0000ff\"><strong>\u0160olsko leto 2019 &#8211; 2020<\/strong><\/span><\/h3>\n<p><span style=\"text-decoration: underline\"><strong>MARTIN ARTNAK<\/strong><\/span><\/p>\n<ul>\n<li>1. mesto Prvenstvo Slovenije v&nbsp;CESTNEM TEKU&nbsp;za O\u0160 (de\u010dki&nbsp;7. razred 1800m)<\/li>\n<\/ul>\n<p><span style=\"text-decoration: underline\"><strong>ANA OGRIZEK<\/strong><\/span><\/p>\n<ul>\n<li>6. mesto Prvenstvo Slovenije v&nbsp;CESTNEM TEKU&nbsp;za O\u0160 (deklice 7. razred 1800m)<\/li>\n<\/ul>\n<p>&nbsp;<\/p>\n<p><strong><span style=\"text-decoration: underline\">O\u0160 Franja Malgaja \u0160entjur EKIPNO 6. do 9. razred<\/span><br \/>\n<\/strong><\/p>\n<ul>\n<li>4. mesto EKIPNO&nbsp;za O\u0160&nbsp;VSEEKIPNO Prvenstvo Slovenije v cestnem teku&nbsp;6. do 9. razred: Martin Artnak (1. mesto\/7. razred), Ana Ogrizek (6.\/7.raz), Matija Lakner (9.\/8.raz), Jakob Cmok (11.\/8.raz), Filip Cmok (14.\/8.raz), Altina Gashi (14.\/9.raz), Luka Godler (22.\/7.raz), Ur\u0161ka Ogrizek (25.\/7.raz).<\/li>\n<\/ul>\n<p>&nbsp;<\/p>\n<h3 style=\"text-align: center\">&nbsp;<\/h3>\n<h3 style=\"text-align: center\"><span style=\"color: #0000ff\"><strong>\u0160olsko leto 2018 &#8211; 2019<\/strong><\/span><\/h3>\n<p><span style=\"text-decoration: underline\"><strong>LAN MASTNAK<br \/>\n<\/strong><\/span><\/p>\n<ul>\n<li>5. mesto Prvenstvo Slovenije v \u0160PORTNEM PLEZANJU&nbsp; za O\u0160 (de\u010dki 8., 9. razred &#8211; licencirani)<\/li>\n<\/ul>\n<p>&nbsp;<\/p>\n<p><strong><span style=\"text-decoration: underline\">O\u0160 Franja Malgaja \u0160entjur VSEEKIPNO 5. &#8211; 9. razred<\/span><br \/>\n<\/strong><\/p>\n<ul>\n<li>2. mesto VSEEKIPNO na Prvenstvu Slovenije v KROSU za O\u0160 (&nbsp;Martin Artnak, Andra\u017e Voga, Altina Gashi, Ana Ogrizek, Matija Lakner, Antonio \u0160aki\u010d, Ja\u0161a Vre\u010dko,&nbsp;Nej Dobovi\u0161ek)<\/li>\n<\/ul>\n<p><a href=\"http:\/\/osfm-sport.splet.arnes.si\/files\/2019\/04\/IMG_1746.jpg\"><img loading=\"lazy\" decoding=\"async\" class=\"aligncenter size-medium wp-image-2301\" src=\"http:\/\/osfm-sport.splet.arnes.si\/files\/2019\/04\/IMG_1746-300x225.jpg\" alt=\"\" width=\"300\" height=\"225\" srcset=\"https:\/\/sport.fmalgaja.si\/files\/2019\/04\/IMG_1746-300x225.jpg 300w, https:\/\/sport.fmalgaja.si\/files\/2019\/04\/IMG_1746-768x576.jpg 768w, https:\/\/sport.fmalgaja.si\/files\/2019\/04\/IMG_1746-1024x768.jpg 1024w, https:\/\/sport.fmalgaja.si\/files\/2019\/04\/IMG_1746-510x382.jpg 510w, https:\/\/sport.fmalgaja.si\/files\/2019\/04\/IMG_1746-1080x810.jpg 1080w\" sizes=\"(max-width: 300px) 100vw, 300px\" \/><\/a><\/p>\n<p><span style=\"text-decoration: underline\"><strong>MARTIN ARTNAK<\/strong><\/span><\/p>\n<ul>\n<li>2. mesto Prvenstvo Slovenije v KROSU za O\u0160 (de\u010dki 6. razred 1000m)<\/li>\n<\/ul>\n<p>&nbsp;<\/p>\n<p><strong><span style=\"text-decoration: underline\">O\u0160 Franja Malgaja \u0160entjur EKIPNO 6. razred<\/span><br \/>\n<\/strong><\/p>\n<ul>\n<li>2. mesto EKIPNO na Prvenstvo Slovenije v KROSU za O\u0160 (Martin Artnak, Ana Ogrizek, Gal Kumer, \u0160pela Mo\u010dnik)<\/li>\n<\/ul>\n<p><span style=\"text-decoration: underline\"><strong>ANDRA\u017d VOGA<br \/>\n<\/strong><\/span><\/p>\n<ul>\n<li>3. mesto Prvenstvo Slovenije v KROSU za O\u0160 (de\u010dki 8. razred 1500m)<\/li>\n<\/ul>\n<p><a href=\"http:\/\/osfm-sport.splet.arnes.si\/files\/2015\/08\/IMG_0502.jpg\"><img loading=\"lazy\" decoding=\"async\" class=\"aligncenter size-medium wp-image-2307\" src=\"http:\/\/osfm-sport.splet.arnes.si\/files\/2015\/08\/IMG_0502-300x225.jpg\" alt=\"\" width=\"300\" height=\"225\" srcset=\"https:\/\/sport.fmalgaja.si\/files\/2015\/08\/IMG_0502-300x225.jpg 300w, https:\/\/sport.fmalgaja.si\/files\/2015\/08\/IMG_0502-768x576.jpg 768w, https:\/\/sport.fmalgaja.si\/files\/2015\/08\/IMG_0502-1024x768.jpg 1024w, https:\/\/sport.fmalgaja.si\/files\/2015\/08\/IMG_0502-510x382.jpg 510w, https:\/\/sport.fmalgaja.si\/files\/2015\/08\/IMG_0502-1080x810.jpg 1080w\" sizes=\"(max-width: 300px) 100vw, 300px\" \/><\/a><span style=\"text-decoration: underline\"><strong>UR\u0160KA OGRIZEK<\/strong><\/span><\/p>\n<ul>\n<li>1. mesto Prvenstvo Slovenije v&nbsp;CESTNEM TEKU&nbsp;za O\u0160 (deklice 6. razred 2000m)<\/li>\n<\/ul>\n<p><span style=\"text-decoration: underline\"><strong>MARTIN ARTNAK<\/strong><\/span><\/p>\n<ul>\n<li>1. mesto Prvenstvo Slovenije v&nbsp;CESTNEM TEKU&nbsp;za O\u0160 (de\u010dki&nbsp;6. razred 2000m)<\/li>\n<\/ul>\n<p><span style=\"text-decoration: underline\"><strong>JAKOB CMOK<\/strong><\/span><\/p>\n<ul>\n<li>6. mesto Prvenstvo Slovenije v&nbsp;CESTNEM TEKU&nbsp;za O\u0160 (de\u010dki&nbsp;7. razred 2000m)<\/li>\n<\/ul>\n<p>&nbsp;<\/p>\n<h3 style=\"text-align: center\"><span style=\"color: #0000ff\"><strong>\u0160olsko leto 2017 &#8211; 2018<\/strong><\/span><\/h3>\n<p><span style=\"text-decoration: underline\"><strong>URBAN MODIC<\/strong><\/span><\/p>\n<ul>\n<li>2. mesto Finale Prvenstva Slovenije v&nbsp;ATLETIKI za O\u0160 (Mali atletski pokal &#8211; skok v vi\u0161ino)<\/li>\n<\/ul>\n<p><a href=\"http:\/\/osfm-sport.splet.arnes.si\/files\/2018\/06\/IMG_0585.jpg\"><img loading=\"lazy\" decoding=\"async\" class=\"aligncenter size-medium wp-image-1755\" src=\"http:\/\/osfm-sport.splet.arnes.si\/files\/2018\/06\/IMG_0585-300x225.jpg\" alt=\"\" width=\"300\" height=\"225\" srcset=\"https:\/\/sport.fmalgaja.si\/files\/2018\/06\/IMG_0585-300x225.jpg 300w, https:\/\/sport.fmalgaja.si\/files\/2018\/06\/IMG_0585-768x576.jpg 768w, https:\/\/sport.fmalgaja.si\/files\/2018\/06\/IMG_0585-1024x768.jpg 1024w, https:\/\/sport.fmalgaja.si\/files\/2018\/06\/IMG_0585-510x382.jpg 510w, https:\/\/sport.fmalgaja.si\/files\/2018\/06\/IMG_0585-1080x810.jpg 1080w\" sizes=\"(max-width: 300px) 100vw, 300px\" \/><\/a><\/p>\n<p><span style=\"text-decoration: underline\"><strong>MARTIN ARTNAK<\/strong><\/span><\/p>\n<ul>\n<li>3. mesto Prvenstvo Slovenije v KROSU za O\u0160 (de\u010dki&nbsp;5. razred 1000m)<\/li>\n<\/ul>\n<p><a href=\"http:\/\/osfm-sport.splet.arnes.si\/files\/2015\/08\/IMG_3773.jpg\"><img loading=\"lazy\" decoding=\"async\" class=\"aligncenter size-medium wp-image-1681\" src=\"http:\/\/osfm-sport.splet.arnes.si\/files\/2015\/08\/IMG_3773-300x225.jpg\" alt=\"\" width=\"300\" height=\"225\" srcset=\"https:\/\/sport.fmalgaja.si\/files\/2015\/08\/IMG_3773-300x225.jpg 300w, https:\/\/sport.fmalgaja.si\/files\/2015\/08\/IMG_3773-768x576.jpg 768w, https:\/\/sport.fmalgaja.si\/files\/2015\/08\/IMG_3773-1024x768.jpg 1024w, https:\/\/sport.fmalgaja.si\/files\/2015\/08\/IMG_3773-510x382.jpg 510w, https:\/\/sport.fmalgaja.si\/files\/2015\/08\/IMG_3773-1080x810.jpg 1080w\" sizes=\"(max-width: 300px) 100vw, 300px\" \/><\/a><\/p>\n<p><strong><span style=\"text-decoration: underline\">O\u0160 Franja Malgaja \u0160entjur EKIPNO 5. razred<\/span><br \/>\n<\/strong><\/p>\n<ul>\n<li>2. mesto EKIPNO na Prvenstvo Slovenije v KROSU za O\u0160 (Martin Artnak, Ur\u0161ka Ogrizek, Tinkara Trobec, Gal Kumer)<\/li>\n<\/ul>\n<h3 style=\"text-align: center\"><a href=\"http:\/\/osfm-sport.splet.arnes.si\/files\/2015\/08\/IMG_0382.jpg\"><img loading=\"lazy\" decoding=\"async\" class=\"aligncenter size-medium wp-image-1683\" src=\"http:\/\/osfm-sport.splet.arnes.si\/files\/2015\/08\/IMG_0382-300x225.jpg\" alt=\"\" width=\"300\" height=\"225\" srcset=\"https:\/\/sport.fmalgaja.si\/files\/2015\/08\/IMG_0382-300x225.jpg 300w, https:\/\/sport.fmalgaja.si\/files\/2015\/08\/IMG_0382-768x576.jpg 768w, https:\/\/sport.fmalgaja.si\/files\/2015\/08\/IMG_0382-1024x768.jpg 1024w, https:\/\/sport.fmalgaja.si\/files\/2015\/08\/IMG_0382-510x382.jpg 510w, https:\/\/sport.fmalgaja.si\/files\/2015\/08\/IMG_0382-1080x810.jpg 1080w\" sizes=\"(max-width: 300px) 100vw, 300px\" \/><\/a><\/h3>\n<p><span style=\"text-decoration: underline\"><strong>JAKOB CMOK<\/strong><\/span><\/p>\n<ul>\n<li>4. mesto Prvenstvo Slovenije v&nbsp;CESTNEM TEKU&nbsp;za O\u0160 (de\u010dki&nbsp;6. razred 2000m)<\/li>\n<\/ul>\n<h3 style=\"text-align: center\"><a href=\"http:\/\/osfm-sport.splet.arnes.si\/files\/2015\/08\/20171028_142107-e1529480050681.jpg\"><img loading=\"lazy\" decoding=\"async\" class=\"aligncenter size-medium wp-image-1809\" src=\"http:\/\/osfm-sport.splet.arnes.si\/files\/2015\/08\/20171028_142107-e1529480050681-225x300.jpg\" alt=\"\" width=\"225\" height=\"300\" srcset=\"https:\/\/sport.fmalgaja.si\/files\/2015\/08\/20171028_142107-e1529480050681-225x300.jpg 225w, https:\/\/sport.fmalgaja.si\/files\/2015\/08\/20171028_142107-e1529480050681-768x1024.jpg 768w, https:\/\/sport.fmalgaja.si\/files\/2015\/08\/20171028_142107-e1529480050681-1080x1440.jpg 1080w\" sizes=\"(max-width: 225px) 100vw, 225px\" \/><\/a><\/h3>\n<p>&nbsp;<\/p>\n<h3 style=\"text-align: center\"><span style=\"color: #0000ff\"><strong>\u0160olsko leto 2016 &#8211; 2017<\/strong><\/span><\/h3>\n<p><span style=\"text-decoration: underline\"><strong>MAJA KOVA\u010cI\u0106<br \/>\n<\/strong><\/span><\/p>\n<ul>\n<li>3. mesto deklice solo plesi na Finalu prvenstva Slovenije v PLESU &#8211; \u0160PF<\/li>\n<\/ul>\n<p><strong><span style=\"text-decoration: underline\">O\u0160 Franja Malgaja \u0160entjur EKIPNO PLES <\/span><br \/>\n<\/strong><\/p>\n<ul>\n<li>5. mesto EKIPNO na Finalu prvenstva Slovenije v PLESU &#8211; \u0160PF (Kova\u010di\u0107 Maja, Artnak Ne\u017ea, Tarasova Aleksandra, Margu\u010d Ma\u0161a, Rossi Taja, Palir Mavri\u010d Sara)<\/li>\n<\/ul>\n<h3 style=\"text-align: center\">&nbsp;<\/h3>\n<h3 style=\"text-align: center\">&nbsp;<\/h3>\n<h3 style=\"text-align: center\"><span style=\"color: #0000ff\"><strong>\u0160olsko leto 2015 &#8211; 2016<\/strong><\/span><\/h3>\n<p><span style=\"text-decoration: underline\"><strong>PIA PAVLETI\u0106<br \/>\n<\/strong><\/span><\/p>\n<ul>\n<li>5. mesto Prvenstvo Slovenije v JUDU&nbsp; za O\u0160 (do 52kg)<\/li>\n<\/ul>\n<p>&nbsp;<\/p>\n<p><span style=\"text-decoration: underline\"><strong>NIK GOLEJ<br \/>\n<\/strong><\/span><\/p>\n<ul>\n<li>4. mesto Prvenstvo Slovenije v \u0160PORTNEM PLEZANJU&nbsp; za O\u0160 (de\u010dki 8., 9. razred &#8211; licencirani)<\/li>\n<\/ul>\n<p>&nbsp;<\/p>\n<p><span style=\"text-decoration: underline\"><strong>MAJA POLAK<br \/>\n<\/strong><\/span><\/p>\n<ul>\n<li>4. mesto Prvenstvo Slovenije v CESTNEM TEKU za O\u0160 &#8211; Ljubljanski maraton (deklice 9. razred 2100m)<\/li>\n<\/ul>\n<h3 style=\"text-align: center\">&nbsp;<\/h3>\n<p>&nbsp;<\/p>\n<h3 style=\"text-align: center\"><span style=\"color: #0000ff\"><strong>\u0160olsko leto 2014 &#8211; 2015<\/strong><\/span><\/h3>\n<p><span style=\"text-decoration: underline\"><strong>MAJA POLAK<\/strong><\/span><\/p>\n<div id=\"attachment_356\" style=\"width: 210px\" class=\"wp-caption aligncenter\"><a href=\"http:\/\/osfm-sport.splet.arnes.si\/files\/2015\/08\/maja.jpeg\"><img loading=\"lazy\" decoding=\"async\" aria-describedby=\"caption-attachment-356\" class=\"wp-image-356 size-medium\" src=\"http:\/\/osfm-sport.splet.arnes.si\/files\/2015\/08\/maja-200x300.jpeg\" alt=\"\" width=\"200\" height=\"300\" srcset=\"https:\/\/sport.fmalgaja.si\/files\/2015\/08\/maja-200x300.jpeg 200w, https:\/\/sport.fmalgaja.si\/files\/2015\/08\/maja-684x1024.jpeg 684w, https:\/\/sport.fmalgaja.si\/files\/2015\/08\/maja.jpeg 855w\" sizes=\"(max-width: 200px) 100vw, 200px\" \/><\/a><p id=\"caption-attachment-356\" class=\"wp-caption-text\">MAJA POLAK<\/p><\/div>\n<ul>\n<li>1. mesto Prvenstvo Slovenije v KROSU za O\u0160 (deklice 8. razred 1000m)<\/li>\n<li>3. mesto Prvenstvo Slovenije v CESTNEM TEKU za O\u0160 &#8211; Ljubljanski maraton (deklice 8. razred 2100m)<\/li>\n<\/ul>\n<p>&nbsp;<\/p>\n<p>&nbsp;<\/p>\n<p><span style=\"text-decoration: underline\"><strong>NIK GOLEJ<br \/>\n<\/strong><\/span><\/p>\n<div id=\"attachment_359\" style=\"width: 235px\" class=\"wp-caption aligncenter\"><a href=\"http:\/\/osfm-sport.splet.arnes.si\/files\/2015\/08\/nik-prvak2.jpg\"><img loading=\"lazy\" decoding=\"async\" aria-describedby=\"caption-attachment-359\" class=\"wp-image-359 size-medium\" src=\"http:\/\/osfm-sport.splet.arnes.si\/files\/2015\/08\/nik-prvak2-225x300.jpg\" alt=\"NIK GOLEJ\" width=\"225\" height=\"300\" srcset=\"https:\/\/sport.fmalgaja.si\/files\/2015\/08\/nik-prvak2-225x300.jpg 225w, https:\/\/sport.fmalgaja.si\/files\/2015\/08\/nik-prvak2.jpg 553w\" sizes=\"(max-width: 225px) 100vw, 225px\" \/><\/a><p id=\"caption-attachment-359\" class=\"wp-caption-text\">NIK GOLEJ (v sredini)<\/p><\/div>\n<ul>\n<li>1. mesto Prvenstvo Slovenije v \u0160PORTNEM PLEZANJU&nbsp; za O\u0160 (de\u010dki 8., 9. razred)<\/li>\n<\/ul>\n<p>&nbsp;<\/p>\n<p><span style=\"text-decoration: underline\"><strong>\u017dIGA OZEBEK<br \/>\n<\/strong><\/span><\/p>\n<div id=\"attachment_364\" style=\"width: 190px\" class=\"wp-caption aligncenter\"><a href=\"http:\/\/osfm-sport.splet.arnes.si\/files\/2015\/08\/20150309_141304.jpg\"><img loading=\"lazy\" decoding=\"async\" aria-describedby=\"caption-attachment-364\" class=\"wp-image-364 size-medium\" src=\"http:\/\/osfm-sport.splet.arnes.si\/files\/2015\/08\/20150309_141304-180x300.jpg\" alt=\"\u017dIGA OZEBEK\" width=\"180\" height=\"300\" srcset=\"https:\/\/sport.fmalgaja.si\/files\/2015\/08\/20150309_141304-180x300.jpg 180w, https:\/\/sport.fmalgaja.si\/files\/2015\/08\/20150309_141304-614x1024.jpg 614w, https:\/\/sport.fmalgaja.si\/files\/2015\/08\/20150309_141304-1080x1800.jpg 1080w, https:\/\/sport.fmalgaja.si\/files\/2015\/08\/20150309_141304.jpg 1536w\" sizes=\"(max-width: 180px) 100vw, 180px\" \/><\/a><p id=\"caption-attachment-364\" class=\"wp-caption-text\">\u017dIGA OZEBEK<\/p><\/div>\n<ul>\n<li>1. mesto Prvenstvo Slovenije v DESKANJU NA SNEGU&nbsp; za O\u0160 (de\u010dki 8., 9. razred)<\/li>\n<\/ul>\n<p>&nbsp;<\/p>\n<p>&nbsp;<\/p>\n","protected":false},"excerpt":{"rendered":"<p>\u0160olsko leto 2025 &#8211; 2026 TINKARA GAJ\u0160EK 1. mesto Prvenstvo Slovenije v KROSU za O\u0160 (deklice 8. razred 1000m) &nbsp; TINKARA GAJ\u0160EK 3. mesto Prvenstvo Slovenije v CESTNEM TEKU za O\u0160 (deklice 8. razred 1500m) &nbsp; \u0160olsko leto 2024 &#8211; 2025 TINKARA GAJ\u0160EK 1. mesto Prvenstvo Slovenije v KROSU za O\u0160 (deklice 7. razred 1000m) [&hellip;]<\/p>\n","protected":false},"author":4407,"featured_media":0,"parent":0,"menu_order":4,"comment_status":"closed","ping_status":"closed","template":"","meta":{"_et_pb_use_builder":"","_et_pb_old_content":"","_et_gb_content_width":"","ngg_post_thumbnail":0,"footnotes":"","_expiration-date-status":"","_expiration-date":0,"_expiration-date-type":"","_expiration-date-categories":[],"_expiration-date-options":[]},"class_list":["post-11","page","type-page","status-publish","hentry"],"_links":{"self":[{"href":"https:\/\/sport.fmalgaja.si\/index.php?rest_route=\/wp\/v2\/pages\/11","targetHints":{"allow":["GET"]}}],"collection":[{"href":"https:\/\/sport.fmalgaja.si\/index.php?rest_route=\/wp\/v2\/pages"}],"about":[{"href":"https:\/\/sport.fmalgaja.si\/index.php?rest_route=\/wp\/v2\/types\/page"}],"author":[{"embeddable":true,"href":"https:\/\/sport.fmalgaja.si\/index.php?rest_route=\/wp\/v2\/users\/4407"}],"replies":[{"embeddable":true,"href":"https:\/\/sport.fmalgaja.si\/index.php?rest_route=%2Fwp%2Fv2%2Fcomments&post=11"}],"version-history":[{"count":15,"href":"https:\/\/sport.fmalgaja.si\/index.php?rest_route=\/wp\/v2\/pages\/11\/revisions"}],"predecessor-version":[{"id":6520,"href":"https:\/\/sport.fmalgaja.si\/index.php?rest_route=\/wp\/v2\/pages\/11\/revisions\/6520"}],"wp:attachment":[{"href":"https:\/\/sport.fmalgaja.si\/index.php?rest_route=%2Fwp%2Fv2%2Fmedia&parent=11"}],"curies":[{"name":"wp","href":"https:\/\/api.w.org\/{rel}","templated":true}]}}